{"id":115,"date":"2017-05-23T13:26:18","date_gmt":"2017-05-23T13:26:18","guid":{"rendered":"http:\/\/www.sutequim.com\/?page_id=115"},"modified":"2017-05-23T13:26:18","modified_gmt":"2017-05-23T13:26:18","slug":"removedores-de-brea-y-petroleo","status":"publish","type":"page","link":"https:\/\/sutequim.com\/?page_id=115","title":{"rendered":"REMOVEDORES DE BREA Y PETROLEO"},"content":{"rendered":"<h4><img loading=\"lazy\" decoding=\"async\" class=\"size-full wp-image-494 alignright\" src=\"https:\/\/sutequim.com\/wp-content\/uploads\/2017\/05\/remocedor-de-brea-y-petrole-1.jpg\" alt=\"\" width=\"250\" height=\"250\" \/>Caracter\u00edsticas:<\/h4>\n<ul>\n<li style=\"text-align: justify;\">Es un producto removedor de brea, asfalto y alquitr\u00e1n, su nueva formulaci\u00f3n Biodegradable, es de gran utilidad para el desengrase de motores, equipos en plantas procesadoras de asfalto y en la remoci\u00f3n de fuertes dep\u00f3sitos de grasas adheridos a equipos y plantas industriales.<\/li>\n<li style=\"text-align: justify;\">Disminuye los costos de limpieza al reducir las horas hombres en las labores de mantenimiento, disolviendo r\u00e1pidamente los dep\u00f3sitos de brea y asfalto en una acci\u00f3n r\u00e1pida, con aplicaci\u00f3n de agua a presi\u00f3n.<\/li>\n<li style=\"text-align: justify;\">Su acci\u00f3n emulsificadora le permite ser usado con gran facilidad en los procesos de limpieza de equipos, sin atacar la piel ni la pintura.<\/li>\n<\/ul>\n<h4>Usos:<\/h4>\n<ul>\n<li style=\"text-align: justify;\">Para remover brea, asfalto o alquitr\u00e1n, mezcle (1) parte del producto en (3) partes de Keros\u00e9n, gasoil o esp\u00edritus minerales.<\/li>\n<li style=\"text-align: justify;\">Para operaciones de desengrase mezcle (1) parte del producto en (8) o (10) de Keros\u00e9n, gasoil o esp\u00edritus minerales, de igual forma se deber\u00e1 aplicar en equipos y maquinarias industriales. Tambi\u00e9n puede mezclarse con agua, pero en proporci\u00f3n menor, (1) parte del producto en (2) de agua.<\/li>\n<\/ul>\n<p><img loading=\"lazy\" decoding=\"async\" class=\"alignnone size-full wp-image-495\" src=\"https:\/\/sutequim.com\/wp-content\/uploads\/2017\/05\/tabla-brea-1.jpg\" alt=\"\" width=\"616\" height=\"146\" \/><\/p>\n<p style=\"text-align: justify;\"><strong>\u00a0<\/strong>APLICACI\u00d3N: Despu\u00e9s de aplicar el producto al equipo o \u00e1rea afectada, deje en contacto con la superficie por un espacio de 5 a 10 minutos, luego aplique agua a presi\u00f3n.<\/p>\n<h4 style=\"text-align: justify;\">Precauciones:<\/h4>\n<ul>\n<li style=\"text-align: justify;\">Puede ser da\u00f1ino si se ingiere.<\/li>\n<li style=\"text-align: justify;\">Ev\u00edtese el contacto prolongado con la piel y los ojos, en caso de irritaci\u00f3n, l\u00e1vese con abundante agua.<\/li>\n<li style=\"text-align: justify;\">Mant\u00e9ngase el envase bien cerrado y a temperatura ambiente, alejado del fuego directo o temperatura elevada.<\/li>\n<\/ul>\n","protected":false},"excerpt":{"rendered":"<p>Caracter\u00edsticas: Es un producto removedor de brea, asfalto y alquitr\u00e1n, su nueva formulaci\u00f3n Biodegradable, es de gran utilidad para el desengrase de motores, equipos en plantas procesadoras de asfalto y en la remoci\u00f3n de fuertes dep\u00f3sitos de grasas adheridos a equipos y plantas industriales. Disminuye los costos de limpieza al&#8230;<\/p>\n<p> <a class=\"continue-reading-link\" href=\"https:\/\/sutequim.com\/?page_id=115\"><span>Continue reading<\/span><i class=\"crycon-right-dir\"><\/i><\/a> <\/p>\n","protected":false},"author":8,"featured_media":0,"parent":14,"menu_order":0,"comment_status":"closed","ping_status":"closed","template":"","meta":{"footnotes":""},"class_list":["post-115","page","type-page","status-publish","hentry"],"_links":{"self":[{"href":"https:\/\/sutequim.com\/index.php?rest_route=\/wp\/v2\/pages\/115","targetHints":{"allow":["GET"]}}],"collection":[{"href":"https:\/\/sutequim.com\/index.php?rest_route=\/wp\/v2\/pages"}],"about":[{"href":"https:\/\/sutequim.com\/index.php?rest_route=\/wp\/v2\/types\/page"}],"author":[{"embeddable":true,"href":"https:\/\/sutequim.com\/index.php?rest_route=\/wp\/v2\/users\/8"}],"replies":[{"embeddable":true,"href":"https:\/\/sutequim.com\/index.php?rest_route=%2Fwp%2Fv2%2Fcomments&post=115"}],"version-history":[{"count":0,"href":"https:\/\/sutequim.com\/index.php?rest_route=\/wp\/v2\/pages\/115\/revisions"}],"up":[{"embeddable":true,"href":"https:\/\/sutequim.com\/index.php?rest_route=\/wp\/v2\/pages\/14"}],"wp:attachment":[{"href":"https:\/\/sutequim.com\/index.php?rest_route=%2Fwp%2Fv2%2Fmedia&parent=115"}],"curies":[{"name":"wp","href":"https:\/\/api.w.org\/{rel}","templated":true}]}}