{"id":12,"date":"2017-05-02T12:16:37","date_gmt":"2017-05-02T12:16:37","guid":{"rendered":"http:\/\/www.sutequim.com\/?page_id=12"},"modified":"2017-05-02T12:16:37","modified_gmt":"2017-05-02T12:16:37","slug":"la-empresa","status":"publish","type":"page","link":"https:\/\/sutequim.com\/","title":{"rendered":"La Empresa"},"content":{"rendered":"<p><img loading=\"lazy\" decoding=\"async\" class=\"size-large wp-image-379 alignnone\" src=\"http:\/\/www.sutequim.com\/wp-content\/uploads\/2017\/05\/cabecera-twitter-1024x341.jpg\" alt=\"\" width=\"900\" height=\"300\" srcset=\"https:\/\/sutequim.com\/wp-content\/uploads\/2017\/05\/cabecera-twitter-1024x341.jpg 1024w, https:\/\/sutequim.com\/wp-content\/uploads\/2017\/05\/cabecera-twitter-300x100.jpg 300w, https:\/\/sutequim.com\/wp-content\/uploads\/2017\/05\/cabecera-twitter-768x256.jpg 768w, https:\/\/sutequim.com\/wp-content\/uploads\/2017\/05\/cabecera-twitter-1200x400.jpg 1200w, https:\/\/sutequim.com\/wp-content\/uploads\/2017\/05\/cabecera-twitter.jpg 1500w\" sizes=\"auto, (max-width: 900px) 100vw, 900px\" \/><\/p>\n<p style=\"text-align: justify;\">Somos una empresa dedicada a la venta de productos qu\u00edmicos para mantenimiento industrial desde 1988, contamos con el aval de nuestra experiencia y un compromiso con la calidad.<\/p>\n<p style=\"text-align: justify;\">Nuestra fortaleza es brindar a nuestros clientes un excelente servicio post ventas, en el cual reciben asesor\u00edas en todo lo concerniente a diluciones, as\u00ed como \u00e1reas de uso, generando un ahorro en producto y garantizando su calidad.<\/p>\n<p>LINEA DE PRODUCTOS<\/p>\n<ul>\n<li>Ceras y selladores<\/li>\n<li>Desengrasantes y descarbonizantes<\/li>\n<li>Desincrustantes de concreto<\/li>\n<li>Desinfectantes<\/li>\n<li>Desoxidantes y anticorrosivos<\/li>\n<li>Detergentes y jabones l\u00edquidos<\/li>\n<li>Limpiadores de manos<\/li>\n<li>Limpiadores de serpentines y aluminio<\/li>\n<li>Limpieza general<\/li>\n<li>Refrigerante de radiadores<\/li>\n<li>Refrigerante para torno y fresadora<\/li>\n<li>Removedores de brea y petr\u00f3leo<\/li>\n<li>Solventes diel\u00e9ctricos<\/li>\n<li>Tratamiento de agua \/ Chillers<\/li>\n<\/ul>\n","protected":false},"excerpt":{"rendered":"<p>Somos una empresa dedicada a la venta de productos qu\u00edmicos para mantenimiento industrial desde 1988, contamos con el aval de nuestra experiencia y un compromiso con la calidad. Nuestra fortaleza es brindar a nuestros clientes un excelente servicio post ventas, en el cual reciben asesor\u00edas en todo lo concerniente a&#8230;<\/p>\n<p> <a class=\"continue-reading-link\" href=\"https:\/\/sutequim.com\/\"><span>Continue reading<\/span><i class=\"crycon-right-dir\"><\/i><\/a> <\/p>\n","protected":false},"author":8,"featured_media":0,"parent":0,"menu_order":0,"comment_status":"closed","ping_status":"open","template":"","meta":{"footnotes":""},"class_list":["post-12","page","type-page","status-publish","hentry"],"_links":{"self":[{"href":"https:\/\/sutequim.com\/index.php?rest_route=\/wp\/v2\/pages\/12","targetHints":{"allow":["GET"]}}],"collection":[{"href":"https:\/\/sutequim.com\/index.php?rest_route=\/wp\/v2\/pages"}],"about":[{"href":"https:\/\/sutequim.com\/index.php?rest_route=\/wp\/v2\/types\/page"}],"author":[{"embeddable":true,"href":"https:\/\/sutequim.com\/index.php?rest_route=\/wp\/v2\/users\/8"}],"replies":[{"embeddable":true,"href":"https:\/\/sutequim.com\/index.php?rest_route=%2Fwp%2Fv2%2Fcomments&post=12"}],"version-history":[{"count":0,"href":"https:\/\/sutequim.com\/index.php?rest_route=\/wp\/v2\/pages\/12\/revisions"}],"wp:attachment":[{"href":"https:\/\/sutequim.com\/index.php?rest_route=%2Fwp%2Fv2%2Fmedia&parent=12"}],"curies":[{"name":"wp","href":"https:\/\/api.w.org\/{rel}","templated":true}]}}