{"id":142,"date":"2017-05-26T11:58:14","date_gmt":"2017-05-26T11:58:14","guid":{"rendered":"http:\/\/www.sutequim.com\/?page_id=142"},"modified":"2020-09-16T15:18:06","modified_gmt":"2020-09-16T15:18:06","slug":"cera-acrilica-para-pisos","status":"publish","type":"page","link":"https:\/\/sutequim.com\/?page_id=142","title":{"rendered":"CERA ACRILICA PARA PISOS"},"content":{"rendered":"<h4><strong><img loading=\"lazy\" decoding=\"async\" class=\"size-full wp-image-249 alignright\" src=\"https:\/\/sutequim.com\/wp-content\/uploads\/2017\/05\/cera-acrilica.jpg\" alt=\"\" width=\"250\" height=\"250\" srcset=\"https:\/\/sutequim.com\/wp-content\/uploads\/2017\/05\/cera-acrilica.jpg 250w, https:\/\/sutequim.com\/wp-content\/uploads\/2017\/05\/cera-acrilica-150x150.jpg 150w\" sizes=\"auto, (max-width: 250px) 100vw, 250px\" \/><\/strong>Caracter\u00edsticas:<\/h4>\n<ul>\n<li style=\"text-align: justify;\">Es una cera basada en emulsiones polim\u00e9ricas, dispersiones estirenoacrilicas y polietil\u00e9nicas, as\u00ed como agentes plastificantes y reticulantes, especialmente formulada para ser utilizada en sitios de mucho trafico, en pisos de edificios p\u00fablicos, en escuelas, plantas industriales. Hospitales, oficinas, hoteles y centros comerciales.<\/li>\n<li style=\"text-align: justify;\">Cubre los pisos con un acabado semipermanente y de un brillo superior, dejando una pel\u00edcula resistente al sucio y a los rayones.<\/li>\n<li style=\"text-align: justify;\">Es antiresbalante y su apariencia no se deteriora con el tr\u00e1fico continuo, lo cual le confiere mayor durabilidad.<\/li>\n<\/ul>\n<h4>Beneficios:<\/h4>\n<ul>\n<li>Mayor brillo y resistencia a las pisadas y el agua, ofrece mayor resistencia a los detergentes.<\/li>\n<li>Contiene agregados moleculares mayores que le confiere m\u00e1s dureza a la pel\u00edcula.<\/li>\n<li>Efecto antirresbalante.<\/li>\n<li>Facilidad de aplicaci\u00f3n y distribuci\u00f3n en pisos de m\u00e1rmol y gres.<\/li>\n<\/ul>\n<h4>Aplicaci\u00f3n y recomendaci\u00f3n para su uso:<\/h4>\n<p>Puede ser usada en cualquier tipo de pisos, granito, m\u00e1rmol vinil, pl\u00e1stico o cemento.<\/p>\n<ul>\n<li style=\"text-align: justify;\">Quitar todo resto de ceras viejas con nuestro removedor de ceras.<\/li>\n<li style=\"text-align: justify;\">Enjuagar bien el \u00e1rea de aplicaci\u00f3n, aplique una capa fina con un encerador, mopa o pa\u00f1o, deje secar por 30 minutos y aplique una segunda capa.<\/li>\n<li style=\"text-align: justify;\">Si desea un brillo m\u00e1s intenso, a\u00f1ada una capa adicional y pula con pulidora.<\/li>\n<li style=\"text-align: justify;\">Mantenimiento de rutina: Pase una mopa h\u00fameda y luego pase la pulidora.<\/li>\n<\/ul>\n<p style=\"text-align: justify;\"><strong>\u00a0PRECAUCIONES:<\/strong> Mantenga el envase bien cerrado despu\u00e9s de usarlo, para evitar su contaminaci\u00f3n y almacenarlo en un sitio seguro.<\/p>\n<p style=\"text-align: justify;\">\n","protected":false},"excerpt":{"rendered":"<p>Caracter\u00edsticas: Es una cera basada en emulsiones polim\u00e9ricas, dispersiones estirenoacrilicas y polietil\u00e9nicas, as\u00ed como agentes plastificantes y reticulantes, especialmente formulada para ser utilizada en sitios de mucho trafico, en pisos de edificios p\u00fablicos, en escuelas, plantas industriales. Hospitales, oficinas, hoteles y centros comerciales. Cubre los pisos con un acabado semipermanente&#8230;<\/p>\n<p> <a class=\"continue-reading-link\" href=\"https:\/\/sutequim.com\/?page_id=142\"><span>Continue reading<\/span><i class=\"crycon-right-dir\"><\/i><\/a> <\/p>\n","protected":false},"author":8,"featured_media":0,"parent":119,"menu_order":0,"comment_status":"closed","ping_status":"closed","template":"","meta":{"footnotes":""},"class_list":["post-142","page","type-page","status-publish","hentry"],"_links":{"self":[{"href":"https:\/\/sutequim.com\/index.php?rest_route=\/wp\/v2\/pages\/142","targetHints":{"allow":["GET"]}}],"collection":[{"href":"https:\/\/sutequim.com\/index.php?rest_route=\/wp\/v2\/pages"}],"about":[{"href":"https:\/\/sutequim.com\/index.php?rest_route=\/wp\/v2\/types\/page"}],"author":[{"embeddable":true,"href":"https:\/\/sutequim.com\/index.php?rest_route=\/wp\/v2\/users\/8"}],"replies":[{"embeddable":true,"href":"https:\/\/sutequim.com\/index.php?rest_route=%2Fwp%2Fv2%2Fcomments&post=142"}],"version-history":[{"count":1,"href":"https:\/\/sutequim.com\/index.php?rest_route=\/wp\/v2\/pages\/142\/revisions"}],"predecessor-version":[{"id":663,"href":"https:\/\/sutequim.com\/index.php?rest_route=\/wp\/v2\/pages\/142\/revisions\/663"}],"up":[{"embeddable":true,"href":"https:\/\/sutequim.com\/index.php?rest_route=\/wp\/v2\/pages\/119"}],"wp:attachment":[{"href":"https:\/\/sutequim.com\/index.php?rest_route=%2Fwp%2Fv2%2Fmedia&parent=142"}],"curies":[{"name":"wp","href":"https:\/\/api.w.org\/{rel}","templated":true}]}}