{"id":144,"date":"2017-05-26T11:59:50","date_gmt":"2017-05-26T11:59:50","guid":{"rendered":"http:\/\/www.sutequim.com\/?page_id=144"},"modified":"2020-09-16T15:19:00","modified_gmt":"2020-09-16T15:19:00","slug":"removedor-de-cera-para-pisos","status":"publish","type":"page","link":"https:\/\/sutequim.com\/?page_id=144","title":{"rendered":"REMOVEDOR DE CERA PARA PISOS"},"content":{"rendered":"<h4><img loading=\"lazy\" decoding=\"async\" class=\"size-full wp-image-444 alignright\" src=\"https:\/\/sutequim.com\/wp-content\/uploads\/2017\/05\/removedor-de-cera.jpg\" alt=\"\" width=\"250\" height=\"250\" srcset=\"https:\/\/sutequim.com\/wp-content\/uploads\/2017\/05\/removedor-de-cera.jpg 250w, https:\/\/sutequim.com\/wp-content\/uploads\/2017\/05\/removedor-de-cera-150x150.jpg 150w\" sizes=\"auto, (max-width: 250px) 100vw, 250px\" \/>Caracter\u00edsticas:<\/h4>\n<ul>\n<li style=\"text-align: justify;\">Limpiador de superficies, concentrado, alcalino basado en agua. <strong>BIODEGARABLE<\/strong><\/li>\n<li style=\"text-align: justify;\">Seguro, no es inflamable, sin vapores t\u00f3xicos y sin punto de inflamaci\u00f3n.<\/li>\n<li style=\"text-align: justify;\">Es una combinaci\u00f3n de agentes humectantes, disolventes desarrollados con componentes alcalinos, que remueven la grasa, cera, aceite y el sucio. Cada uno de los componentes han sido seleccionados por su capacidad de remover ceras y selladores sobre cualquier tipo de pisos.<\/li>\n<li style=\"text-align: justify;\">Penetra r\u00e1pidamente en manchas grasosas y aceitosas, removi\u00e9ndolas con gran facilidad dejando las superficies libres de grasas.<\/li>\n<\/ul>\n<h4>Usos:<\/h4>\n<ul>\n<li style=\"text-align: justify;\">Puede aplicarse con rociador o mopa.<\/li>\n<li style=\"text-align: justify;\">Para remover cera, dil\u00fayalo en 10 partes de agua por cada parte del producto, dej\u00e1ndolo actuar por 10 minutos, luego frote con cepillo y enjuague.<\/li>\n<li style=\"text-align: justify;\">Para limpiar pisos, equipos, paredes y superficies pl\u00e1sticas, dil\u00fayalo en 20 partes de agua.<\/li>\n<\/ul>\n<h4>Precauciones:<\/h4>\n<ul>\n<li>Mant\u00e9ngase fuera del alcance de los ni\u00f1os contiene \u00e1lcalis.<\/li>\n<li>Evite el contacto con los ojos.<\/li>\n<\/ul>\n","protected":false},"excerpt":{"rendered":"<p>Caracter\u00edsticas: Limpiador de superficies, concentrado, alcalino basado en agua. BIODEGARABLE Seguro, no es inflamable, sin vapores t\u00f3xicos y sin punto de inflamaci\u00f3n. Es una combinaci\u00f3n de agentes humectantes, disolventes desarrollados con componentes alcalinos, que remueven la grasa, cera, aceite y el sucio. Cada uno de los componentes han sido seleccionados&#8230;<\/p>\n<p> <a class=\"continue-reading-link\" href=\"https:\/\/sutequim.com\/?page_id=144\"><span>Continue reading<\/span><i class=\"crycon-right-dir\"><\/i><\/a> <\/p>\n","protected":false},"author":8,"featured_media":0,"parent":119,"menu_order":0,"comment_status":"closed","ping_status":"closed","template":"","meta":{"footnotes":""},"class_list":["post-144","page","type-page","status-publish","hentry"],"_links":{"self":[{"href":"https:\/\/sutequim.com\/index.php?rest_route=\/wp\/v2\/pages\/144","targetHints":{"allow":["GET"]}}],"collection":[{"href":"https:\/\/sutequim.com\/index.php?rest_route=\/wp\/v2\/pages"}],"about":[{"href":"https:\/\/sutequim.com\/index.php?rest_route=\/wp\/v2\/types\/page"}],"author":[{"embeddable":true,"href":"https:\/\/sutequim.com\/index.php?rest_route=\/wp\/v2\/users\/8"}],"replies":[{"embeddable":true,"href":"https:\/\/sutequim.com\/index.php?rest_route=%2Fwp%2Fv2%2Fcomments&post=144"}],"version-history":[{"count":1,"href":"https:\/\/sutequim.com\/index.php?rest_route=\/wp\/v2\/pages\/144\/revisions"}],"predecessor-version":[{"id":664,"href":"https:\/\/sutequim.com\/index.php?rest_route=\/wp\/v2\/pages\/144\/revisions\/664"}],"up":[{"embeddable":true,"href":"https:\/\/sutequim.com\/index.php?rest_route=\/wp\/v2\/pages\/119"}],"wp:attachment":[{"href":"https:\/\/sutequim.com\/index.php?rest_route=%2Fwp%2Fv2%2Fmedia&parent=144"}],"curies":[{"name":"wp","href":"https:\/\/api.w.org\/{rel}","templated":true}]}}