{"id":146,"date":"2017-05-26T12:02:30","date_gmt":"2017-05-26T12:02:30","guid":{"rendered":"http:\/\/www.sutequim.com\/?page_id=146"},"modified":"2017-05-26T12:02:30","modified_gmt":"2017-05-26T12:02:30","slug":"sellador-de-pisos-industriales","status":"publish","type":"page","link":"https:\/\/sutequim.com\/?page_id=146","title":{"rendered":"SELLADOR DE PISOS INDUSTRIALES"},"content":{"rendered":"<h4><img loading=\"lazy\" decoding=\"async\" class=\"size-full wp-image-447 alignright\" src=\"https:\/\/sutequim.com\/wp-content\/uploads\/2017\/05\/sellador-de-pisos-industria.jpg\" alt=\"\" width=\"250\" height=\"250\" srcset=\"https:\/\/sutequim.com\/wp-content\/uploads\/2017\/05\/sellador-de-pisos-industria.jpg 250w, https:\/\/sutequim.com\/wp-content\/uploads\/2017\/05\/sellador-de-pisos-industria-150x150.jpg 150w\" sizes=\"auto, (max-width: 250px) 100vw, 250px\" \/>Caracter\u00edsticas:<\/h4>\n<ul>\n<li style=\"text-align: justify;\">La formulaci\u00f3n del producto con la base de resinas acr\u00edlicas y solventes aceleradores de secado, lo convierten en un producto de f\u00e1cil aplicaci\u00f3n para la protecci\u00f3n de concreto, madera, terrazo o vinil.<\/li>\n<li style=\"text-align: justify;\">Su alta resistencia ayuda a proteger los pisos de concreto del desgaste normal, producido por el roce continuo del transito de personas o equipos mec\u00e1nicos, lo cual ocasiona en la mayor\u00eda de los casos exceso de polvo en las \u00e1reas de trabajo o dep\u00f3sitos.<\/li>\n<li style=\"text-align: justify;\">Evita la absorci\u00f3n de l\u00edquidos, protegiendo los pisos contra posibles derrames de productos \u00e1cidos, alcalinos o aceites y grasa que pudieran da\u00f1arlos.<\/li>\n<li style=\"text-align: justify;\">Viene listo para ser usado, se adhiere f\u00e1cilmente dejando una pel\u00edcula muy resistente. El rendimiento aproximado por litro es de 10 a 12 Mts2.<\/li>\n<li style=\"text-align: justify;\">Puede ser aplicado en almacenes, dep\u00f3sitos, estacionamientos, garajes, pisos de talleres industriales, mec\u00e1nicos, gimnasios y otros pisos que requieran una protecci\u00f3n mayor.<\/li>\n<\/ul>\n<h4><strong>Aplicaci\u00f3n:<\/strong><\/h4>\n<p>Pisos de concreto &#8211; cemento \u2013 terrazo:<\/p>\n<ul>\n<li style=\"text-align: justify;\">Eliminar todo tipo de sucio o grasa adherido al piso, usando un detergente fuerte alcalino. Despu\u00e9s de limpiar, permita un buen secado para evitar la humedad, luego con un aplicador o brocha extienda una fina capa, deje secar por dos horas y aplique una segunda capa.<\/li>\n<\/ul>\n<p>Pisos de madera:<\/p>\n<ul>\n<li style=\"text-align: justify;\">Limpie profundamente y elimine el exceso de sucio o grasa adherido al piso, si el piso no es nuevo lije la superficie hasta lograr quitar todo tipo de residuos que pudieran impedir una buena fijaci\u00f3n del sellador, despu\u00e9s aplique una capa fina con brocha, deje secar por dos horas para una segunda capa.<\/li>\n<\/ul>\n<p>Pisos de lin\u00f3leo:<\/p>\n<ul>\n<li style=\"text-align: justify;\">Elimine todo tipo de sucio y grasa y aplique una fina capa, deje secar por dos horas antes de una segunda aplicaci\u00f3n. Para este tipo de pisos es importante tomar en consideraci\u00f3n que no est\u00e9n sumamente da\u00f1ados.<\/li>\n<\/ul>\n<h4><strong>Precauciones:<\/strong><\/h4>\n<p style=\"text-align: justify;\">Despu\u00e9s de usar el producto mantenga el envase bien cerrado, evitara la\u00a0 evaporaci\u00f3n de los solventes y el endurecimiento del producto.<\/p>\n","protected":false},"excerpt":{"rendered":"<p>Caracter\u00edsticas: La formulaci\u00f3n del producto con la base de resinas acr\u00edlicas y solventes aceleradores de secado, lo convierten en un producto de f\u00e1cil aplicaci\u00f3n para la protecci\u00f3n de concreto, madera, terrazo o vinil. Su alta resistencia ayuda a proteger los pisos de concreto del desgaste normal, producido por el roce&#8230;<\/p>\n<p> <a class=\"continue-reading-link\" href=\"https:\/\/sutequim.com\/?page_id=146\"><span>Continue reading<\/span><i class=\"crycon-right-dir\"><\/i><\/a> <\/p>\n","protected":false},"author":8,"featured_media":0,"parent":119,"menu_order":0,"comment_status":"closed","ping_status":"closed","template":"","meta":{"footnotes":""},"class_list":["post-146","page","type-page","status-publish","hentry"],"_links":{"self":[{"href":"https:\/\/sutequim.com\/index.php?rest_route=\/wp\/v2\/pages\/146","targetHints":{"allow":["GET"]}}],"collection":[{"href":"https:\/\/sutequim.com\/index.php?rest_route=\/wp\/v2\/pages"}],"about":[{"href":"https:\/\/sutequim.com\/index.php?rest_route=\/wp\/v2\/types\/page"}],"author":[{"embeddable":true,"href":"https:\/\/sutequim.com\/index.php?rest_route=\/wp\/v2\/users\/8"}],"replies":[{"embeddable":true,"href":"https:\/\/sutequim.com\/index.php?rest_route=%2Fwp%2Fv2%2Fcomments&post=146"}],"version-history":[{"count":0,"href":"https:\/\/sutequim.com\/index.php?rest_route=\/wp\/v2\/pages\/146\/revisions"}],"up":[{"embeddable":true,"href":"https:\/\/sutequim.com\/index.php?rest_route=\/wp\/v2\/pages\/119"}],"wp:attachment":[{"href":"https:\/\/sutequim.com\/index.php?rest_route=%2Fwp%2Fv2%2Fmedia&parent=146"}],"curies":[{"name":"wp","href":"https:\/\/api.w.org\/{rel}","templated":true}]}}