{"id":151,"date":"2017-05-26T12:31:12","date_gmt":"2017-05-26T12:31:12","guid":{"rendered":"http:\/\/www.sutequim.com\/?page_id=151"},"modified":"2020-09-25T12:21:46","modified_gmt":"2020-09-25T12:21:46","slug":"desengrasante-acuoso-alcalino","status":"publish","type":"page","link":"https:\/\/sutequim.com\/?page_id=151","title":{"rendered":"DESENGRASANTE ACUOSO ALCALINO"},"content":{"rendered":"<h4><img loading=\"lazy\" decoding=\"async\" class=\"wp-image-348 size-thumbnail alignright\" src=\"https:\/\/sutequim.com\/wp-content\/uploads\/2017\/05\/desengransate-acuoso-alcalino-150x150.jpg\" alt=\"\" width=\"150\" height=\"150\" \/>Caracter\u00edsticas<\/h4>\n<ul>\n<li>Es un desengrasante acuoso y concentrado para la limpieza de equipos, maquinarias, herramientas, pisos y todo tipo de superficies.<\/li>\n<li>Deja una pel\u00edcula microsc\u00f3pica que proteje los metales, reduciendo la acumulaci\u00f3n de sucio y grasas, no es inflamable, no da\u00f1a pl\u00e1sticos y gomas, no es toxico.<\/li>\n<\/ul>\n<h4>Industria alimenticia:<\/h4>\n<ul>\n<li>Desengrasa de forma segura equipos, utensilios, pisos, tanto grasa animal como vegetal, no deja residuos, no es inflamable y enjuaga r\u00e1pidamente con m\u00ednima espuma<\/li>\n<\/ul>\n<h4>Industria metalmec\u00e1nica:<\/h4>\n<ul>\n<li>Prepara el metal para pintar removiendo capas de aceite y grasas.<\/li>\n<li>Limpieza de piezas y equipos, no deja residuos aceitosos.<\/li>\n<\/ul>\n<h4>Industria hotelera-restaurantes-hospitales:<\/h4>\n<ul>\n<li>Es de gran ayuda para el mantenimiento de cocinas industriales, para desengrasar campanas y filtros, en la limpieza de los bordes de las piscinas, pisos de estacionamientos.<\/li>\n<\/ul>\n<h4>Industria mar\u00edtima:<\/h4>\n<ul>\n<li>En la industria naviera puede ser empleado sobre cubiertas, salas de maquinas y en toda \u00e1rea donde se desee eliminar grasas u holl\u00edn. es un excelente desmanchador.<\/li>\n<\/ul>\n","protected":false},"excerpt":{"rendered":"<p>Caracter\u00edsticas Es un desengrasante acuoso y concentrado para la limpieza de equipos, maquinarias, herramientas, pisos y todo tipo de superficies. Deja una pel\u00edcula microsc\u00f3pica que proteje los metales, reduciendo la acumulaci\u00f3n de sucio y grasas, no es inflamable, no da\u00f1a pl\u00e1sticos y gomas, no es toxico. Industria alimenticia: Desengrasa de&#8230;<\/p>\n<p> <a class=\"continue-reading-link\" href=\"https:\/\/sutequim.com\/?page_id=151\"><span>Continue reading<\/span><i class=\"crycon-right-dir\"><\/i><\/a> <\/p>\n","protected":false},"author":8,"featured_media":0,"parent":91,"menu_order":0,"comment_status":"closed","ping_status":"closed","template":"","meta":{"footnotes":""},"class_list":["post-151","page","type-page","status-publish","hentry"],"_links":{"self":[{"href":"https:\/\/sutequim.com\/index.php?rest_route=\/wp\/v2\/pages\/151","targetHints":{"allow":["GET"]}}],"collection":[{"href":"https:\/\/sutequim.com\/index.php?rest_route=\/wp\/v2\/pages"}],"about":[{"href":"https:\/\/sutequim.com\/index.php?rest_route=\/wp\/v2\/types\/page"}],"author":[{"embeddable":true,"href":"https:\/\/sutequim.com\/index.php?rest_route=\/wp\/v2\/users\/8"}],"replies":[{"embeddable":true,"href":"https:\/\/sutequim.com\/index.php?rest_route=%2Fwp%2Fv2%2Fcomments&post=151"}],"version-history":[{"count":1,"href":"https:\/\/sutequim.com\/index.php?rest_route=\/wp\/v2\/pages\/151\/revisions"}],"predecessor-version":[{"id":681,"href":"https:\/\/sutequim.com\/index.php?rest_route=\/wp\/v2\/pages\/151\/revisions\/681"}],"up":[{"embeddable":true,"href":"https:\/\/sutequim.com\/index.php?rest_route=\/wp\/v2\/pages\/91"}],"wp:attachment":[{"href":"https:\/\/sutequim.com\/index.php?rest_route=%2Fwp%2Fv2%2Fmedia&parent=151"}],"curies":[{"name":"wp","href":"https:\/\/api.w.org\/{rel}","templated":true}]}}