{"id":153,"date":"2017-05-26T12:32:04","date_gmt":"2017-05-26T12:32:04","guid":{"rendered":"http:\/\/www.sutequim.com\/?page_id=153"},"modified":"2017-05-26T12:32:04","modified_gmt":"2017-05-26T12:32:04","slug":"desengrasante-para-maquinas-a-vapor","status":"publish","type":"page","link":"https:\/\/sutequim.com\/?page_id=153","title":{"rendered":"DESENGRASANTE PARA MAQUINAS A VAPOR"},"content":{"rendered":"<h4><img loading=\"lazy\" decoding=\"async\" class=\"size-full wp-image-409 alignright\" src=\"https:\/\/sutequim.com\/wp-content\/uploads\/2017\/05\/desengrasante-vapor.jpg\" alt=\"\" width=\"250\" height=\"250\" srcset=\"https:\/\/sutequim.com\/wp-content\/uploads\/2017\/05\/desengrasante-vapor.jpg 250w, https:\/\/sutequim.com\/wp-content\/uploads\/2017\/05\/desengrasante-vapor-150x150.jpg 150w\" sizes=\"auto, (max-width: 250px) 100vw, 250px\" \/>Caracter\u00edsticas:<\/h4>\n<p style=\"text-align: justify;\">Es un producto alcalino<strong>, Biodegradable<\/strong><strong>,<\/strong> altamente efectivo para la limpieza de metales con residuos de grasas, aceites y sucio adherido a las piezas o equipos de trabajo.<\/p>\n<p style=\"text-align: justify;\">El producto est\u00e1 formulado para trabajar en la limpieza con Maquinas a Vapor y por inmersi\u00f3n de una variedad de metales\u00a0 tales como: Aluminio, zinc, magnesio, cobre, titanio, hierro, bronce y acero. Tambi\u00e9n puede ser aplicado por aspersi\u00f3n a vapor o agua fr\u00eda a presi\u00f3n.<\/p>\n<p style=\"text-align: justify;\">Puede ser usado en m\u00e1quinas con circuitos cerrados para la limpieza a presi\u00f3n por recirculaci\u00f3n e inmersi\u00f3n. Es ideal en la limpieza ultras\u00f3nica de una gran variedad de metales.<\/p>\n","protected":false},"excerpt":{"rendered":"<p>Caracter\u00edsticas: Es un producto alcalino, Biodegradable, altamente efectivo para la limpieza de metales con residuos de grasas, aceites y sucio adherido a las piezas o equipos de trabajo. El producto est\u00e1 formulado para trabajar en la limpieza con Maquinas a Vapor y por inmersi\u00f3n de una variedad de metales\u00a0 tales&#8230;<\/p>\n<p> <a class=\"continue-reading-link\" href=\"https:\/\/sutequim.com\/?page_id=153\"><span>Continue reading<\/span><i class=\"crycon-right-dir\"><\/i><\/a> <\/p>\n","protected":false},"author":8,"featured_media":0,"parent":91,"menu_order":0,"comment_status":"closed","ping_status":"closed","template":"","meta":{"footnotes":""},"class_list":["post-153","page","type-page","status-publish","hentry"],"_links":{"self":[{"href":"https:\/\/sutequim.com\/index.php?rest_route=\/wp\/v2\/pages\/153","targetHints":{"allow":["GET"]}}],"collection":[{"href":"https:\/\/sutequim.com\/index.php?rest_route=\/wp\/v2\/pages"}],"about":[{"href":"https:\/\/sutequim.com\/index.php?rest_route=\/wp\/v2\/types\/page"}],"author":[{"embeddable":true,"href":"https:\/\/sutequim.com\/index.php?rest_route=\/wp\/v2\/users\/8"}],"replies":[{"embeddable":true,"href":"https:\/\/sutequim.com\/index.php?rest_route=%2Fwp%2Fv2%2Fcomments&post=153"}],"version-history":[{"count":0,"href":"https:\/\/sutequim.com\/index.php?rest_route=\/wp\/v2\/pages\/153\/revisions"}],"up":[{"embeddable":true,"href":"https:\/\/sutequim.com\/index.php?rest_route=\/wp\/v2\/pages\/91"}],"wp:attachment":[{"href":"https:\/\/sutequim.com\/index.php?rest_route=%2Fwp%2Fv2%2Fmedia&parent=153"}],"curies":[{"name":"wp","href":"https:\/\/api.w.org\/{rel}","templated":true}]}}