{"id":155,"date":"2017-05-26T12:33:00","date_gmt":"2017-05-26T12:33:00","guid":{"rendered":"http:\/\/www.sutequim.com\/?page_id=155"},"modified":"2017-05-26T12:33:00","modified_gmt":"2017-05-26T12:33:00","slug":"limpiador-desengrasante","status":"publish","type":"page","link":"https:\/\/sutequim.com\/?page_id=155","title":{"rendered":"DESENGRASANTE PIEZAS Y EQUIPOS"},"content":{"rendered":"<h4><img loading=\"lazy\" decoding=\"async\" class=\"size-full wp-image-407 alignright\" src=\"https:\/\/sutequim.com\/wp-content\/uploads\/2017\/05\/desengrasante-equipo-y-piez.jpg\" alt=\"\" width=\"250\" height=\"250\" srcset=\"https:\/\/sutequim.com\/wp-content\/uploads\/2017\/05\/desengrasante-equipo-y-piez.jpg 250w, https:\/\/sutequim.com\/wp-content\/uploads\/2017\/05\/desengrasante-equipo-y-piez-150x150.jpg 150w\" sizes=\"auto, (max-width: 250px) 100vw, 250px\" \/>Caracter\u00edsticas<\/h4>\n<ul>\n<li style=\"text-align: justify;\">formulado con solventes especiales para la limpieza, protecci\u00f3n y desengrase de maquinarias y equipos industriales en general. Sus componentes son emulgentes, sulfactantes y agentes de limpieza para que las maquinarias y equipos queden limpios y protegidos.<\/li>\n<li style=\"text-align: justify;\">En su formulaci\u00f3n, se ha tomado en cuenta lo delicado de los mecanismos de las maquinarias y equipos, por lo que sus componentes no los da\u00f1en.<\/li>\n<li style=\"text-align: justify;\">Limpia y desengrasa en una sola operaci\u00f3n maquinarias y equipos con mecanismos delicados, <strong>sin atacar gomas, metales, pl\u00e1sticos, pintura, vidrio.<\/strong><\/li>\n<li style=\"text-align: justify;\">Es de gran utilidad para desengrasar motores y piezas, maquinaria pesada, veh\u00edculos, camiones, maquinaria industria textil, metalmec\u00e1nica, industria del pl\u00e1stico, petroleras, contratista, ferroviaria, ensambladora automotor, etc.<\/li>\n<li style=\"text-align: justify;\">Para limpieza de superficies met\u00e1licas (pintadas y sin pintar)<\/li>\n<\/ul>\n<p style=\"text-align: justify;\">APLICACI\u00d3N: Mopa, cepillo, rociado, inmersi\u00f3n, deje actuar por unos minutos, luego remu\u00e9valo con abundante agua a presi\u00f3n o vapor para lograr una limpieza profunda, para los equipos y maquinarias que no toleran el agua, \u00fasese producto para el enjuague y seque con aire comprimido.<\/p>\n<p>&nbsp;<\/p>\n","protected":false},"excerpt":{"rendered":"<p>Caracter\u00edsticas formulado con solventes especiales para la limpieza, protecci\u00f3n y desengrase de maquinarias y equipos industriales en general. Sus componentes son emulgentes, sulfactantes y agentes de limpieza para que las maquinarias y equipos queden limpios y protegidos. En su formulaci\u00f3n, se ha tomado en cuenta lo delicado de los mecanismos&#8230;<\/p>\n<p> <a class=\"continue-reading-link\" href=\"https:\/\/sutequim.com\/?page_id=155\"><span>Continue reading<\/span><i class=\"crycon-right-dir\"><\/i><\/a> <\/p>\n","protected":false},"author":8,"featured_media":0,"parent":91,"menu_order":0,"comment_status":"closed","ping_status":"closed","template":"","meta":{"footnotes":""},"class_list":["post-155","page","type-page","status-publish","hentry"],"_links":{"self":[{"href":"https:\/\/sutequim.com\/index.php?rest_route=\/wp\/v2\/pages\/155","targetHints":{"allow":["GET"]}}],"collection":[{"href":"https:\/\/sutequim.com\/index.php?rest_route=\/wp\/v2\/pages"}],"about":[{"href":"https:\/\/sutequim.com\/index.php?rest_route=\/wp\/v2\/types\/page"}],"author":[{"embeddable":true,"href":"https:\/\/sutequim.com\/index.php?rest_route=\/wp\/v2\/users\/8"}],"replies":[{"embeddable":true,"href":"https:\/\/sutequim.com\/index.php?rest_route=%2Fwp%2Fv2%2Fcomments&post=155"}],"version-history":[{"count":0,"href":"https:\/\/sutequim.com\/index.php?rest_route=\/wp\/v2\/pages\/155\/revisions"}],"up":[{"embeddable":true,"href":"https:\/\/sutequim.com\/index.php?rest_route=\/wp\/v2\/pages\/91"}],"wp:attachment":[{"href":"https:\/\/sutequim.com\/index.php?rest_route=%2Fwp%2Fv2%2Fmedia&parent=155"}],"curies":[{"name":"wp","href":"https:\/\/api.w.org\/{rel}","templated":true}]}}