{"id":158,"date":"2017-05-26T12:38:41","date_gmt":"2017-05-26T12:38:41","guid":{"rendered":"http:\/\/www.sutequim.com\/?page_id=158"},"modified":"2017-05-26T12:38:41","modified_gmt":"2017-05-26T12:38:41","slug":"desincrustante-de-concreto-en-equipos","status":"publish","type":"page","link":"https:\/\/sutequim.com\/?page_id=158","title":{"rendered":"DESINCRUSTANTE DE CONCRETO EN EQUIPOS"},"content":{"rendered":"<h4><strong><img loading=\"lazy\" decoding=\"async\" class=\"size-full wp-image-411 alignright\" src=\"https:\/\/sutequim.com\/wp-content\/uploads\/2017\/05\/desincrustador-de-concreto.jpg\" alt=\"\" width=\"250\" height=\"250\" srcset=\"https:\/\/sutequim.com\/wp-content\/uploads\/2017\/05\/desincrustador-de-concreto.jpg 250w, https:\/\/sutequim.com\/wp-content\/uploads\/2017\/05\/desincrustador-de-concreto-150x150.jpg 150w\" sizes=\"auto, (max-width: 250px) 100vw, 250px\" \/>Caracter\u00edsticas:<\/strong><\/h4>\n<ul>\n<li style=\"text-align: justify;\">Es un limpiador compuesto de \u00e1cidos e inhibidores de la corrosi\u00f3n para evitar la posible acci\u00f3n corrosiva sobre los metales de los equipos tratados.<\/li>\n<li style=\"text-align: justify;\">Su formulaci\u00f3n a base de agentes humectantes y detergentes permiten disolver los residuos de carbonatos, s\u00edlice y costras de cemento.<\/li>\n<li style=\"text-align: justify;\">Es ideal para desincrustar tuber\u00edas obstruidas, remover restos de cemento sobre cer\u00e1mica, azulejos, bloques de concretos, ladrillo y granito.<\/li>\n<li style=\"text-align: justify;\">Ideal para limpieza de trompos y camiones de concreto, no ataca la pintura, vidrio y gomas en su forma diluida.<\/li>\n<li style=\"text-align: justify;\">Evita el tener que aplicar agua caliente, solo aplique el producto y listo, tampoco amerita el uso de chupones.<\/li>\n<\/ul>\n<p><img loading=\"lazy\" decoding=\"async\" class=\"alignnone size-full wp-image-459\" src=\"https:\/\/sutequim.com\/wp-content\/uploads\/2017\/05\/tabla-desincrustantes.jpg\" alt=\"\" width=\"618\" height=\"124\" srcset=\"https:\/\/sutequim.com\/wp-content\/uploads\/2017\/05\/tabla-desincrustantes.jpg 618w, https:\/\/sutequim.com\/wp-content\/uploads\/2017\/05\/tabla-desincrustantes-300x60.jpg 300w\" sizes=\"auto, (max-width: 618px) 100vw, 618px\" \/><\/p>\n<h4 style=\"text-align: justify;\"><strong>Usos:<\/strong><\/h4>\n<ul>\n<li style=\"text-align: justify;\">Es econ\u00f3mico debido a su concentraci\u00f3n, pudiendo diluirse con 4 a 8 partes de agua, dependiendo de la incrustaci\u00f3n.<\/li>\n<li style=\"text-align: justify;\">Disuelve r\u00e1pidamente las escamas e incrustaciones dejadas por el agua dura. Minimiza la acci\u00f3n corrosiva sobre las partes met\u00e1licas por lo que es efectivo contra los dep\u00f3sitos habituales de calcio, magnesio, sulfato y s\u00edlice.<\/li>\n<\/ul>\n<h4><strong>\u00a0Precauciones:<\/strong><\/h4>\n<ul>\n<li style=\"text-align: justify;\">Contiene \u00e1cidos, por lo tanto ev\u00edtese el contacto con la piel y los ojos. En caso de que esto suceda, l\u00e1vese con abundante agua.<\/li>\n<li style=\"text-align: justify;\">Evite respirar sus vapores.<\/li>\n<\/ul>\n","protected":false},"excerpt":{"rendered":"<p>Caracter\u00edsticas: Es un limpiador compuesto de \u00e1cidos e inhibidores de la corrosi\u00f3n para evitar la posible acci\u00f3n corrosiva sobre los metales de los equipos tratados. Su formulaci\u00f3n a base de agentes humectantes y detergentes permiten disolver los residuos de carbonatos, s\u00edlice y costras de cemento. Es ideal para desincrustar tuber\u00edas&#8230;<\/p>\n<p> <a class=\"continue-reading-link\" href=\"https:\/\/sutequim.com\/?page_id=158\"><span>Continue reading<\/span><i class=\"crycon-right-dir\"><\/i><\/a> <\/p>\n","protected":false},"author":8,"featured_media":0,"parent":121,"menu_order":0,"comment_status":"closed","ping_status":"closed","template":"","meta":{"footnotes":""},"class_list":["post-158","page","type-page","status-publish","hentry"],"_links":{"self":[{"href":"https:\/\/sutequim.com\/index.php?rest_route=\/wp\/v2\/pages\/158","targetHints":{"allow":["GET"]}}],"collection":[{"href":"https:\/\/sutequim.com\/index.php?rest_route=\/wp\/v2\/pages"}],"about":[{"href":"https:\/\/sutequim.com\/index.php?rest_route=\/wp\/v2\/types\/page"}],"author":[{"embeddable":true,"href":"https:\/\/sutequim.com\/index.php?rest_route=\/wp\/v2\/users\/8"}],"replies":[{"embeddable":true,"href":"https:\/\/sutequim.com\/index.php?rest_route=%2Fwp%2Fv2%2Fcomments&post=158"}],"version-history":[{"count":0,"href":"https:\/\/sutequim.com\/index.php?rest_route=\/wp\/v2\/pages\/158\/revisions"}],"up":[{"embeddable":true,"href":"https:\/\/sutequim.com\/index.php?rest_route=\/wp\/v2\/pages\/121"}],"wp:attachment":[{"href":"https:\/\/sutequim.com\/index.php?rest_route=%2Fwp%2Fv2%2Fmedia&parent=158"}],"curies":[{"name":"wp","href":"https:\/\/api.w.org\/{rel}","templated":true}]}}