{"id":160,"date":"2017-05-26T12:42:21","date_gmt":"2017-05-26T12:42:21","guid":{"rendered":"http:\/\/www.sutequim.com\/?page_id=160"},"modified":"2017-05-26T12:42:21","modified_gmt":"2017-05-26T12:42:21","slug":"detergente-acido-removedor-de-concreto","status":"publish","type":"page","link":"https:\/\/sutequim.com\/?page_id=160","title":{"rendered":"DETERGENTE ACIDO REMOVEDOR DE CONCRETO"},"content":{"rendered":"<p style=\"text-align: justify;\"><img loading=\"lazy\" decoding=\"async\" class=\"size-full wp-image-420 alignright\" src=\"https:\/\/sutequim.com\/wp-content\/uploads\/2017\/05\/DETERGENTE-REMOVEDOR-DE-CON.jpg\" alt=\"\" width=\"250\" height=\"250\" srcset=\"https:\/\/sutequim.com\/wp-content\/uploads\/2017\/05\/DETERGENTE-REMOVEDOR-DE-CON.jpg 250w, https:\/\/sutequim.com\/wp-content\/uploads\/2017\/05\/DETERGENTE-REMOVEDOR-DE-CON-150x150.jpg 150w\" sizes=\"auto, (max-width: 250px) 100vw, 250px\" \/>Es un detergente biodegradable, con una base sin\u00e9rgica de \u00e1cidos org\u00e1nicos e inorg\u00e1nicos, especialmente dise\u00f1ado para las labores de limpieza, desengrase y remoci\u00f3n de cementos y concretos en los trompos, camiones y veh\u00edculos transportadores y mezcladores de cemento.<\/p>\n<p style=\"text-align: justify;\"><strong><u>MODO DE USO<\/u><\/strong>: Dependiendo del espesor del cemento a remover, el producto debe usarse en una diluci\u00f3n de 1 a 5 hasta 1 a 10, mezclados con agua. Aplique generosamente con esponja o cepillo, tal como se usan los shampoo para veh\u00edculos, frotando vigorosamente sobre el cemento adherido a la carrocer\u00eda del veh\u00edculo, hasta lograr disolver o desprender el mismo. Luego, enjuague abundantemente con agua hasta asegurar la eliminaci\u00f3n total del producto.<\/p>\n<p style=\"text-align: justify;\"><img loading=\"lazy\" decoding=\"async\" class=\"alignnone size-full wp-image-462\" src=\"https:\/\/sutequim.com\/wp-content\/uploads\/2017\/05\/tabla-detergente-acido-desi.jpg\" alt=\"\" width=\"573\" height=\"205\" srcset=\"https:\/\/sutequim.com\/wp-content\/uploads\/2017\/05\/tabla-detergente-acido-desi.jpg 573w, https:\/\/sutequim.com\/wp-content\/uploads\/2017\/05\/tabla-detergente-acido-desi-300x107.jpg 300w\" sizes=\"auto, (max-width: 573px) 100vw, 573px\" \/><\/p>\n<p style=\"text-align: justify;\"><strong><u>PRECAUCIONES<\/u><\/strong><strong>: <\/strong>Utilizar guantes de goma y lentes de seguridad para manipular el producto. Evite directo del producto con la piel y los ojos ya que por ser acido causa irritaci\u00f3n y ardor, en caso de contacto lavarse inmediatamente con gran cantidad de agua al menos por 10 minutos. Y aplicar una crema humectante-hidratante sobre la piel, si la irritaci\u00f3n visual persiste consultar al m\u00e9dico para tratamiento sintom\u00e1tico.<\/p>\n","protected":false},"excerpt":{"rendered":"<p>Es un detergente biodegradable, con una base sin\u00e9rgica de \u00e1cidos org\u00e1nicos e inorg\u00e1nicos, especialmente dise\u00f1ado para las labores de limpieza, desengrase y remoci\u00f3n de cementos y concretos en los trompos, camiones y veh\u00edculos transportadores y mezcladores de cemento. MODO DE USO: Dependiendo del espesor del cemento a remover, el producto&#8230;<\/p>\n<p> <a class=\"continue-reading-link\" href=\"https:\/\/sutequim.com\/?page_id=160\"><span>Continue reading<\/span><i class=\"crycon-right-dir\"><\/i><\/a> <\/p>\n","protected":false},"author":8,"featured_media":0,"parent":121,"menu_order":0,"comment_status":"closed","ping_status":"closed","template":"","meta":{"footnotes":""},"class_list":["post-160","page","type-page","status-publish","hentry"],"_links":{"self":[{"href":"https:\/\/sutequim.com\/index.php?rest_route=\/wp\/v2\/pages\/160","targetHints":{"allow":["GET"]}}],"collection":[{"href":"https:\/\/sutequim.com\/index.php?rest_route=\/wp\/v2\/pages"}],"about":[{"href":"https:\/\/sutequim.com\/index.php?rest_route=\/wp\/v2\/types\/page"}],"author":[{"embeddable":true,"href":"https:\/\/sutequim.com\/index.php?rest_route=\/wp\/v2\/users\/8"}],"replies":[{"embeddable":true,"href":"https:\/\/sutequim.com\/index.php?rest_route=%2Fwp%2Fv2%2Fcomments&post=160"}],"version-history":[{"count":0,"href":"https:\/\/sutequim.com\/index.php?rest_route=\/wp\/v2\/pages\/160\/revisions"}],"up":[{"embeddable":true,"href":"https:\/\/sutequim.com\/index.php?rest_route=\/wp\/v2\/pages\/121"}],"wp:attachment":[{"href":"https:\/\/sutequim.com\/index.php?rest_route=%2Fwp%2Fv2%2Fmedia&parent=160"}],"curies":[{"name":"wp","href":"https:\/\/api.w.org\/{rel}","templated":true}]}}