{"id":162,"date":"2017-05-26T12:49:00","date_gmt":"2017-05-26T12:49:00","guid":{"rendered":"http:\/\/www.sutequim.com\/?page_id=162"},"modified":"2017-05-26T12:49:00","modified_gmt":"2017-05-26T12:49:00","slug":"cloro-desinfectante-y-blanqueador","status":"publish","type":"page","link":"https:\/\/sutequim.com\/?page_id=162","title":{"rendered":"CLORO DESINFECTANTE Y BLANQUEADOR"},"content":{"rendered":"<h4><img loading=\"lazy\" decoding=\"async\" class=\"size-full wp-image-404 alignright\" src=\"https:\/\/sutequim.com\/wp-content\/uploads\/2017\/05\/CLORO-DESINFECTANTE.jpg\" alt=\"\" width=\"250\" height=\"250\" srcset=\"https:\/\/sutequim.com\/wp-content\/uploads\/2017\/05\/CLORO-DESINFECTANTE.jpg 250w, https:\/\/sutequim.com\/wp-content\/uploads\/2017\/05\/CLORO-DESINFECTANTE-150x150.jpg 150w\" sizes=\"auto, (max-width: 250px) 100vw, 250px\" \/>Instrucciones:<\/h4>\n<ul>\n<li style=\"text-align: justify;\">Para desinfectar \u00e1reas sanitarias, debe preparar una soluci\u00f3n de 250 c.c en 20 litros de agua.<\/li>\n<li style=\"text-align: justify;\">Para blanquear, prepare una soluci\u00f3n agregando 2 cucharadas de cloro a 1 litro de agua, introduzca en esta soluci\u00f3n la ropa de algod\u00f3n o lino previamente humedecida en agua, deje por espacio de 15 minutos, luego enjuagar con abundante agua.<\/li>\n<li style=\"text-align: justify;\">No debe utilizarse en telas de seda, lana, cuero, ni colores delebles.<\/li>\n<\/ul>\n","protected":false},"excerpt":{"rendered":"<p>Instrucciones: Para desinfectar \u00e1reas sanitarias, debe preparar una soluci\u00f3n de 250 c.c en 20 litros de agua. Para blanquear, prepare una soluci\u00f3n agregando 2 cucharadas de cloro a 1 litro de agua, introduzca en esta soluci\u00f3n la ropa de algod\u00f3n o lino previamente humedecida en agua, deje por espacio de&#8230;<\/p>\n<p> <a class=\"continue-reading-link\" href=\"https:\/\/sutequim.com\/?page_id=162\"><span>Continue reading<\/span><i class=\"crycon-right-dir\"><\/i><\/a> <\/p>\n","protected":false},"author":8,"featured_media":0,"parent":98,"menu_order":0,"comment_status":"closed","ping_status":"closed","template":"","meta":{"footnotes":""},"class_list":["post-162","page","type-page","status-publish","hentry"],"_links":{"self":[{"href":"https:\/\/sutequim.com\/index.php?rest_route=\/wp\/v2\/pages\/162","targetHints":{"allow":["GET"]}}],"collection":[{"href":"https:\/\/sutequim.com\/index.php?rest_route=\/wp\/v2\/pages"}],"about":[{"href":"https:\/\/sutequim.com\/index.php?rest_route=\/wp\/v2\/types\/page"}],"author":[{"embeddable":true,"href":"https:\/\/sutequim.com\/index.php?rest_route=\/wp\/v2\/users\/8"}],"replies":[{"embeddable":true,"href":"https:\/\/sutequim.com\/index.php?rest_route=%2Fwp%2Fv2%2Fcomments&post=162"}],"version-history":[{"count":0,"href":"https:\/\/sutequim.com\/index.php?rest_route=\/wp\/v2\/pages\/162\/revisions"}],"up":[{"embeddable":true,"href":"https:\/\/sutequim.com\/index.php?rest_route=\/wp\/v2\/pages\/98"}],"wp:attachment":[{"href":"https:\/\/sutequim.com\/index.php?rest_route=%2Fwp%2Fv2%2Fmedia&parent=162"}],"curies":[{"name":"wp","href":"https:\/\/api.w.org\/{rel}","templated":true}]}}