{"id":164,"date":"2017-05-26T12:49:57","date_gmt":"2017-05-26T12:49:57","guid":{"rendered":"http:\/\/www.sutequim.com\/?page_id=164"},"modified":"2017-05-26T12:49:57","modified_gmt":"2017-05-26T12:49:57","slug":"desinfectante-con-fragancia","status":"publish","type":"page","link":"https:\/\/sutequim.com\/?page_id=164","title":{"rendered":"DESINFECTANTE CON FRAGANCIA"},"content":{"rendered":"<h4><img loading=\"lazy\" decoding=\"async\" class=\"size-full wp-image-414 alignright\" src=\"https:\/\/sutequim.com\/wp-content\/uploads\/2017\/05\/desinfectante-con-fragancia-1.jpg\" alt=\"\" width=\"250\" height=\"250\" \/>Caracter\u00edsticas<\/h4>\n<ul>\n<li style=\"text-align: justify;\">Es un desinfectante de alta concentraci\u00f3n, <strong>BIODEGRADABLE<\/strong> y con agradables fragancias, act\u00faa con cualquier tipo de aguas en altas y bajas concentraciones.<\/li>\n<li style=\"text-align: justify;\">Sirve de gran ayuda para controlar bacterias GRAN POSITIVAS y GRAN NEGATIVAS.<\/li>\n<li style=\"text-align: justify;\">Su acci\u00f3n funguicida permite prevenir el hongo DEL PIE DE ATLETA.<\/li>\n<\/ul>\n<h4>Usos:<\/h4>\n<ul>\n<li style=\"text-align: justify;\">Es de gran utilidad en hospitales, colegios, restaurantes, hoteles, centros comerciales, fabricas, oficinas, gimnasios y clubes, para la desinfecci\u00f3n de pisos, cer\u00e1micas, ba\u00f1os, paredes y todo tipo de superficie.<\/li>\n<\/ul>\n","protected":false},"excerpt":{"rendered":"<p>Caracter\u00edsticas Es un desinfectante de alta concentraci\u00f3n, BIODEGRADABLE y con agradables fragancias, act\u00faa con cualquier tipo de aguas en altas y bajas concentraciones. Sirve de gran ayuda para controlar bacterias GRAN POSITIVAS y GRAN NEGATIVAS. Su acci\u00f3n funguicida permite prevenir el hongo DEL PIE DE ATLETA. Usos: Es de gran&#8230;<\/p>\n<p> <a class=\"continue-reading-link\" href=\"https:\/\/sutequim.com\/?page_id=164\"><span>Continue reading<\/span><i class=\"crycon-right-dir\"><\/i><\/a> <\/p>\n","protected":false},"author":8,"featured_media":0,"parent":98,"menu_order":0,"comment_status":"closed","ping_status":"closed","template":"","meta":{"footnotes":""},"class_list":["post-164","page","type-page","status-publish","hentry"],"_links":{"self":[{"href":"https:\/\/sutequim.com\/index.php?rest_route=\/wp\/v2\/pages\/164","targetHints":{"allow":["GET"]}}],"collection":[{"href":"https:\/\/sutequim.com\/index.php?rest_route=\/wp\/v2\/pages"}],"about":[{"href":"https:\/\/sutequim.com\/index.php?rest_route=\/wp\/v2\/types\/page"}],"author":[{"embeddable":true,"href":"https:\/\/sutequim.com\/index.php?rest_route=\/wp\/v2\/users\/8"}],"replies":[{"embeddable":true,"href":"https:\/\/sutequim.com\/index.php?rest_route=%2Fwp%2Fv2%2Fcomments&post=164"}],"version-history":[{"count":0,"href":"https:\/\/sutequim.com\/index.php?rest_route=\/wp\/v2\/pages\/164\/revisions"}],"up":[{"embeddable":true,"href":"https:\/\/sutequim.com\/index.php?rest_route=\/wp\/v2\/pages\/98"}],"wp:attachment":[{"href":"https:\/\/sutequim.com\/index.php?rest_route=%2Fwp%2Fv2%2Fmedia&parent=164"}],"curies":[{"name":"wp","href":"https:\/\/api.w.org\/{rel}","templated":true}]}}