{"id":168,"date":"2017-05-26T12:52:25","date_gmt":"2017-05-26T12:52:25","guid":{"rendered":"http:\/\/www.sutequim.com\/?page_id=168"},"modified":"2017-05-26T12:52:25","modified_gmt":"2017-05-26T12:52:25","slug":"germicida-desengrasante-detergente","status":"publish","type":"page","link":"https:\/\/sutequim.com\/?page_id=168","title":{"rendered":"GERMICIDA-DESENGRASANTE-DETERGENTE"},"content":{"rendered":"<h3><img loading=\"lazy\" decoding=\"async\" class=\"size-full wp-image-428 alignright\" src=\"https:\/\/sutequim.com\/wp-content\/uploads\/2017\/05\/germicida-desengrasante-det.jpg\" alt=\"\" width=\"250\" height=\"250\" srcset=\"https:\/\/sutequim.com\/wp-content\/uploads\/2017\/05\/germicida-desengrasante-det.jpg 250w, https:\/\/sutequim.com\/wp-content\/uploads\/2017\/05\/germicida-desengrasante-det-150x150.jpg 150w\" sizes=\"auto, (max-width: 250px) 100vw, 250px\" \/>Caracter\u00edsticas<\/h3>\n<ul>\n<li style=\"text-align: justify;\">Basado en amonio cuaternario.<\/li>\n<li style=\"text-align: justify;\">Desengrasa y desinfecta en una sola operaci\u00f3n.<\/li>\n<li style=\"text-align: justify;\">Es un producto <strong>BIODEGRADABLE<\/strong>, trabaja en aguas duras y blandas.<\/li>\n<li style=\"text-align: justify;\">Su mezcla de detergentes sint\u00e9ticos, emulsificadores de grasa animal y vegetal, inhibidores de corrosi\u00f3n y germicidas de amonio cuaternario hacen posible realizar una limpieza profunda y efectiva en menor tiempo, reduciendo los costos de mantenimiento.<\/li>\n<li style=\"text-align: justify;\">En una sola operaci\u00f3n, permite la limpieza, desodorizaci\u00f3n y desinfecci\u00f3n de las \u00e1reas tratada, controlando microorganismos pat\u00f3genos y microbianos.<\/li>\n<\/ul>\n<h4>Usos:<\/h4>\n<ul>\n<li style=\"text-align: justify;\">Puede ser usado en: Cualquier superficie lavable, en industrias de alimentos en general, en hospitales y areas sanitarias, en restaurantes, en cl\u00ednicas veterinarias, en cualquier \u00e1rea con problemas de bacterias, en dep\u00f3sitos con humedad para controlar la proliferaci\u00f3n de hongos y en superficies lisas y porosas.<\/li>\n<\/ul>\n","protected":false},"excerpt":{"rendered":"<p>Caracter\u00edsticas Basado en amonio cuaternario. Desengrasa y desinfecta en una sola operaci\u00f3n. Es un producto BIODEGRADABLE, trabaja en aguas duras y blandas. Su mezcla de detergentes sint\u00e9ticos, emulsificadores de grasa animal y vegetal, inhibidores de corrosi\u00f3n y germicidas de amonio cuaternario hacen posible realizar una limpieza profunda y efectiva en&#8230;<\/p>\n<p> <a class=\"continue-reading-link\" href=\"https:\/\/sutequim.com\/?page_id=168\"><span>Continue reading<\/span><i class=\"crycon-right-dir\"><\/i><\/a> <\/p>\n","protected":false},"author":8,"featured_media":0,"parent":98,"menu_order":0,"comment_status":"closed","ping_status":"closed","template":"","meta":{"footnotes":""},"class_list":["post-168","page","type-page","status-publish","hentry"],"_links":{"self":[{"href":"https:\/\/sutequim.com\/index.php?rest_route=\/wp\/v2\/pages\/168","targetHints":{"allow":["GET"]}}],"collection":[{"href":"https:\/\/sutequim.com\/index.php?rest_route=\/wp\/v2\/pages"}],"about":[{"href":"https:\/\/sutequim.com\/index.php?rest_route=\/wp\/v2\/types\/page"}],"author":[{"embeddable":true,"href":"https:\/\/sutequim.com\/index.php?rest_route=\/wp\/v2\/users\/8"}],"replies":[{"embeddable":true,"href":"https:\/\/sutequim.com\/index.php?rest_route=%2Fwp%2Fv2%2Fcomments&post=168"}],"version-history":[{"count":0,"href":"https:\/\/sutequim.com\/index.php?rest_route=\/wp\/v2\/pages\/168\/revisions"}],"up":[{"embeddable":true,"href":"https:\/\/sutequim.com\/index.php?rest_route=\/wp\/v2\/pages\/98"}],"wp:attachment":[{"href":"https:\/\/sutequim.com\/index.php?rest_route=%2Fwp%2Fv2%2Fmedia&parent=168"}],"curies":[{"name":"wp","href":"https:\/\/api.w.org\/{rel}","templated":true}]}}