{"id":170,"date":"2017-05-26T12:53:34","date_gmt":"2017-05-26T12:53:34","guid":{"rendered":"http:\/\/www.sutequim.com\/?page_id=170"},"modified":"2020-09-16T14:22:21","modified_gmt":"2020-09-16T14:22:21","slug":"limpiador-desengrasante-desodorante","status":"publish","type":"page","link":"https:\/\/sutequim.com\/?page_id=170","title":{"rendered":"NEUTRALIZADOR OLORES F\u00c9TIDOS-DESENGRASANTE-DETERGENTE"},"content":{"rendered":"<h4><img loading=\"lazy\" decoding=\"async\" class=\"size-medium wp-image-642 alignright\" src=\"https:\/\/sutequim.com\/wp-content\/uploads\/2020\/09\/NEUTRALIZADOR-OLORES-FETIDOS-DESENGRASANTE-DETERGENTE-300x222.jpg\" alt=\"\" width=\"300\" height=\"222\" srcset=\"https:\/\/sutequim.com\/wp-content\/uploads\/2020\/09\/NEUTRALIZADOR-OLORES-FETIDOS-DESENGRASANTE-DETERGENTE-300x222.jpg 300w, https:\/\/sutequim.com\/wp-content\/uploads\/2020\/09\/NEUTRALIZADOR-OLORES-FETIDOS-DESENGRASANTE-DETERGENTE-768x567.jpg 768w, https:\/\/sutequim.com\/wp-content\/uploads\/2020\/09\/NEUTRALIZADOR-OLORES-FETIDOS-DESENGRASANTE-DETERGENTE-150x111.jpg 150w, https:\/\/sutequim.com\/wp-content\/uploads\/2020\/09\/NEUTRALIZADOR-OLORES-FETIDOS-DESENGRASANTE-DETERGENTE.jpg 800w\" sizes=\"auto, (max-width: 300px) 100vw, 300px\" \/>Caracter\u00edsticas<\/h4>\n<ul>\n<li style=\"text-align: justify;\">Ha sido formulado para realizar trabajos de limpieza, remoci\u00f3n y desodorizaci\u00f3n de \u00e1reas extremas de grasas y sucios f\u00e9tidos.<\/li>\n<li style=\"text-align: justify;\">En su formulaci\u00f3n no hay jabones c\u00e1usticos ni amoniacos.<\/li>\n<li style=\"text-align: justify;\">Su acci\u00f3n de trabajo es inmediata al ser aplicado sobre la superficie a tratar, los agentes humectantes y desengrasantes act\u00faan facilitando la disoluci\u00f3n de las grasas y sucios presentes, dejando al mismo tiempo un agradable aroma.<\/li>\n<li style=\"text-align: justify;\">Es altamente concentrado, por lo cual debe ser mezclado para su aplicaci\u00f3n, no deber usarse puro.<\/li>\n<\/ul>\n<h4 style=\"text-align: justify;\">Usos:<\/h4>\n<ul>\n<li style=\"text-align: justify;\">Formulado para ser utilizado en \u00e1reas criticas de grasa y putrefacci\u00f3n.<\/li>\n<li style=\"text-align: justify;\">Es de gran utilidad para ser usado en la limpieza y desodorizaci\u00f3n de los cuartos y pote de basura, en hoteles, restaurantes, auto mercados, pescader\u00eda y frigor\u00edficos, empresas transportadoras de basura, en los equipos internos y externos de sus unidades recolectoras.<\/li>\n<\/ul>\n<h4>Instrucciones para su aplicaci\u00f3n:<\/h4>\n<ul>\n<li>Puede ser aplicado por aspersi\u00f3n y cepillado para las \u00e1reas cr\u00edticas donde se desee hacer una excelente limpieza y desodorizaci\u00f3n.<\/li>\n<li>Tambi\u00e9n puede ser usado para la limpieza y desodorizaci\u00f3n de cuartos de ba\u00f1os y ba\u00f1os port\u00e1tiles.<\/li>\n<\/ul>\n","protected":false},"excerpt":{"rendered":"<p>Caracter\u00edsticas Ha sido formulado para realizar trabajos de limpieza, remoci\u00f3n y desodorizaci\u00f3n de \u00e1reas extremas de grasas y sucios f\u00e9tidos. En su formulaci\u00f3n no hay jabones c\u00e1usticos ni amoniacos. Su acci\u00f3n de trabajo es inmediata al ser aplicado sobre la superficie a tratar, los agentes humectantes y desengrasantes act\u00faan facilitando&#8230;<\/p>\n<p> <a class=\"continue-reading-link\" href=\"https:\/\/sutequim.com\/?page_id=170\"><span>Continue reading<\/span><i class=\"crycon-right-dir\"><\/i><\/a> <\/p>\n","protected":false},"author":8,"featured_media":0,"parent":98,"menu_order":0,"comment_status":"closed","ping_status":"closed","template":"","meta":{"footnotes":""},"class_list":["post-170","page","type-page","status-publish","hentry"],"_links":{"self":[{"href":"https:\/\/sutequim.com\/index.php?rest_route=\/wp\/v2\/pages\/170","targetHints":{"allow":["GET"]}}],"collection":[{"href":"https:\/\/sutequim.com\/index.php?rest_route=\/wp\/v2\/pages"}],"about":[{"href":"https:\/\/sutequim.com\/index.php?rest_route=\/wp\/v2\/types\/page"}],"author":[{"embeddable":true,"href":"https:\/\/sutequim.com\/index.php?rest_route=\/wp\/v2\/users\/8"}],"replies":[{"embeddable":true,"href":"https:\/\/sutequim.com\/index.php?rest_route=%2Fwp%2Fv2%2Fcomments&post=170"}],"version-history":[{"count":2,"href":"https:\/\/sutequim.com\/index.php?rest_route=\/wp\/v2\/pages\/170\/revisions"}],"predecessor-version":[{"id":644,"href":"https:\/\/sutequim.com\/index.php?rest_route=\/wp\/v2\/pages\/170\/revisions\/644"}],"up":[{"embeddable":true,"href":"https:\/\/sutequim.com\/index.php?rest_route=\/wp\/v2\/pages\/98"}],"wp:attachment":[{"href":"https:\/\/sutequim.com\/index.php?rest_route=%2Fwp%2Fv2%2Fmedia&parent=170"}],"curies":[{"name":"wp","href":"https:\/\/api.w.org\/{rel}","templated":true}]}}