{"id":172,"date":"2017-05-26T12:56:16","date_gmt":"2017-05-26T12:56:16","guid":{"rendered":"http:\/\/www.sutequim.com\/?page_id=172"},"modified":"2017-05-26T12:56:16","modified_gmt":"2017-05-26T12:56:16","slug":"germicida-fungicida-bactericida","status":"publish","type":"page","link":"https:\/\/sutequim.com\/?page_id=172","title":{"rendered":"GERMICIDA-FUNGICIDA-BACTERICIDA"},"content":{"rendered":"<h4><img loading=\"lazy\" decoding=\"async\" class=\"size-full wp-image-431 alignright\" src=\"https:\/\/sutequim.com\/wp-content\/uploads\/2017\/05\/germicida-bactericida.jpg\" alt=\"\" width=\"250\" height=\"250\" srcset=\"https:\/\/sutequim.com\/wp-content\/uploads\/2017\/05\/germicida-bactericida.jpg 250w, https:\/\/sutequim.com\/wp-content\/uploads\/2017\/05\/germicida-bactericida-150x150.jpg 150w\" sizes=\"auto, (max-width: 250px) 100vw, 250px\" \/>Caracter\u00edsticas:<strong><br \/>\n<\/strong><\/h4>\n<ul>\n<li style=\"text-align: justify;\">Es un poderoso desinfectante que act\u00faa como germicida, fungicida y bactericida. Su gran efectividad para eliminar por contacto una gran variedad de microorganismos como:Staphylococus aureus, Escherichia coli,\u00a0 Pseudonomas aeruginosa, Aspergillus N\u00edger, Penicillium Notatum.<\/li>\n<li style=\"text-align: justify;\">Es un producto totalmente inocuo,\u00a0 soluble en agua, a\u00fan en aguas duras, y su acci\u00f3n\u00a0 desinfectante es efectiva y r\u00e1pida;\u00a0 muy superior a otros compuestos\u00a0 clorados o fen\u00f2licos.<\/li>\n<li style=\"text-align: justify;\">No es t\u00f3xico, no irrita la piel, no es corrosivo para metales en aplicaciones normales y no ataca pl\u00e1sticos, vidrios, porcelanas, cromo o gomas.<\/li>\n<\/ul>\n<h4>Usos y aplicaciones:<strong><br \/>\n<\/strong><\/h4>\n<ul>\n<li style=\"text-align: justify;\">Es de gran utilidad para la desinfecci\u00f3n de equipos qu\u00edmicos quir\u00fargicos, mobiliario y equipos de laboratorio, hospitales y cl\u00ednicas. Procesadoras de alimentos, mataderos, procesadoras de aves y carnes, pescader\u00edas, embotelladoras. Para la desinfecci\u00f3n completa de pisos, paredes, ba\u00f1os, instalaciones de acero inoxidable en f\u00e1bricas de dulces, enlatados, panader\u00edas y cervecer\u00edas.<\/li>\n<li style=\"text-align: justify;\">En la industria alimenticia para la desinfecci\u00f3n de tuber\u00edas, tinas, m\u00e1quinas, equipos y \u00e1reas de producci\u00f3n usar diluciones 1:60.<\/li>\n<li style=\"text-align: justify;\">En la industria agropecuaria para la desinfecci\u00f3n de orde\u00f1adoras, cubos para el transporte de leche, usar diluciones 1:20 y en el lavado de ubres soluciones de 1:10.<\/li>\n<li style=\"text-align: justify;\">En laboratorios para el lavado de materiales usar soluciones de 1:100<\/li>\n<li style=\"text-align: justify;\">En lavander\u00edas agregar en el \u00faltimo cambio de agua 1:100 del total de agua en el tanque para obtener una buena desinfecci\u00f3n y desodorizaci\u00f3n. Es importante que limpie bien los objetos contaminados antes de hacer la desinfecci\u00f3n.<\/li>\n<\/ul>\n","protected":false},"excerpt":{"rendered":"<p>Caracter\u00edsticas: Es un poderoso desinfectante que act\u00faa como germicida, fungicida y bactericida. Su gran efectividad para eliminar por contacto una gran variedad de microorganismos como:Staphylococus aureus, Escherichia coli,\u00a0 Pseudonomas aeruginosa, Aspergillus N\u00edger, Penicillium Notatum. Es un producto totalmente inocuo,\u00a0 soluble en agua, a\u00fan en aguas duras, y su acci\u00f3n\u00a0 desinfectante&#8230;<\/p>\n<p> <a class=\"continue-reading-link\" href=\"https:\/\/sutequim.com\/?page_id=172\"><span>Continue reading<\/span><i class=\"crycon-right-dir\"><\/i><\/a> <\/p>\n","protected":false},"author":8,"featured_media":0,"parent":98,"menu_order":0,"comment_status":"closed","ping_status":"closed","template":"","meta":{"footnotes":""},"class_list":["post-172","page","type-page","status-publish","hentry"],"_links":{"self":[{"href":"https:\/\/sutequim.com\/index.php?rest_route=\/wp\/v2\/pages\/172","targetHints":{"allow":["GET"]}}],"collection":[{"href":"https:\/\/sutequim.com\/index.php?rest_route=\/wp\/v2\/pages"}],"about":[{"href":"https:\/\/sutequim.com\/index.php?rest_route=\/wp\/v2\/types\/page"}],"author":[{"embeddable":true,"href":"https:\/\/sutequim.com\/index.php?rest_route=\/wp\/v2\/users\/8"}],"replies":[{"embeddable":true,"href":"https:\/\/sutequim.com\/index.php?rest_route=%2Fwp%2Fv2%2Fcomments&post=172"}],"version-history":[{"count":0,"href":"https:\/\/sutequim.com\/index.php?rest_route=\/wp\/v2\/pages\/172\/revisions"}],"up":[{"embeddable":true,"href":"https:\/\/sutequim.com\/index.php?rest_route=\/wp\/v2\/pages\/98"}],"wp:attachment":[{"href":"https:\/\/sutequim.com\/index.php?rest_route=%2Fwp%2Fv2%2Fmedia&parent=172"}],"curies":[{"name":"wp","href":"https:\/\/api.w.org\/{rel}","templated":true}]}}