{"id":191,"date":"2017-05-26T13:33:47","date_gmt":"2017-05-26T13:33:47","guid":{"rendered":"http:\/\/www.sutequim.com\/?page_id=191"},"modified":"2020-09-18T12:18:43","modified_gmt":"2020-09-18T12:18:43","slug":"anticorrosivo-basado-en-resinas","status":"publish","type":"page","link":"https:\/\/sutequim.com\/?page_id=191","title":{"rendered":"ANTICORROSIVO BASADO EN RESINAS"},"content":{"rendered":"<p><img loading=\"lazy\" decoding=\"async\" class=\" wp-image-71 alignright\" src=\"https:\/\/sutequim.com\/wp-content\/uploads\/2017\/05\/DESOXIDANTE-1.jpg\" alt=\"\" width=\"250\" height=\"176\" \/><\/p>\n<h4><strong>Caracter\u00edsticas<\/strong><\/h4>\n<ul>\n<li style=\"text-align: justify;\">Es un producto formulado con resinas especiales en una base de solventes con aditivos anticorrosivos y aceleradores de secado que proporcionan una protecci\u00f3n segura y efectiva en los equipos o piezas donde es aplicado.<\/li>\n<li style=\"text-align: justify;\">Viene listo para ser usado, es de gran estabilidad t\u00e9rmica, protege por meses.<\/li>\n<li style=\"text-align: justify;\">Permite una protecci\u00f3n anticorrosiva sobre cualquier tipo de metales, es un excelente desmoldeante de cemento, puede ser aplicado a los equipos que est\u00e9n en contacto con el cemento.<\/li>\n<li style=\"text-align: justify;\">Ayuda a la protecci\u00f3n de maquinarias, que constantemente est\u00e1n expuesta a la intemperie, tales como maquinarias agr\u00edcolas, camiones, v\u00e1lvulas petroleras, repuestos de piezas o equipos industriales. En los equipos marinos es de gran utilidad para protegerlos del salitre, ideal para proteger piezas que ser\u00e1n exportadas v\u00eda mar\u00edtima, proteger moldes de la industria del pl\u00e1stico.<\/li>\n<li style=\"text-align: justify;\">La capa protectora una vez seca no es inflamable, esto evita el peligro de incendio en los almacenes ocasionado por los protectores aceitosos.<\/li>\n<li style=\"text-align: justify;\">La capa seca permite visualizar seriales.<\/li>\n<\/ul>\n<h4><strong>Aplicaci\u00f3n:<\/strong><\/h4>\n<ul>\n<li>Viene listo para usar y puede ser aplicado con brocha, pistola o inmersi\u00f3n.<\/li>\n<li>El cubrimiento es de 100 mts2 por gal\u00f3n.<\/li>\n<\/ul>\n","protected":false},"excerpt":{"rendered":"<p>Caracter\u00edsticas Es un producto formulado con resinas especiales en una base de solventes con aditivos anticorrosivos y aceleradores de secado que proporcionan una protecci\u00f3n segura y efectiva en los equipos o piezas donde es aplicado. Viene listo para ser usado, es de gran estabilidad t\u00e9rmica, protege por meses. Permite una&#8230;<\/p>\n<p> <a class=\"continue-reading-link\" href=\"https:\/\/sutequim.com\/?page_id=191\"><span>Continue reading<\/span><i class=\"crycon-right-dir\"><\/i><\/a> <\/p>\n","protected":false},"author":8,"featured_media":0,"parent":113,"menu_order":0,"comment_status":"closed","ping_status":"closed","template":"","meta":{"footnotes":""},"class_list":["post-191","page","type-page","status-publish","hentry"],"_links":{"self":[{"href":"https:\/\/sutequim.com\/index.php?rest_route=\/wp\/v2\/pages\/191","targetHints":{"allow":["GET"]}}],"collection":[{"href":"https:\/\/sutequim.com\/index.php?rest_route=\/wp\/v2\/pages"}],"about":[{"href":"https:\/\/sutequim.com\/index.php?rest_route=\/wp\/v2\/types\/page"}],"author":[{"embeddable":true,"href":"https:\/\/sutequim.com\/index.php?rest_route=\/wp\/v2\/users\/8"}],"replies":[{"embeddable":true,"href":"https:\/\/sutequim.com\/index.php?rest_route=%2Fwp%2Fv2%2Fcomments&post=191"}],"version-history":[{"count":1,"href":"https:\/\/sutequim.com\/index.php?rest_route=\/wp\/v2\/pages\/191\/revisions"}],"predecessor-version":[{"id":672,"href":"https:\/\/sutequim.com\/index.php?rest_route=\/wp\/v2\/pages\/191\/revisions\/672"}],"up":[{"embeddable":true,"href":"https:\/\/sutequim.com\/index.php?rest_route=\/wp\/v2\/pages\/113"}],"wp:attachment":[{"href":"https:\/\/sutequim.com\/index.php?rest_route=%2Fwp%2Fv2%2Fmedia&parent=191"}],"curies":[{"name":"wp","href":"https:\/\/api.w.org\/{rel}","templated":true}]}}