{"id":193,"date":"2017-05-26T13:36:40","date_gmt":"2017-05-26T13:36:40","guid":{"rendered":"http:\/\/www.sutequim.com\/?page_id=193"},"modified":"2020-09-18T12:20:48","modified_gmt":"2020-09-18T12:20:48","slug":"desoxidante-fosfatizante","status":"publish","type":"page","link":"https:\/\/sutequim.com\/?page_id=193","title":{"rendered":"DESOXIDANTE FOSFATIZANTE"},"content":{"rendered":"<h4><strong><img loading=\"lazy\" decoding=\"async\" class=\"size-full wp-image-417 alignright\" src=\"https:\/\/sutequim.com\/wp-content\/uploads\/2017\/05\/desoxidante-fosfatizante.jpg\" alt=\"\" width=\"250\" height=\"250\" srcset=\"https:\/\/sutequim.com\/wp-content\/uploads\/2017\/05\/desoxidante-fosfatizante.jpg 250w, https:\/\/sutequim.com\/wp-content\/uploads\/2017\/05\/desoxidante-fosfatizante-150x150.jpg 150w\" sizes=\"auto, (max-width: 250px) 100vw, 250px\" \/>Caracter\u00edsticas:<\/strong><\/h4>\n<ul>\n<li style=\"text-align: justify;\">Limpia, desengrasa y desoxida en una sola aplicaci\u00f3n, dejando una fina capa de fosfato apta para procesos de pintura. Puede ser usado fri\u00f3 o caliente.<\/li>\n<li style=\"text-align: justify;\">No es fumante, no produce vapores.<\/li>\n<\/ul>\n<h4><strong>Usos:<\/strong><\/h4>\n<p style=\"text-align: justify;\"><strong>PARA METALES FERROSOS: <\/strong>El s\u00faper Removedor de herrumbre y acondicionador de\u00a0 metales, efect\u00faa cuatro operaciones en una:<\/p>\n<ul>\n<li style=\"text-align: justify;\">Remueve la grasa y aceite mediante su acci\u00f3n detergente.<\/li>\n<li style=\"text-align: justify;\">La f\u00f3rmula \u00e1cida reacciona con los \u00f3xidos de hierro permitiendo remover y eliminar la corrosi\u00f3n.<\/li>\n<li style=\"text-align: justify;\">Simult\u00e1neamente, la superficie met\u00e1lica limpia, reacciona qu\u00edmicamente con el producto formando una capa fina y continua de fosfato que protege transitoriamente los metales ferrosos contra la r\u00e1pida corrosi\u00f3n.<\/li>\n<li style=\"text-align: justify;\">Finalmente, el deposito de fosfato tambi\u00e9n act\u00faa como una base que facilita la adherencia de la pintura sobre el \u00e1rea tratada.<\/li>\n<li style=\"text-align: justify;\">Es excelente para remover incrustaciones calc\u00e1reas en mamposter\u00eda y construcci\u00f3n.<\/li>\n<\/ul>\n","protected":false},"excerpt":{"rendered":"<p>Caracter\u00edsticas: Limpia, desengrasa y desoxida en una sola aplicaci\u00f3n, dejando una fina capa de fosfato apta para procesos de pintura. Puede ser usado fri\u00f3 o caliente. No es fumante, no produce vapores. Usos: PARA METALES FERROSOS: El s\u00faper Removedor de herrumbre y acondicionador de\u00a0 metales, efect\u00faa cuatro operaciones en una:&#8230;<\/p>\n<p> <a class=\"continue-reading-link\" href=\"https:\/\/sutequim.com\/?page_id=193\"><span>Continue reading<\/span><i class=\"crycon-right-dir\"><\/i><\/a> <\/p>\n","protected":false},"author":8,"featured_media":0,"parent":113,"menu_order":0,"comment_status":"closed","ping_status":"closed","template":"","meta":{"footnotes":""},"class_list":["post-193","page","type-page","status-publish","hentry"],"_links":{"self":[{"href":"https:\/\/sutequim.com\/index.php?rest_route=\/wp\/v2\/pages\/193","targetHints":{"allow":["GET"]}}],"collection":[{"href":"https:\/\/sutequim.com\/index.php?rest_route=\/wp\/v2\/pages"}],"about":[{"href":"https:\/\/sutequim.com\/index.php?rest_route=\/wp\/v2\/types\/page"}],"author":[{"embeddable":true,"href":"https:\/\/sutequim.com\/index.php?rest_route=\/wp\/v2\/users\/8"}],"replies":[{"embeddable":true,"href":"https:\/\/sutequim.com\/index.php?rest_route=%2Fwp%2Fv2%2Fcomments&post=193"}],"version-history":[{"count":1,"href":"https:\/\/sutequim.com\/index.php?rest_route=\/wp\/v2\/pages\/193\/revisions"}],"predecessor-version":[{"id":673,"href":"https:\/\/sutequim.com\/index.php?rest_route=\/wp\/v2\/pages\/193\/revisions\/673"}],"up":[{"embeddable":true,"href":"https:\/\/sutequim.com\/index.php?rest_route=\/wp\/v2\/pages\/113"}],"wp:attachment":[{"href":"https:\/\/sutequim.com\/index.php?rest_route=%2Fwp%2Fv2%2Fmedia&parent=193"}],"curies":[{"name":"wp","href":"https:\/\/api.w.org\/{rel}","templated":true}]}}