{"id":195,"date":"2017-05-26T13:42:17","date_gmt":"2017-05-26T13:42:17","guid":{"rendered":"http:\/\/www.sutequim.com\/?page_id=195"},"modified":"2020-09-18T12:21:18","modified_gmt":"2020-09-18T12:21:18","slug":"pelicula-anticorrosiva-resistente-y-removible","status":"publish","type":"page","link":"https:\/\/sutequim.com\/?page_id=195","title":{"rendered":"PELICULA ANTICORROSIVA RESISTENTE Y REMOVIBLE"},"content":{"rendered":"<h4><strong><img loading=\"lazy\" decoding=\"async\" class=\"size-full wp-image-439 alignright\" src=\"https:\/\/sutequim.com\/wp-content\/uploads\/2017\/05\/pelicula-anticorrosiva.jpg\" alt=\"\" width=\"250\" height=\"250\" srcset=\"https:\/\/sutequim.com\/wp-content\/uploads\/2017\/05\/pelicula-anticorrosiva.jpg 250w, https:\/\/sutequim.com\/wp-content\/uploads\/2017\/05\/pelicula-anticorrosiva-150x150.jpg 150w\" sizes=\"auto, (max-width: 250px) 100vw, 250px\" \/>Caracter\u00edsticas:<\/strong><\/h4>\n<ul>\n<li style=\"text-align: justify;\">Anticorrosivo industrial diluido en solventes. Una vez aplicado, el solvente se evapora dejando una pel\u00edcula flexible, resistente y transparente; caracter\u00edstica esta que le permite propiedades de lubricaci\u00f3n, siendo compatible con lubricantes convencionales.<\/li>\n<li style=\"text-align: justify;\">Act\u00faa como desplazador de humedad en los equipos y piezas donde es aplicado, haciendo posible obtener una protecci\u00f3n adecuada y completa.<\/li>\n<li style=\"text-align: justify;\">Su pel\u00edcula fina transparente act\u00faa como preventivo de corrosi\u00f3n, permitiendo aplicaciones peri\u00f3dicas en equipos y maquinarias en servicio.<\/li>\n<li style=\"text-align: justify;\">Despu\u00e9s de aplicado, no es necesario removerlo de las piezas o equipos.<\/li>\n<li style=\"text-align: justify;\">Excelente como protector de moldes para la industria del pl\u00e1stico.<\/li>\n<\/ul>\n<h4><strong>\u00a0Usos:<\/strong><\/h4>\n<ul>\n<li style=\"text-align: justify;\">Cumple una excelente funci\u00f3n como preventivo anticorrosivo sobre cualquier tipo de superficie.<\/li>\n<li style=\"text-align: justify;\">Es ideal para ser usado en bombas, cables, almacenes, equipos, art\u00edculos de ferreter\u00edas, bronce, acero, aluminio, equipos marinos.<\/li>\n<li style=\"text-align: justify;\">Rociado sobre partes y cables el\u00e9ctricos de veh\u00edculos, desplaza la humedad y previene los escapes el\u00e9ctricos causados por cables rotos y el agua.<\/li>\n<\/ul>\n","protected":false},"excerpt":{"rendered":"<p>Caracter\u00edsticas: Anticorrosivo industrial diluido en solventes. Una vez aplicado, el solvente se evapora dejando una pel\u00edcula flexible, resistente y transparente; caracter\u00edstica esta que le permite propiedades de lubricaci\u00f3n, siendo compatible con lubricantes convencionales. Act\u00faa como desplazador de humedad en los equipos y piezas donde es aplicado, haciendo posible obtener una&#8230;<\/p>\n<p> <a class=\"continue-reading-link\" href=\"https:\/\/sutequim.com\/?page_id=195\"><span>Continue reading<\/span><i class=\"crycon-right-dir\"><\/i><\/a> <\/p>\n","protected":false},"author":8,"featured_media":0,"parent":113,"menu_order":0,"comment_status":"closed","ping_status":"closed","template":"","meta":{"footnotes":""},"class_list":["post-195","page","type-page","status-publish","hentry"],"_links":{"self":[{"href":"https:\/\/sutequim.com\/index.php?rest_route=\/wp\/v2\/pages\/195","targetHints":{"allow":["GET"]}}],"collection":[{"href":"https:\/\/sutequim.com\/index.php?rest_route=\/wp\/v2\/pages"}],"about":[{"href":"https:\/\/sutequim.com\/index.php?rest_route=\/wp\/v2\/types\/page"}],"author":[{"embeddable":true,"href":"https:\/\/sutequim.com\/index.php?rest_route=\/wp\/v2\/users\/8"}],"replies":[{"embeddable":true,"href":"https:\/\/sutequim.com\/index.php?rest_route=%2Fwp%2Fv2%2Fcomments&post=195"}],"version-history":[{"count":1,"href":"https:\/\/sutequim.com\/index.php?rest_route=\/wp\/v2\/pages\/195\/revisions"}],"predecessor-version":[{"id":674,"href":"https:\/\/sutequim.com\/index.php?rest_route=\/wp\/v2\/pages\/195\/revisions\/674"}],"up":[{"embeddable":true,"href":"https:\/\/sutequim.com\/index.php?rest_route=\/wp\/v2\/pages\/113"}],"wp:attachment":[{"href":"https:\/\/sutequim.com\/index.php?rest_route=%2Fwp%2Fv2%2Fmedia&parent=195"}],"curies":[{"name":"wp","href":"https:\/\/api.w.org\/{rel}","templated":true}]}}