{"id":199,"date":"2017-05-26T14:30:38","date_gmt":"2017-05-26T14:30:38","guid":{"rendered":"http:\/\/www.sutequim.com\/?page_id=199"},"modified":"2020-09-18T12:22:15","modified_gmt":"2020-09-18T12:22:15","slug":"champu-para-vehiculos-con-cera","status":"publish","type":"page","link":"https:\/\/sutequim.com\/?page_id=199","title":{"rendered":"CHAMPU PARA VEHICULOS CON CERA"},"content":{"rendered":"<h4><strong><img loading=\"lazy\" decoding=\"async\" class=\"size-full wp-image-398 alignright\" src=\"https:\/\/sutequim.com\/wp-content\/uploads\/2017\/05\/CHAMPU-PARA-VEHICULOS-CERA.jpg\" alt=\"\" width=\"250\" height=\"250\" srcset=\"https:\/\/sutequim.com\/wp-content\/uploads\/2017\/05\/CHAMPU-PARA-VEHICULOS-CERA.jpg 250w, https:\/\/sutequim.com\/wp-content\/uploads\/2017\/05\/CHAMPU-PARA-VEHICULOS-CERA-150x150.jpg 150w\" sizes=\"auto, (max-width: 250px) 100vw, 250px\" \/>Caracter\u00edsticas:<\/strong><\/h4>\n<p style=\"text-align: justify;\">Es un producto biodegradable, no toxico, de gran eficacia y r\u00e1pido poder de limpieza.<\/p>\n<p style=\"text-align: justify;\">Est\u00e1 elaborado con materias primas de excelente calidad en la cual intervienen desengrasantes, emulsificantes con gran poder de arrastre, estabilizadores de espuma y emulsiones acr\u00edlicas que proporcionan un excelente brillo sobre la superficie donde es aplicado.<\/p>\n<p style=\"text-align: justify;\">Es un detergente formulado para operaciones de limpieza y brillo a las superficies tratadas, proporciona un excelente acabado sobre la pintura de los autom\u00f3viles.<\/p>\n<p style=\"text-align: justify;\">Limpia abrillanta en una sola operaci\u00f3n, ofrece un buen acabado sobre las carrocer\u00edas de los veh\u00edculos autom\u00f3viles.<\/p>\n<h4><strong>Usos y aplicaciones:<\/strong><\/h4>\n<p>Mezcle 1 parte del producto por 15 partes de agua, aplique uniformemente, no deje secar, frote bien con una esponja o trapo y enjuague con abundante agua.<\/p>\n<p>Si es necesaria una limpieza mas fuerte mezcle 1 parte de producto con 10 de agua.<\/p>\n<p>Limpieza de rutina y mantenimiento, mezclar 1 parte de producto con 20 partes de agua.<\/p>\n<h4><strong>Precauciones:<\/strong><\/h4>\n<p>Mantenga el envase cerrado y fuera del alcance de los ni\u00f1os, evite su contaminaci\u00f3n. No mezcle con otros productos.<\/p>\n","protected":false},"excerpt":{"rendered":"<p>Caracter\u00edsticas: Es un producto biodegradable, no toxico, de gran eficacia y r\u00e1pido poder de limpieza. Est\u00e1 elaborado con materias primas de excelente calidad en la cual intervienen desengrasantes, emulsificantes con gran poder de arrastre, estabilizadores de espuma y emulsiones acr\u00edlicas que proporcionan un excelente brillo sobre la superficie donde es&#8230;<\/p>\n<p> <a class=\"continue-reading-link\" href=\"https:\/\/sutequim.com\/?page_id=199\"><span>Continue reading<\/span><i class=\"crycon-right-dir\"><\/i><\/a> <\/p>\n","protected":false},"author":8,"featured_media":0,"parent":104,"menu_order":0,"comment_status":"closed","ping_status":"closed","template":"","meta":{"footnotes":""},"class_list":["post-199","page","type-page","status-publish","hentry"],"_links":{"self":[{"href":"https:\/\/sutequim.com\/index.php?rest_route=\/wp\/v2\/pages\/199","targetHints":{"allow":["GET"]}}],"collection":[{"href":"https:\/\/sutequim.com\/index.php?rest_route=\/wp\/v2\/pages"}],"about":[{"href":"https:\/\/sutequim.com\/index.php?rest_route=\/wp\/v2\/types\/page"}],"author":[{"embeddable":true,"href":"https:\/\/sutequim.com\/index.php?rest_route=\/wp\/v2\/users\/8"}],"replies":[{"embeddable":true,"href":"https:\/\/sutequim.com\/index.php?rest_route=%2Fwp%2Fv2%2Fcomments&post=199"}],"version-history":[{"count":1,"href":"https:\/\/sutequim.com\/index.php?rest_route=\/wp\/v2\/pages\/199\/revisions"}],"predecessor-version":[{"id":675,"href":"https:\/\/sutequim.com\/index.php?rest_route=\/wp\/v2\/pages\/199\/revisions\/675"}],"up":[{"embeddable":true,"href":"https:\/\/sutequim.com\/index.php?rest_route=\/wp\/v2\/pages\/104"}],"wp:attachment":[{"href":"https:\/\/sutequim.com\/index.php?rest_route=%2Fwp%2Fv2%2Fmedia&parent=199"}],"curies":[{"name":"wp","href":"https:\/\/api.w.org\/{rel}","templated":true}]}}