{"id":201,"date":"2017-05-26T14:34:13","date_gmt":"2017-05-26T14:34:13","guid":{"rendered":"http:\/\/www.sutequim.com\/?page_id=201"},"modified":"2017-05-26T14:34:13","modified_gmt":"2017-05-26T14:34:13","slug":"champu-para-vehiculos","status":"publish","type":"page","link":"https:\/\/sutequim.com\/?page_id=201","title":{"rendered":"CHAMPU PARA VEHICULOS"},"content":{"rendered":"<h4><strong><img loading=\"lazy\" decoding=\"async\" class=\"size-full wp-image-402 alignright\" src=\"https:\/\/sutequim.com\/wp-content\/uploads\/2017\/05\/CHAMPU-PARA-VEHICULOS.jpg\" alt=\"\" width=\"250\" height=\"250\" srcset=\"https:\/\/sutequim.com\/wp-content\/uploads\/2017\/05\/CHAMPU-PARA-VEHICULOS.jpg 250w, https:\/\/sutequim.com\/wp-content\/uploads\/2017\/05\/CHAMPU-PARA-VEHICULOS-150x150.jpg 150w\" sizes=\"auto, (max-width: 250px) 100vw, 250px\" \/>Caracter\u00edsticas:<\/strong><\/h4>\n<ul>\n<li style=\"text-align: justify;\">Es un champ\u00fa formulado con agentes humectantes que remueve todo tipo de grasa y sucio adherido a la superficie del veh\u00edculo.<\/li>\n<li style=\"text-align: justify;\">Es efectivo en aguas duras y blandas.<\/li>\n<li style=\"text-align: justify;\">No mancha ni decolora la pintura de la carrocer\u00eda.<\/li>\n<li style=\"text-align: justify;\">La acci\u00f3n desengrasante tambi\u00e9n permite eliminar grasa en otros tipos de superficies como: pisos, paredes y equipos de metal.<\/li>\n<\/ul>\n<h4><strong>\u00a0Aplicaci\u00f3n:<\/strong><\/h4>\n<ul>\n<li style=\"text-align: justify;\">Se utiliza en todas las \u00e1reas del veh\u00edculo, remueve f\u00e1cilmente fango, manchas de humo, grasa, aceites sobre la pintura, cromado, pl\u00e1stico, vidrio, tapicer\u00eda de semicuero, goma, metal y neum\u00e1ticos.<\/li>\n<li style=\"text-align: justify;\">Facilita el lavado de autos, camiones, autobuses, aviones, etc.<\/li>\n<li style=\"text-align: justify;\">Es econ\u00f3mico, no abrasivo y no da\u00f1a la pintura.<\/li>\n<li style=\"text-align: justify;\">Es diluible en 25 partes de agua, aplique la soluci\u00f3n con un rociador, esponja o estopa, friegue y finalmente enjuague.<\/li>\n<\/ul>\n","protected":false},"excerpt":{"rendered":"<p>Caracter\u00edsticas: Es un champ\u00fa formulado con agentes humectantes que remueve todo tipo de grasa y sucio adherido a la superficie del veh\u00edculo. Es efectivo en aguas duras y blandas. No mancha ni decolora la pintura de la carrocer\u00eda. La acci\u00f3n desengrasante tambi\u00e9n permite eliminar grasa en otros tipos de superficies&#8230;<\/p>\n<p> <a class=\"continue-reading-link\" href=\"https:\/\/sutequim.com\/?page_id=201\"><span>Continue reading<\/span><i class=\"crycon-right-dir\"><\/i><\/a> <\/p>\n","protected":false},"author":8,"featured_media":0,"parent":104,"menu_order":0,"comment_status":"closed","ping_status":"closed","template":"","meta":{"footnotes":""},"class_list":["post-201","page","type-page","status-publish","hentry"],"_links":{"self":[{"href":"https:\/\/sutequim.com\/index.php?rest_route=\/wp\/v2\/pages\/201","targetHints":{"allow":["GET"]}}],"collection":[{"href":"https:\/\/sutequim.com\/index.php?rest_route=\/wp\/v2\/pages"}],"about":[{"href":"https:\/\/sutequim.com\/index.php?rest_route=\/wp\/v2\/types\/page"}],"author":[{"embeddable":true,"href":"https:\/\/sutequim.com\/index.php?rest_route=\/wp\/v2\/users\/8"}],"replies":[{"embeddable":true,"href":"https:\/\/sutequim.com\/index.php?rest_route=%2Fwp%2Fv2%2Fcomments&post=201"}],"version-history":[{"count":0,"href":"https:\/\/sutequim.com\/index.php?rest_route=\/wp\/v2\/pages\/201\/revisions"}],"up":[{"embeddable":true,"href":"https:\/\/sutequim.com\/index.php?rest_route=\/wp\/v2\/pages\/104"}],"wp:attachment":[{"href":"https:\/\/sutequim.com\/index.php?rest_route=%2Fwp%2Fv2%2Fmedia&parent=201"}],"curies":[{"name":"wp","href":"https:\/\/api.w.org\/{rel}","templated":true}]}}