{"id":203,"date":"2017-05-26T14:38:16","date_gmt":"2017-05-26T14:38:16","guid":{"rendered":"http:\/\/www.sutequim.com\/?page_id=203"},"modified":"2017-05-26T14:38:16","modified_gmt":"2017-05-26T14:38:16","slug":"detergente-liquido-para-lavanderias","status":"publish","type":"page","link":"https:\/\/sutequim.com\/?page_id=203","title":{"rendered":"DETERGENTE LIQUIDO PARA LAVANDERIAS"},"content":{"rendered":"<h4><strong><img loading=\"lazy\" decoding=\"async\" class=\"size-full wp-image-424 alignright\" src=\"https:\/\/sutequim.com\/wp-content\/uploads\/2017\/05\/detergente-liquido-lavander-1.jpg\" alt=\"\" width=\"250\" height=\"250\" \/>Caracter\u00edsticas:<\/strong><\/h4>\n<ul>\n<li style=\"text-align: justify;\">Ha sido formulado para la remoci\u00f3n r\u00e1pida y econ\u00f3mica del sucio, grasas, <strong>sangre, <\/strong>medicamentos en ropa de hospitales y cl\u00ednicas, lencer\u00eda, uniformes, utensilios y equipos de trabajo m\u00e9dico y param\u00e9dico.<\/li>\n<li style=\"text-align: justify;\">En su formulaci\u00f3n act\u00faan emulsificantes disolventes y detergentes sint\u00e9ticos de acci\u00f3n combinada que ayudan a eliminar una gran variedad de grasas, sangre y sucio adheridos a los tejidos.<\/li>\n<\/ul>\n<h4><strong>Ventajas:<\/strong><\/h4>\n<ul>\n<li>Producto concentrado con gran poder de limpieza.<\/li>\n<li>Es econ\u00f3mico, puede ser diluido de (1) parte de producto hasta con (20) partes de agua.<\/li>\n<li>Es <strong>BIODEGRADABLE<\/strong>.<\/li>\n<li>No es toxico, no contiene elementos abrasivos y su pH es neutro.<\/li>\n<li>No es da\u00f1ino al contacto con la piel.<\/li>\n<\/ul>\n<h4><strong>\u00a0Modo De Uso:<\/strong><\/h4>\n<ul>\n<li style=\"text-align: justify;\">La cantidad a usar variar de acuerdo al tipo de sucio a remover. Se puede aplicar directamente al material a lavar o poner previamente en remojo en una proporci\u00f3n de (1) parte del producto por (20) partes de agua.<\/li>\n<li style=\"text-align: justify;\">Para la remoci\u00f3n de sangre y grasas, diluir en igual proporci\u00f3n (1) parte en (20) partes de agua.<\/li>\n<li style=\"text-align: justify;\">Para el lavado de utensilios de laboratorio y quir\u00f3fanos, diluir (1) parte en (15) partes de agua.<\/li>\n<\/ul>\n<h4><strong>Precauciones:<\/strong><\/h4>\n<ul>\n<li>Puede ser da\u00f1ino si se ingiere.<\/li>\n<li>Guardar el envase cerrado y a temperatura ambiente.<\/li>\n<li>Mantener alejado de los ni\u00f1os.<\/li>\n<\/ul>\n","protected":false},"excerpt":{"rendered":"<p>Caracter\u00edsticas: Ha sido formulado para la remoci\u00f3n r\u00e1pida y econ\u00f3mica del sucio, grasas, sangre, medicamentos en ropa de hospitales y cl\u00ednicas, lencer\u00eda, uniformes, utensilios y equipos de trabajo m\u00e9dico y param\u00e9dico. En su formulaci\u00f3n act\u00faan emulsificantes disolventes y detergentes sint\u00e9ticos de acci\u00f3n combinada que ayudan a eliminar una gran variedad&#8230;<\/p>\n<p> <a class=\"continue-reading-link\" href=\"https:\/\/sutequim.com\/?page_id=203\"><span>Continue reading<\/span><i class=\"crycon-right-dir\"><\/i><\/a> <\/p>\n","protected":false},"author":8,"featured_media":0,"parent":104,"menu_order":0,"comment_status":"closed","ping_status":"closed","template":"","meta":{"footnotes":""},"class_list":["post-203","page","type-page","status-publish","hentry"],"_links":{"self":[{"href":"https:\/\/sutequim.com\/index.php?rest_route=\/wp\/v2\/pages\/203","targetHints":{"allow":["GET"]}}],"collection":[{"href":"https:\/\/sutequim.com\/index.php?rest_route=\/wp\/v2\/pages"}],"about":[{"href":"https:\/\/sutequim.com\/index.php?rest_route=\/wp\/v2\/types\/page"}],"author":[{"embeddable":true,"href":"https:\/\/sutequim.com\/index.php?rest_route=\/wp\/v2\/users\/8"}],"replies":[{"embeddable":true,"href":"https:\/\/sutequim.com\/index.php?rest_route=%2Fwp%2Fv2%2Fcomments&post=203"}],"version-history":[{"count":0,"href":"https:\/\/sutequim.com\/index.php?rest_route=\/wp\/v2\/pages\/203\/revisions"}],"up":[{"embeddable":true,"href":"https:\/\/sutequim.com\/index.php?rest_route=\/wp\/v2\/pages\/104"}],"wp:attachment":[{"href":"https:\/\/sutequim.com\/index.php?rest_route=%2Fwp%2Fv2%2Fmedia&parent=203"}],"curies":[{"name":"wp","href":"https:\/\/api.w.org\/{rel}","templated":true}]}}