{"id":205,"date":"2017-05-26T14:39:13","date_gmt":"2017-05-26T14:39:13","guid":{"rendered":"http:\/\/www.sutequim.com\/?page_id=205"},"modified":"2017-05-26T14:39:13","modified_gmt":"2017-05-26T14:39:13","slug":"detergente-liquido-usos-multiples","status":"publish","type":"page","link":"https:\/\/sutequim.com\/?page_id=205","title":{"rendered":"DETERGENTE LIQUIDO USOS MULTIPLES"},"content":{"rendered":"<h4><strong><img loading=\"lazy\" decoding=\"async\" class=\"size-full wp-image-426 alignright\" src=\"https:\/\/sutequim.com\/wp-content\/uploads\/2017\/05\/detergente-liquido-para-uso.jpg\" alt=\"\" width=\"250\" height=\"250\" srcset=\"https:\/\/sutequim.com\/wp-content\/uploads\/2017\/05\/detergente-liquido-para-uso.jpg 250w, https:\/\/sutequim.com\/wp-content\/uploads\/2017\/05\/detergente-liquido-para-uso-150x150.jpg 150w\" sizes=\"auto, (max-width: 250px) 100vw, 250px\" \/>Caracter\u00edsticas:<\/strong><\/h4>\n<ul>\n<li style=\"text-align: justify;\">Es un jab\u00f3n especialmente formulado para satisfacer las necesidades de un buen limpiador, para ser empleado en cualquier tipo de superficie lavable con agua.<\/li>\n<li style=\"text-align: justify;\">Tiene una mayor acci\u00f3n que un limpiador com\u00fan. Aun con gran diluci\u00f3n de agua es altamente efectivo, penetra en el sucio sac\u00e1ndole con facilidad.<\/li>\n<li style=\"text-align: justify;\">Excelente en el lavado de veh\u00edculos.<\/li>\n<li style=\"text-align: justify;\">Es ideal para la limpieza de las manos del personal de oficina y talleres en general.<\/li>\n<li style=\"text-align: justify;\">Es altamente concentrado de donde se deriva su econom\u00eda, no contiene \u00e1cidos ni solventes que puedan da\u00f1ar la piel o alg\u00fan material en general, no da\u00f1a la pintura ni produce corrosi\u00f3n, es un excelente desengrasante a un m\u00ednimo costo.<\/li>\n<\/ul>\n<h4><strong>Aplicaci\u00f3n: <\/strong><\/h4>\n<ul>\n<li>Para la limpieza de paredes y vidrios: Diluya (1) parte de producto por (80) a (100) de agua..<\/li>\n<li>Formica, acero, pl\u00e1sticos, cuero: (1) parte de producto con (50) partes de agua.<\/li>\n<li>Para limpiezas fuertes: (1) parte de producto en 10 partes de agua.<\/li>\n<li>Para Limpiezas rutinarias: (1) parte de producto por (20) a (30) partes de agua.<\/li>\n<li>Para las manos: (1) parte de producto en (5) partes de agua.<\/li>\n<li>Para limpieza de veh\u00edculos: (1) parte de producto por (50) partes de agua.<\/li>\n<\/ul>\n","protected":false},"excerpt":{"rendered":"<p>Caracter\u00edsticas: Es un jab\u00f3n especialmente formulado para satisfacer las necesidades de un buen limpiador, para ser empleado en cualquier tipo de superficie lavable con agua. Tiene una mayor acci\u00f3n que un limpiador com\u00fan. Aun con gran diluci\u00f3n de agua es altamente efectivo, penetra en el sucio sac\u00e1ndole con facilidad. Excelente&#8230;<\/p>\n<p> <a class=\"continue-reading-link\" href=\"https:\/\/sutequim.com\/?page_id=205\"><span>Continue reading<\/span><i class=\"crycon-right-dir\"><\/i><\/a> <\/p>\n","protected":false},"author":8,"featured_media":0,"parent":104,"menu_order":0,"comment_status":"closed","ping_status":"closed","template":"","meta":{"footnotes":""},"class_list":["post-205","page","type-page","status-publish","hentry"],"_links":{"self":[{"href":"https:\/\/sutequim.com\/index.php?rest_route=\/wp\/v2\/pages\/205","targetHints":{"allow":["GET"]}}],"collection":[{"href":"https:\/\/sutequim.com\/index.php?rest_route=\/wp\/v2\/pages"}],"about":[{"href":"https:\/\/sutequim.com\/index.php?rest_route=\/wp\/v2\/types\/page"}],"author":[{"embeddable":true,"href":"https:\/\/sutequim.com\/index.php?rest_route=\/wp\/v2\/users\/8"}],"replies":[{"embeddable":true,"href":"https:\/\/sutequim.com\/index.php?rest_route=%2Fwp%2Fv2%2Fcomments&post=205"}],"version-history":[{"count":0,"href":"https:\/\/sutequim.com\/index.php?rest_route=\/wp\/v2\/pages\/205\/revisions"}],"up":[{"embeddable":true,"href":"https:\/\/sutequim.com\/index.php?rest_route=\/wp\/v2\/pages\/104"}],"wp:attachment":[{"href":"https:\/\/sutequim.com\/index.php?rest_route=%2Fwp%2Fv2%2Fmedia&parent=205"}],"curies":[{"name":"wp","href":"https:\/\/api.w.org\/{rel}","templated":true}]}}