{"id":266,"date":"2017-05-29T12:55:01","date_gmt":"2017-05-29T12:55:01","guid":{"rendered":"http:\/\/www.sutequim.com\/?page_id=266"},"modified":"2017-05-29T12:55:01","modified_gmt":"2017-05-29T12:55:01","slug":"crema-limpiadora-y-desengrasante-para-las-manos","status":"publish","type":"page","link":"https:\/\/sutequim.com\/?page_id=266","title":{"rendered":"CREMA LIMPIADORA Y DESENGRASANTE PARA LAS MANOS"},"content":{"rendered":"<h4><img loading=\"lazy\" decoding=\"async\" class=\"size-full wp-image-499 alignright\" src=\"https:\/\/sutequim.com\/wp-content\/uploads\/2017\/05\/crema-limpiadora-desengrasa-1.jpg\" alt=\"\" width=\"250\" height=\"250\" \/>Caracter\u00edsticas:<\/h4>\n<ul>\n<li style=\"text-align: justify;\">Es una crema limpiadora y desengrasante de la piel, su acci\u00f3n poderosa remueve f\u00e1cilmente la grasa, tinta, negro humo, asfalto, carb\u00f3n y cualquier sucio en general adherido a las manos, sin necesidad de emplear agua.<\/li>\n<li style=\"text-align: justify;\">Puede usarse en cualquier parte del cuerpo..<\/li>\n<li style=\"text-align: justify;\">Su formulaci\u00f3n posee elementos desengrasantes a base de detergentes neutralizados y suavizantes que permiten obtener una limpieza profunda.<\/li>\n<li style=\"text-align: justify;\">Contiene en su formulaci\u00f3n componentes humectantes y lanolina, lo cual garantiza el buen cuidado de la piel, dej\u00e1ndola suave.<\/li>\n<\/ul>\n<p><img loading=\"lazy\" decoding=\"async\" class=\"alignnone size-full wp-image-501\" src=\"https:\/\/sutequim.com\/wp-content\/uploads\/2017\/05\/tabla-crema-desengrasante.jpg\" alt=\"\" width=\"612\" height=\"143\" \/><\/p>\n<h4><strong>\u00a0Usos:<\/strong><\/h4>\n<ul>\n<li style=\"text-align: justify;\">Es ideal para limpiar cualquier tipo de sucio adherido a las manos.<\/li>\n<li style=\"text-align: justify;\">Puede ser utilizado en la industria en general, talleres mec\u00e1nicos, oficinas t\u00e9cnicas, imprentas compa\u00f1\u00edas petroleras.<\/li>\n<\/ul>\n<h4><strong>\u00a0Aplicaci\u00f3n:<\/strong><\/h4>\n<ul>\n<li style=\"text-align: justify;\">Debe aplicarse una peque\u00f1a porci\u00f3n de crema en las manos, seguidamente frotarse suavemente hasta remover totalmente la grasa o sucio adherido, esperando la diluci\u00f3n de la crema en apariencia liquida y luego seque con un pa\u00f1o o papel absorbente.<\/li>\n<li style=\"text-align: justify;\">Una vez removida toda la grasa y el sucio, tambi\u00e9n puede ser emulsionable con agua.<\/li>\n<\/ul>\n","protected":false},"excerpt":{"rendered":"<p>Caracter\u00edsticas: Es una crema limpiadora y desengrasante de la piel, su acci\u00f3n poderosa remueve f\u00e1cilmente la grasa, tinta, negro humo, asfalto, carb\u00f3n y cualquier sucio en general adherido a las manos, sin necesidad de emplear agua. Puede usarse en cualquier parte del cuerpo.. Su formulaci\u00f3n posee elementos desengrasantes a base&#8230;<\/p>\n<p> <a class=\"continue-reading-link\" href=\"https:\/\/sutequim.com\/?page_id=266\"><span>Continue reading<\/span><i class=\"crycon-right-dir\"><\/i><\/a> <\/p>\n","protected":false},"author":8,"featured_media":0,"parent":108,"menu_order":0,"comment_status":"closed","ping_status":"closed","template":"","meta":{"footnotes":""},"class_list":["post-266","page","type-page","status-publish","hentry"],"_links":{"self":[{"href":"https:\/\/sutequim.com\/index.php?rest_route=\/wp\/v2\/pages\/266","targetHints":{"allow":["GET"]}}],"collection":[{"href":"https:\/\/sutequim.com\/index.php?rest_route=\/wp\/v2\/pages"}],"about":[{"href":"https:\/\/sutequim.com\/index.php?rest_route=\/wp\/v2\/types\/page"}],"author":[{"embeddable":true,"href":"https:\/\/sutequim.com\/index.php?rest_route=\/wp\/v2\/users\/8"}],"replies":[{"embeddable":true,"href":"https:\/\/sutequim.com\/index.php?rest_route=%2Fwp%2Fv2%2Fcomments&post=266"}],"version-history":[{"count":0,"href":"https:\/\/sutequim.com\/index.php?rest_route=\/wp\/v2\/pages\/266\/revisions"}],"up":[{"embeddable":true,"href":"https:\/\/sutequim.com\/index.php?rest_route=\/wp\/v2\/pages\/108"}],"wp:attachment":[{"href":"https:\/\/sutequim.com\/index.php?rest_route=%2Fwp%2Fv2%2Fmedia&parent=266"}],"curies":[{"name":"wp","href":"https:\/\/api.w.org\/{rel}","templated":true}]}}