{"id":268,"date":"2017-05-29T13:13:12","date_gmt":"2017-05-29T13:13:12","guid":{"rendered":"http:\/\/www.sutequim.com\/?page_id=268"},"modified":"2020-09-18T12:25:56","modified_gmt":"2020-09-18T12:25:56","slug":"gel-antibacterail","status":"publish","type":"page","link":"https:\/\/sutequim.com\/?page_id=268","title":{"rendered":"GEL ANTIBACTERIAL"},"content":{"rendered":"<p><img loading=\"lazy\" decoding=\"async\" class=\"alignright wp-image-510 size-full\" src=\"https:\/\/sutequim.com\/wp-content\/uploads\/2017\/05\/gel-antibacterial-1.jpg\" alt=\"\" width=\"250\" height=\"250\" srcset=\"https:\/\/sutequim.com\/wp-content\/uploads\/2017\/05\/gel-antibacterial-1.jpg 250w, https:\/\/sutequim.com\/wp-content\/uploads\/2017\/05\/gel-antibacterial-1-150x150.jpg 150w\" sizes=\"auto, (max-width: 250px) 100vw, 250px\" \/>Es un producto\u00a0antis\u00e9ptico empleado para detener la propagaci\u00f3n de\u00a0 g\u00e9rmenes.<\/p>\n<p>Mata un 99,9% de las bacterias de las manos en 30 segundos, y matan entre un 99,99% y un 99,999% de la\u00a0bacterias\u00a0en un minuto. Cuando las manos no est\u00e1n sucias visiblemente,.<\/p>\n<p>Los\u00a0centros de control sanitarios, recomiendan el uso del gel sanitizante para matar la mayor\u00eda de\u00a0las bacterias y hongos. Elimina muchos tipos de bacterias, incluyendo las que tienen\u00a0resistencia a los\u00a0antibi\u00f3ticos y la bacteria de la tuberculosis (Mycobacterium tuberculosis). Tambi\u00e9n tienen alta actividad antiv\u00edrica y pueden \u00abeliminar\u00bb efectivamente los virus con envolturas como los de la\u00a0gripe\u00a0el\u00a0refriado com\u00fan\u00a0 o el\u00a0VIH. Tambi\u00e9n pueden matar los\u00a0hongos.<\/p>\n<p>Las fricciones de alcohol son aproximadamente cien veces m\u00e1s efectivas contra los virus, que cualquier otra forma de lavarse las manos. El alcohol isoprop\u00edlico mata instant\u00e1neamente un 99.99% o m\u00e1s de las bacterias que no forman esporas en\u00a0\u00a0 menos de 30 segundos.<\/p>\n<p>Es un desinfectante instant\u00e1neo de manos. No es t\u00f3xico, limpia y desinfecta en una sola\u00a0 y simple operaci\u00f3n. Disuelve grasas animales y vegetales.<\/p>\n<p>Deja las manos\u00a0 con una agradable sensaci\u00f3n de limpieza, ayudando a reducir los riesgos de infecci\u00f3n.<\/p>\n<h5><strong>Caracteristicas:<\/strong><\/h5>\n<p>&gt;\u00a0Poderoso antibacterial en gel.<\/p>\n<p>&gt;\u00a0Desengrasa y desinfecta en una sola operaci\u00f3n.<\/p>\n<p>&gt;\u00a0Acci\u00f3n r\u00e1pida y sin dejar residuos.<\/p>\n<p>&gt; Previene contagios y contaminaci\u00f3n.<\/p>\n<p>&gt;\u00a0F\u00e1cil aplicaci\u00f3n.<\/p>\n<p>&gt;\u00a0Excelente bactericida y fungicida.<\/p>\n<p>&gt;\u00a0Listo para usar.<\/p>\n<h5><strong>Modo de uso:<\/strong><\/h5>\n<p>Frote vigorosamente con sus manos hasta secarse. No es necesario usar toallas ni enjuague.<\/p>\n<h5><strong>Precauciones:<\/strong><\/h5>\n<p>Mant\u00e9ngase fuera del alcance de los ni\u00f1os.<\/p>\n<p>Contiene alcohol Et\u00edlico.<\/p>\n<p>No sobreponga a altas temperaturas o llama directa Es inflamable.<\/p>\n<p>Puede tener efectos t\u00f3xicos por ingesti\u00f3n.<\/p>\n<p>Tolerancia en el aire: 1000 p.p.m<\/p>\n","protected":false},"excerpt":{"rendered":"<p>Es un producto\u00a0antis\u00e9ptico empleado para detener la propagaci\u00f3n de\u00a0 g\u00e9rmenes. Mata un 99,9% de las bacterias de las manos en 30 segundos, y matan entre un 99,99% y un 99,999% de la\u00a0bacterias\u00a0en un minuto. Cuando las manos no est\u00e1n sucias visiblemente,. Los\u00a0centros de control sanitarios, recomiendan el uso del gel&#8230;<\/p>\n<p> <a class=\"continue-reading-link\" href=\"https:\/\/sutequim.com\/?page_id=268\"><span>Continue reading<\/span><i class=\"crycon-right-dir\"><\/i><\/a> <\/p>\n","protected":false},"author":8,"featured_media":0,"parent":108,"menu_order":0,"comment_status":"closed","ping_status":"closed","template":"","meta":{"footnotes":""},"class_list":["post-268","page","type-page","status-publish","hentry"],"_links":{"self":[{"href":"https:\/\/sutequim.com\/index.php?rest_route=\/wp\/v2\/pages\/268","targetHints":{"allow":["GET"]}}],"collection":[{"href":"https:\/\/sutequim.com\/index.php?rest_route=\/wp\/v2\/pages"}],"about":[{"href":"https:\/\/sutequim.com\/index.php?rest_route=\/wp\/v2\/types\/page"}],"author":[{"embeddable":true,"href":"https:\/\/sutequim.com\/index.php?rest_route=\/wp\/v2\/users\/8"}],"replies":[{"embeddable":true,"href":"https:\/\/sutequim.com\/index.php?rest_route=%2Fwp%2Fv2%2Fcomments&post=268"}],"version-history":[{"count":4,"href":"https:\/\/sutequim.com\/index.php?rest_route=\/wp\/v2\/pages\/268\/revisions"}],"predecessor-version":[{"id":677,"href":"https:\/\/sutequim.com\/index.php?rest_route=\/wp\/v2\/pages\/268\/revisions\/677"}],"up":[{"embeddable":true,"href":"https:\/\/sutequim.com\/index.php?rest_route=\/wp\/v2\/pages\/108"}],"wp:attachment":[{"href":"https:\/\/sutequim.com\/index.php?rest_route=%2Fwp%2Fv2%2Fmedia&parent=268"}],"curies":[{"name":"wp","href":"https:\/\/api.w.org\/{rel}","templated":true}]}}