{"id":272,"date":"2017-05-29T13:21:35","date_gmt":"2017-05-29T13:21:35","guid":{"rendered":"http:\/\/www.sutequim.com\/?page_id=272"},"modified":"2017-05-29T13:21:35","modified_gmt":"2017-05-29T13:21:35","slug":"jabon-antiseptico-para-las-manos","status":"publish","type":"page","link":"https:\/\/sutequim.com\/?page_id=272","title":{"rendered":"JABON ANTIS\u00c9PTICO PARA LAS MANOS"},"content":{"rendered":"<h4><img loading=\"lazy\" decoding=\"async\" class=\"size-full wp-image-506 alignright\" src=\"https:\/\/sutequim.com\/wp-content\/uploads\/2017\/05\/gel-antiseptico.jpg\" alt=\"\" width=\"250\" height=\"250\" srcset=\"https:\/\/sutequim.com\/wp-content\/uploads\/2017\/05\/gel-antiseptico.jpg 250w, https:\/\/sutequim.com\/wp-content\/uploads\/2017\/05\/gel-antiseptico-150x150.jpg 150w\" sizes=\"auto, (max-width: 250px) 100vw, 250px\" \/>Caracter\u00edsticas:<\/h4>\n<ul>\n<li style=\"text-align: justify;\">Es un jab\u00f3n l\u00edquido con poder bactericida. <strong>Biodegradable<\/strong>, el cual puede ser usado para el lavado y desinfecci\u00f3n de las manos, o cualquier parte de la piel, permite mayor acci\u00f3n de limpieza que los jabones comunes diluidos en agua, es altamente efectivo, penetra en el sucio sac\u00e1ndolo con facilidad.<\/li>\n<li style=\"text-align: justify;\">Contiene desinfectante y agentes emulsificantes que eliminan totalmente la grasa y la suciedad dejando la piel limpia y descontaminada.<\/li>\n<li style=\"text-align: justify;\">Es econ\u00f3mico, altamente concentrado, no contiene \u00e1cidos ni solventes que puedan causar da\u00f1o a la piel, no contiene aroma; por tanto lo convierte en un producto inocuo en la contaminaci\u00f3n de los productos o equipos donde se use, especialmente en procesadoras de alimentos, laboratorios e industria farmac\u00e9utica.<\/li>\n<\/ul>\n<h4>Indicaciones para su uso:<\/h4>\n<ul>\n<li style=\"text-align: justify;\">Diluir (1) parte del producto en (5) partes de agua, esta soluci\u00f3n ser\u00e1 suficiente para obtener excelentes resultados de su acci\u00f3n de limpieza y desinfecci\u00f3n.<\/li>\n<li style=\"text-align: justify;\">Puede ser usado para la desinfecci\u00f3n y limpieza de equipos de producci\u00f3n de alimentos.<\/li>\n<\/ul>\n<h4>\u00a0Precauciones:<\/h4>\n<ul>\n<li>Mant\u00e9ngase el envase bien cerrado, en sitio adecuado de almacenamiento y evite su contaminaci\u00f3n.<\/li>\n<\/ul>\n","protected":false},"excerpt":{"rendered":"<p>Caracter\u00edsticas: Es un jab\u00f3n l\u00edquido con poder bactericida. Biodegradable, el cual puede ser usado para el lavado y desinfecci\u00f3n de las manos, o cualquier parte de la piel, permite mayor acci\u00f3n de limpieza que los jabones comunes diluidos en agua, es altamente efectivo, penetra en el sucio sac\u00e1ndolo con facilidad&#8230;.<\/p>\n<p> <a class=\"continue-reading-link\" href=\"https:\/\/sutequim.com\/?page_id=272\"><span>Continue reading<\/span><i class=\"crycon-right-dir\"><\/i><\/a> <\/p>\n","protected":false},"author":8,"featured_media":0,"parent":108,"menu_order":0,"comment_status":"closed","ping_status":"closed","template":"","meta":{"footnotes":""},"class_list":["post-272","page","type-page","status-publish","hentry"],"_links":{"self":[{"href":"https:\/\/sutequim.com\/index.php?rest_route=\/wp\/v2\/pages\/272","targetHints":{"allow":["GET"]}}],"collection":[{"href":"https:\/\/sutequim.com\/index.php?rest_route=\/wp\/v2\/pages"}],"about":[{"href":"https:\/\/sutequim.com\/index.php?rest_route=\/wp\/v2\/types\/page"}],"author":[{"embeddable":true,"href":"https:\/\/sutequim.com\/index.php?rest_route=\/wp\/v2\/users\/8"}],"replies":[{"embeddable":true,"href":"https:\/\/sutequim.com\/index.php?rest_route=%2Fwp%2Fv2%2Fcomments&post=272"}],"version-history":[{"count":0,"href":"https:\/\/sutequim.com\/index.php?rest_route=\/wp\/v2\/pages\/272\/revisions"}],"up":[{"embeddable":true,"href":"https:\/\/sutequim.com\/index.php?rest_route=\/wp\/v2\/pages\/108"}],"wp:attachment":[{"href":"https:\/\/sutequim.com\/index.php?rest_route=%2Fwp%2Fv2%2Fmedia&parent=272"}],"curies":[{"name":"wp","href":"https:\/\/api.w.org\/{rel}","templated":true}]}}