{"id":278,"date":"2017-05-29T13:42:12","date_gmt":"2017-05-29T13:42:12","guid":{"rendered":"http:\/\/www.sutequim.com\/?page_id=278"},"modified":"2020-09-16T15:08:26","modified_gmt":"2020-09-16T15:08:26","slug":"locion-perlada-para-limpieza-de-manos","status":"publish","type":"page","link":"https:\/\/sutequim.com\/?page_id=278","title":{"rendered":"LOCI\u00d3N PERLADA PARA LIMPIEZA DE MANOS"},"content":{"rendered":"<h4><img loading=\"lazy\" decoding=\"async\" class=\"size-medium wp-image-658 alignright\" src=\"https:\/\/sutequim.com\/wp-content\/uploads\/2020\/09\/JABON-LIQUIDO-PERLADO-300x300.jpg\" alt=\"\" width=\"300\" height=\"300\" srcset=\"https:\/\/sutequim.com\/wp-content\/uploads\/2020\/09\/JABON-LIQUIDO-PERLADO-300x300.jpg 300w, https:\/\/sutequim.com\/wp-content\/uploads\/2020\/09\/JABON-LIQUIDO-PERLADO-150x150.jpg 150w, https:\/\/sutequim.com\/wp-content\/uploads\/2020\/09\/JABON-LIQUIDO-PERLADO.jpg 600w\" sizes=\"auto, (max-width: 300px) 100vw, 300px\" \/>Caracter\u00edsticas:<\/h4>\n<ul>\n<li style=\"text-align: justify;\">Es una loci\u00f3n concentrada, formulada con agentes humectantes y suavizantes de alta calidad para la limpieza y lavado de las manos, sus ingredientes suavizantes y agradable fragancia dan a la piel una protecci\u00f3n, garantizando una limpieza integral.<\/li>\n<li style=\"text-align: justify;\">No es irritante, ni abrasivo y no contiene agentes c\u00e1usticos que da\u00f1en la piel.<\/li>\n<li style=\"text-align: justify;\">Elimina con facilidad el sucio y grasa adherida a las manos dej\u00e1ndolas limpias y suaves.<\/li>\n<\/ul>\n<h4>Indicaciones para su uso:<\/h4>\n<ul>\n<li>Viene listo para usar, es de utilidad en oficinas, hoteles, restaurantes, cl\u00ednicas.<strong><br \/>\n<\/strong><\/li>\n<\/ul>\n","protected":false},"excerpt":{"rendered":"<p>Caracter\u00edsticas: Es una loci\u00f3n concentrada, formulada con agentes humectantes y suavizantes de alta calidad para la limpieza y lavado de las manos, sus ingredientes suavizantes y agradable fragancia dan a la piel una protecci\u00f3n, garantizando una limpieza integral. No es irritante, ni abrasivo y no contiene agentes c\u00e1usticos que da\u00f1en&#8230;<\/p>\n<p> <a class=\"continue-reading-link\" href=\"https:\/\/sutequim.com\/?page_id=278\"><span>Continue reading<\/span><i class=\"crycon-right-dir\"><\/i><\/a> <\/p>\n","protected":false},"author":8,"featured_media":0,"parent":108,"menu_order":0,"comment_status":"closed","ping_status":"closed","template":"","meta":{"footnotes":""},"class_list":["post-278","page","type-page","status-publish","hentry"],"_links":{"self":[{"href":"https:\/\/sutequim.com\/index.php?rest_route=\/wp\/v2\/pages\/278","targetHints":{"allow":["GET"]}}],"collection":[{"href":"https:\/\/sutequim.com\/index.php?rest_route=\/wp\/v2\/pages"}],"about":[{"href":"https:\/\/sutequim.com\/index.php?rest_route=\/wp\/v2\/types\/page"}],"author":[{"embeddable":true,"href":"https:\/\/sutequim.com\/index.php?rest_route=\/wp\/v2\/users\/8"}],"replies":[{"embeddable":true,"href":"https:\/\/sutequim.com\/index.php?rest_route=%2Fwp%2Fv2%2Fcomments&post=278"}],"version-history":[{"count":1,"href":"https:\/\/sutequim.com\/index.php?rest_route=\/wp\/v2\/pages\/278\/revisions"}],"predecessor-version":[{"id":659,"href":"https:\/\/sutequim.com\/index.php?rest_route=\/wp\/v2\/pages\/278\/revisions\/659"}],"up":[{"embeddable":true,"href":"https:\/\/sutequim.com\/index.php?rest_route=\/wp\/v2\/pages\/108"}],"wp:attachment":[{"href":"https:\/\/sutequim.com\/index.php?rest_route=%2Fwp%2Fv2%2Fmedia&parent=278"}],"curies":[{"name":"wp","href":"https:\/\/api.w.org\/{rel}","templated":true}]}}