{"id":280,"date":"2017-05-29T20:06:51","date_gmt":"2017-05-29T20:06:51","guid":{"rendered":"http:\/\/www.sutequim.com\/?page_id=280"},"modified":"2020-09-16T14:11:47","modified_gmt":"2020-09-16T14:11:47","slug":"limpiador-y-abrillantador-de-aluminio","status":"publish","type":"page","link":"https:\/\/sutequim.com\/?page_id=280","title":{"rendered":"LIMPIADOR Y ABRILLANTADOR DE ALUMINIO"},"content":{"rendered":"<h4><strong><img loading=\"lazy\" decoding=\"async\" class=\"aligncenter wp-image-637 size-full\" src=\"https:\/\/sutequim.com\/wp-content\/uploads\/2020\/09\/antes-despues.jpg\" alt=\"\" width=\"640\" height=\"238\" srcset=\"https:\/\/sutequim.com\/wp-content\/uploads\/2020\/09\/antes-despues.jpg 640w, https:\/\/sutequim.com\/wp-content\/uploads\/2020\/09\/antes-despues-300x112.jpg 300w, https:\/\/sutequim.com\/wp-content\/uploads\/2020\/09\/antes-despues-150x56.jpg 150w\" sizes=\"auto, (max-width: 640px) 100vw, 640px\" \/>Caracter\u00edsticas:<\/strong><\/h4>\n<ul>\n<li style=\"text-align: justify;\">Es un compuesto l\u00edquido concentrado, formulado especialmente para limpiar y abrillantar aluminio en segundos. Contiene agentes humectantes y emulsificantes cuyas caracter\u00edsticas ayudan a remover los dep\u00f3sitos producidos por el holl\u00edn en cavas, dejando un brillo extra uniforme sobre la superficie de aluminio. Todos los detergentes usados en el limpiador, son <strong>BIODEGRADABLES<\/strong>.<\/li>\n<li style=\"text-align: justify;\">Es una nueva formula que da mejores resultados.<\/li>\n<li style=\"text-align: justify;\">Produce m\u00e1s y mejor brillo.<\/li>\n<li style=\"text-align: justify;\">Extremadamente r\u00e1pido en sus resultados.<\/li>\n<li style=\"text-align: justify;\">Remueve la corrosi\u00f3n y la oxidaci\u00f3n del aluminio.<\/li>\n<li style=\"text-align: justify;\">Remueve el holl\u00edn producido por el tubo de escape y los dep\u00f3sitos de grasas quemadas en camiones y cavas.<\/li>\n<li style=\"text-align: justify;\">Concentrado, debe ser diluido con agua antes de usar, (1) parte de producto hasta con (10) partes de agua.<\/li>\n<li style=\"text-align: justify;\">Puede ser utilizado para la limpieza de colmenas de Aires Acondicionados.<\/li>\n<li style=\"text-align: justify;\">No raya el aluminio, puede lavarse con agua a presi\u00f3n, dejando la superficie pulida y brillante.<\/li>\n<li style=\"text-align: justify;\">Ideal para limpieza de equipos de transporte, camiones, remolques, cavas y equipos industriales cuyas caracter\u00edsticas requieren de un producto de esta naturaleza.<\/li>\n<\/ul>\n<h4><strong>\u00a0Precauciones:<\/strong><\/h4>\n<ul>\n<li style=\"text-align: justify;\">Cuando se emplea en la limpieza de serpentines de aire acondicionado, debe enjuagarse con abundante agua antes de encenderlo, los vapores producidos pueden ser t\u00f3xicos, este es un producto \u00e1cido.<\/li>\n<li style=\"text-align: justify;\">Ev\u00edtese el contacto con piel y ojos.<\/li>\n<li style=\"text-align: justify;\">No debe ser utilizado sobre aluminio con tratamiento de superficie.<\/li>\n<li style=\"text-align: justify;\">Mant\u00e9ngase el envase bien cerrado y evite su contaminaci\u00f3n.<\/li>\n<\/ul>\n","protected":false},"excerpt":{"rendered":"<p>Caracter\u00edsticas: Es un compuesto l\u00edquido concentrado, formulado especialmente para limpiar y abrillantar aluminio en segundos. Contiene agentes humectantes y emulsificantes cuyas caracter\u00edsticas ayudan a remover los dep\u00f3sitos producidos por el holl\u00edn en cavas, dejando un brillo extra uniforme sobre la superficie de aluminio. Todos los detergentes usados en el limpiador,&#8230;<\/p>\n<p> <a class=\"continue-reading-link\" href=\"https:\/\/sutequim.com\/?page_id=280\"><span>Continue reading<\/span><i class=\"crycon-right-dir\"><\/i><\/a> <\/p>\n","protected":false},"author":8,"featured_media":0,"parent":125,"menu_order":0,"comment_status":"closed","ping_status":"closed","template":"","meta":{"footnotes":""},"class_list":["post-280","page","type-page","status-publish","hentry"],"_links":{"self":[{"href":"https:\/\/sutequim.com\/index.php?rest_route=\/wp\/v2\/pages\/280","targetHints":{"allow":["GET"]}}],"collection":[{"href":"https:\/\/sutequim.com\/index.php?rest_route=\/wp\/v2\/pages"}],"about":[{"href":"https:\/\/sutequim.com\/index.php?rest_route=\/wp\/v2\/types\/page"}],"author":[{"embeddable":true,"href":"https:\/\/sutequim.com\/index.php?rest_route=\/wp\/v2\/users\/8"}],"replies":[{"embeddable":true,"href":"https:\/\/sutequim.com\/index.php?rest_route=%2Fwp%2Fv2%2Fcomments&post=280"}],"version-history":[{"count":8,"href":"https:\/\/sutequim.com\/index.php?rest_route=\/wp\/v2\/pages\/280\/revisions"}],"predecessor-version":[{"id":638,"href":"https:\/\/sutequim.com\/index.php?rest_route=\/wp\/v2\/pages\/280\/revisions\/638"}],"up":[{"embeddable":true,"href":"https:\/\/sutequim.com\/index.php?rest_route=\/wp\/v2\/pages\/125"}],"wp:attachment":[{"href":"https:\/\/sutequim.com\/index.php?rest_route=%2Fwp%2Fv2%2Fmedia&parent=280"}],"curies":[{"name":"wp","href":"https:\/\/api.w.org\/{rel}","templated":true}]}}