{"id":284,"date":"2017-05-29T20:16:18","date_gmt":"2017-05-29T20:16:18","guid":{"rendered":"http:\/\/www.sutequim.com\/?page_id=284"},"modified":"2020-09-16T14:38:28","modified_gmt":"2020-09-16T14:38:28","slug":"desmanchador-de-porcelana-y-baldosas","status":"publish","type":"page","link":"https:\/\/sutequim.com\/?page_id=284","title":{"rendered":"DESMANCHADOR DE PORCELANA Y BALDOSAS"},"content":{"rendered":"<h4><img loading=\"lazy\" decoding=\"async\" class=\"alignright wp-image-652 size-medium\" src=\"https:\/\/sutequim.com\/wp-content\/uploads\/2020\/09\/LIMPIADOR-DE-CERAMICA-300x174.jpg\" alt=\"\" width=\"300\" height=\"174\" srcset=\"https:\/\/sutequim.com\/wp-content\/uploads\/2020\/09\/LIMPIADOR-DE-CERAMICA-300x174.jpg 300w, https:\/\/sutequim.com\/wp-content\/uploads\/2020\/09\/LIMPIADOR-DE-CERAMICA-150x87.jpg 150w, https:\/\/sutequim.com\/wp-content\/uploads\/2020\/09\/LIMPIADOR-DE-CERAMICA.jpg 688w\" sizes=\"auto, (max-width: 300px) 100vw, 300px\" \/>Caracter\u00edsticas:<\/h4>\n<ul>\n<li style=\"text-align: justify;\">Es un producto l\u00edquido, limpiador de usos general, <strong>BIODEGRADABLE<\/strong>, no produce vapores t\u00f3xicos, agradablemente perfumado.<\/li>\n<li style=\"text-align: justify;\">Elimina \u00e9l oxido y las manchas existentes en las instalaciones sanitarias, manteni\u00e9ndolas limpias y sin olores desagradables.<\/li>\n<li style=\"text-align: justify;\">No ataca el vitrificado de la porcelana.<\/li>\n<\/ul>\n<p>Aplicaciones:<\/p>\n<ul>\n<li style=\"text-align: justify;\">Se puede aplicar en la limpieza de porcelana, acero inoxidable y fibra de vidrio.<\/li>\n<li style=\"text-align: justify;\">Elimina el or\u00edn, las manchas y las incrustaciones que se originan en las pocetas, urinarios, fuentes de agua potable, ba\u00f1eras, duchas y piscinas.<\/li>\n<li style=\"text-align: justify;\">Remueve incrustaciones, herrumbre, algas, dep\u00f3sitos de calcio y la decoloraci\u00f3n que se forma en las pocetas, urinarios, piscinas, bronce, fibra de vidrio, cobre y acero inoxidable.<\/li>\n<\/ul>\n<h4>Usos:<\/h4>\n<ul>\n<li style=\"text-align: justify;\">Para la limpiar instalaciones sanitarias en general diluya 1 parte de producto en 5 partes de agua, luego roc\u00ede la superficie a limpiar y deje actuar por espacio de 5 minutos, luego se debe enjuagar con abundante agua. De la misma manera se debe aplicar para la limpieza de las otras areas antes mencionadas.<\/li>\n<\/ul>\n<h4>\u00a0Precauciones:<\/h4>\n<ul>\n<li style=\"text-align: justify;\">Es un producto \u00e1cido, por lo tanto es da\u00f1ino si se ingiere.<\/li>\n<li style=\"text-align: justify;\">Ev\u00edtese el contacto directo con la piel, en caso de suceder debe secarse bien la parte afectada y enjuagar con abundante agua.<\/li>\n<li style=\"text-align: justify;\"><strong>NO debe usarse<\/strong> en superficies de m\u00e1rmol, granito, terrazo y aluminio<strong>.<\/strong><\/li>\n<li style=\"text-align: justify;\">Mant\u00e9ngase el envase bien cerrado y a temperatura ambiente.<\/li>\n<\/ul>\n","protected":false},"excerpt":{"rendered":"<p>Caracter\u00edsticas: Es un producto l\u00edquido, limpiador de usos general, BIODEGRADABLE, no produce vapores t\u00f3xicos, agradablemente perfumado. Elimina \u00e9l oxido y las manchas existentes en las instalaciones sanitarias, manteni\u00e9ndolas limpias y sin olores desagradables. No ataca el vitrificado de la porcelana. Aplicaciones: Se puede aplicar en la limpieza de porcelana, acero&#8230;<\/p>\n<p> <a class=\"continue-reading-link\" href=\"https:\/\/sutequim.com\/?page_id=284\"><span>Continue reading<\/span><i class=\"crycon-right-dir\"><\/i><\/a> <\/p>\n","protected":false},"author":8,"featured_media":0,"parent":106,"menu_order":0,"comment_status":"closed","ping_status":"closed","template":"","meta":{"footnotes":""},"class_list":["post-284","page","type-page","status-publish","hentry"],"_links":{"self":[{"href":"https:\/\/sutequim.com\/index.php?rest_route=\/wp\/v2\/pages\/284","targetHints":{"allow":["GET"]}}],"collection":[{"href":"https:\/\/sutequim.com\/index.php?rest_route=\/wp\/v2\/pages"}],"about":[{"href":"https:\/\/sutequim.com\/index.php?rest_route=\/wp\/v2\/types\/page"}],"author":[{"embeddable":true,"href":"https:\/\/sutequim.com\/index.php?rest_route=\/wp\/v2\/users\/8"}],"replies":[{"embeddable":true,"href":"https:\/\/sutequim.com\/index.php?rest_route=%2Fwp%2Fv2%2Fcomments&post=284"}],"version-history":[{"count":1,"href":"https:\/\/sutequim.com\/index.php?rest_route=\/wp\/v2\/pages\/284\/revisions"}],"predecessor-version":[{"id":653,"href":"https:\/\/sutequim.com\/index.php?rest_route=\/wp\/v2\/pages\/284\/revisions\/653"}],"up":[{"embeddable":true,"href":"https:\/\/sutequim.com\/index.php?rest_route=\/wp\/v2\/pages\/106"}],"wp:attachment":[{"href":"https:\/\/sutequim.com\/index.php?rest_route=%2Fwp%2Fv2%2Fmedia&parent=284"}],"curies":[{"name":"wp","href":"https:\/\/api.w.org\/{rel}","templated":true}]}}