{"id":286,"date":"2017-05-29T20:20:45","date_gmt":"2017-05-29T20:20:45","guid":{"rendered":"http:\/\/www.sutequim.com\/?page_id=286"},"modified":"2020-09-15T13:08:37","modified_gmt":"2020-09-15T13:08:37","slug":"destapador-de-canerias-alcalino","status":"publish","type":"page","link":"https:\/\/sutequim.com\/?page_id=286","title":{"rendered":"DESTAPADOR DE CA\u00d1ER\u00cdAS ALCALINO"},"content":{"rendered":"<h4><img loading=\"lazy\" decoding=\"async\" class=\"size-medium wp-image-596 alignright\" src=\"https:\/\/sutequim.com\/wp-content\/uploads\/2020\/09\/DESTAPADOR-DE-CANERIAS-300x207.jpg\" alt=\"\" width=\"300\" height=\"207\" srcset=\"https:\/\/sutequim.com\/wp-content\/uploads\/2020\/09\/DESTAPADOR-DE-CANERIAS-300x207.jpg 300w, https:\/\/sutequim.com\/wp-content\/uploads\/2020\/09\/DESTAPADOR-DE-CANERIAS-150x103.jpg 150w, https:\/\/sutequim.com\/wp-content\/uploads\/2020\/09\/DESTAPADOR-DE-CANERIAS.jpg 600w\" sizes=\"auto, (max-width: 300px) 100vw, 300px\" \/>Caracter\u00edsticas:<\/h4>\n<ul>\n<li style=\"text-align: justify;\">Ideal para el mantenimiento preventivo de las ca\u00f1er\u00edas.<\/li>\n<li style=\"text-align: justify;\">Es un producto alcalino l\u00edquido, que mantiene limpia y libre los drenajes y tuber\u00edas.<\/li>\n<li style=\"text-align: justify;\">Listo para usar.<\/li>\n<li style=\"text-align: justify;\">Es altamente concentrado, disuelve la materia org\u00e1nica por acci\u00f3n qu\u00edmica.<\/li>\n<li style=\"text-align: justify;\">Es efectivo para eliminar las obstrucciones ocasionadas por pelos, toallas sanitarias, tela, algod\u00f3n, etc.<\/li>\n<li style=\"text-align: justify;\">Efectivo en tuber\u00edas, lavamanos, duchas, W.C., tanques s\u00e9pticos, etc.<\/li>\n<\/ul>\n<h4>Aplicaci\u00f3n:<\/h4>\n<ul>\n<li style=\"text-align: justify;\">Se recomienda usar el producto peri\u00f3dicamente cada 15 d\u00edas por lapso de 3 a 6 meses; de esta manera se garantiza un mantenimiento preventivo al sistema de desag\u00fces.<\/li>\n<li style=\"text-align: justify;\">Viene listo para aplicar, agregue 1 litro en lavamanos, duchas y pocetas, deje actuar por 20 minutos y luego deje correr el agua.<\/li>\n<li style=\"text-align: justify;\">Ca\u00f1er\u00edas de di\u00e1metros de 3\u201d o mayores, agregar 2 litros de producto y deje actuar por 30 minutos.<\/li>\n<\/ul>\n<h4><strong>\u00a0<\/strong>Precauciones:<\/h4>\n<ul>\n<li style=\"text-align: justify;\">Producto altamente alcalino. Mant\u00e9ngase fuera del alcance de los ni\u00f1os, evite contacto directo con la piel y los ojos, en caso de contacto l\u00e1vese con abundante agua.<\/li>\n<li style=\"text-align: justify;\">No mezcle con productos \u00e1cidos, la reacci\u00f3n que se produce es peligrosa.<\/li>\n<li style=\"text-align: justify;\">No reutilizar el envase.<\/li>\n<\/ul>\n","protected":false},"excerpt":{"rendered":"<p>Caracter\u00edsticas: Ideal para el mantenimiento preventivo de las ca\u00f1er\u00edas. Es un producto alcalino l\u00edquido, que mantiene limpia y libre los drenajes y tuber\u00edas. Listo para usar. Es altamente concentrado, disuelve la materia org\u00e1nica por acci\u00f3n qu\u00edmica. Es efectivo para eliminar las obstrucciones ocasionadas por pelos, toallas sanitarias, tela, algod\u00f3n, etc&#8230;.<\/p>\n<p> <a class=\"continue-reading-link\" href=\"https:\/\/sutequim.com\/?page_id=286\"><span>Continue reading<\/span><i class=\"crycon-right-dir\"><\/i><\/a> <\/p>\n","protected":false},"author":8,"featured_media":0,"parent":106,"menu_order":0,"comment_status":"closed","ping_status":"closed","template":"","meta":{"footnotes":""},"class_list":["post-286","page","type-page","status-publish","hentry"],"_links":{"self":[{"href":"https:\/\/sutequim.com\/index.php?rest_route=\/wp\/v2\/pages\/286","targetHints":{"allow":["GET"]}}],"collection":[{"href":"https:\/\/sutequim.com\/index.php?rest_route=\/wp\/v2\/pages"}],"about":[{"href":"https:\/\/sutequim.com\/index.php?rest_route=\/wp\/v2\/types\/page"}],"author":[{"embeddable":true,"href":"https:\/\/sutequim.com\/index.php?rest_route=\/wp\/v2\/users\/8"}],"replies":[{"embeddable":true,"href":"https:\/\/sutequim.com\/index.php?rest_route=%2Fwp%2Fv2%2Fcomments&post=286"}],"version-history":[{"count":1,"href":"https:\/\/sutequim.com\/index.php?rest_route=\/wp\/v2\/pages\/286\/revisions"}],"predecessor-version":[{"id":597,"href":"https:\/\/sutequim.com\/index.php?rest_route=\/wp\/v2\/pages\/286\/revisions\/597"}],"up":[{"embeddable":true,"href":"https:\/\/sutequim.com\/index.php?rest_route=\/wp\/v2\/pages\/106"}],"wp:attachment":[{"href":"https:\/\/sutequim.com\/index.php?rest_route=%2Fwp%2Fv2%2Fmedia&parent=286"}],"curies":[{"name":"wp","href":"https:\/\/api.w.org\/{rel}","templated":true}]}}