{"id":288,"date":"2017-05-29T20:29:44","date_gmt":"2017-05-29T20:29:44","guid":{"rendered":"http:\/\/www.sutequim.com\/?page_id=288"},"modified":"2020-09-16T14:36:24","modified_gmt":"2020-09-16T14:36:24","slug":"champu-anti-estatico-para-alfombras-y-tapicerias","status":"publish","type":"page","link":"https:\/\/sutequim.com\/?page_id=288","title":{"rendered":"CHAMP\u00da ANTI-EST\u00c1TICO PARA ALFOMBRAS Y TAPICER\u00cdAS"},"content":{"rendered":"<h4><img loading=\"lazy\" decoding=\"async\" class=\"size-full wp-image-648 alignright\" src=\"https:\/\/sutequim.com\/wp-content\/uploads\/2020\/09\/lavado-alfombras.jpg\" alt=\"\" width=\"250\" height=\"250\" srcset=\"https:\/\/sutequim.com\/wp-content\/uploads\/2020\/09\/lavado-alfombras.jpg 250w, https:\/\/sutequim.com\/wp-content\/uploads\/2020\/09\/lavado-alfombras-150x150.jpg 150w\" sizes=\"auto, (max-width: 250px) 100vw, 250px\" \/>Caracter\u00edsticas:<\/h4>\n<ul>\n<li style=\"text-align: justify;\">Limpia profundamente y ayuda a restaurar el color original de las fibras.<\/li>\n<li style=\"text-align: justify;\">Su acci\u00f3n limpiadora emulsiona y disuelve el sucio y las grasas adheridas a las fibras del tejido.<\/li>\n<li style=\"text-align: justify;\">Su rica y activa espuma previene que las fibras del tejido se opaquen, conservando de esta manera sus formas naturales.<\/li>\n<li style=\"text-align: justify;\">No deja residuos viscosos de detergentes.<\/li>\n<li style=\"text-align: justify;\">Elimina los malos olores.<\/li>\n<li style=\"text-align: justify;\">Controla la proliferaci\u00f3n de bacterias, las cuales son producidas por exceso de humedad.<\/li>\n<li style=\"text-align: justify;\">Es un producto muy concentrado, esta caracter\u00edstica lo convierte en un producto econ\u00f3mico por su alta diluci\u00f3n.<\/li>\n<\/ul>\n<p><img loading=\"lazy\" decoding=\"async\" class=\"alignnone wp-image-645 size-full\" src=\"https:\/\/sutequim.com\/wp-content\/uploads\/2020\/09\/tabla-lavaalfombras.jpg\" alt=\"\" width=\"618\" height=\"147\" srcset=\"https:\/\/sutequim.com\/wp-content\/uploads\/2020\/09\/tabla-lavaalfombras.jpg 618w, https:\/\/sutequim.com\/wp-content\/uploads\/2020\/09\/tabla-lavaalfombras-300x71.jpg 300w, https:\/\/sutequim.com\/wp-content\/uploads\/2020\/09\/tabla-lavaalfombras-150x36.jpg 150w\" sizes=\"auto, (max-width: 618px) 100vw, 618px\" \/><\/p>\n<h4>Usos:<\/h4>\n<ul>\n<li style=\"text-align: justify;\">Es de f\u00e1cil aplicaci\u00f3n, puede ser usado con cualquier tipo de equipo o manualmente.<\/li>\n<li style=\"text-align: justify;\">La alfombra a tratar debe estar libre de polvo, aspire bien antes de su aplicaci\u00f3n.<\/li>\n<li style=\"text-align: justify;\">Si desea acelerar el secado, aspire luego de haber lavado la alfombra.<\/li>\n<li style=\"text-align: justify;\">Para el lavado de alfombras mezcle (1) parte de producto hasta con (15) partes de agua, dependiendo del grado de suciedad.<\/li>\n<li style=\"text-align: justify;\">Para el lavado a mano, mezcle (1) parte de producto con (10) partes de agua.<\/li>\n<\/ul>\n<p><img loading=\"lazy\" decoding=\"async\" class=\"alignnone size-medium wp-image-650\" src=\"https:\/\/sutequim.com\/wp-content\/uploads\/2020\/09\/alfombra-300x218.jpg\" alt=\"\" width=\"300\" height=\"218\" srcset=\"https:\/\/sutequim.com\/wp-content\/uploads\/2020\/09\/alfombra-300x218.jpg 300w, https:\/\/sutequim.com\/wp-content\/uploads\/2020\/09\/alfombra-150x109.jpg 150w, https:\/\/sutequim.com\/wp-content\/uploads\/2020\/09\/alfombra.jpg 546w\" sizes=\"auto, (max-width: 300px) 100vw, 300px\" \/><\/p>\n<h4>Precauciones:<\/h4>\n<ul>\n<li>Puede ser da\u00f1ino si se ingiere.<\/li>\n<li>Mantenga el envase bien cerrado.<\/li>\n<\/ul>\n","protected":false},"excerpt":{"rendered":"<p>Caracter\u00edsticas: Limpia profundamente y ayuda a restaurar el color original de las fibras. Su acci\u00f3n limpiadora emulsiona y disuelve el sucio y las grasas adheridas a las fibras del tejido. Su rica y activa espuma previene que las fibras del tejido se opaquen, conservando de esta manera sus formas naturales&#8230;.<\/p>\n<p> <a class=\"continue-reading-link\" href=\"https:\/\/sutequim.com\/?page_id=288\"><span>Continue reading<\/span><i class=\"crycon-right-dir\"><\/i><\/a> <\/p>\n","protected":false},"author":8,"featured_media":0,"parent":106,"menu_order":0,"comment_status":"closed","ping_status":"closed","template":"","meta":{"footnotes":""},"class_list":["post-288","page","type-page","status-publish","hentry"],"_links":{"self":[{"href":"https:\/\/sutequim.com\/index.php?rest_route=\/wp\/v2\/pages\/288","targetHints":{"allow":["GET"]}}],"collection":[{"href":"https:\/\/sutequim.com\/index.php?rest_route=\/wp\/v2\/pages"}],"about":[{"href":"https:\/\/sutequim.com\/index.php?rest_route=\/wp\/v2\/types\/page"}],"author":[{"embeddable":true,"href":"https:\/\/sutequim.com\/index.php?rest_route=\/wp\/v2\/users\/8"}],"replies":[{"embeddable":true,"href":"https:\/\/sutequim.com\/index.php?rest_route=%2Fwp%2Fv2%2Fcomments&post=288"}],"version-history":[{"count":3,"href":"https:\/\/sutequim.com\/index.php?rest_route=\/wp\/v2\/pages\/288\/revisions"}],"predecessor-version":[{"id":651,"href":"https:\/\/sutequim.com\/index.php?rest_route=\/wp\/v2\/pages\/288\/revisions\/651"}],"up":[{"embeddable":true,"href":"https:\/\/sutequim.com\/index.php?rest_route=\/wp\/v2\/pages\/106"}],"wp:attachment":[{"href":"https:\/\/sutequim.com\/index.php?rest_route=%2Fwp%2Fv2%2Fmedia&parent=288"}],"curies":[{"name":"wp","href":"https:\/\/api.w.org\/{rel}","templated":true}]}}