{"id":290,"date":"2017-05-29T20:34:34","date_gmt":"2017-05-29T20:34:34","guid":{"rendered":"http:\/\/www.sutequim.com\/?page_id=290"},"modified":"2020-09-15T13:40:33","modified_gmt":"2020-09-15T13:40:33","slug":"limpiador-de-hornos","status":"publish","type":"page","link":"https:\/\/sutequim.com\/?page_id=290","title":{"rendered":"LIMPIADOR DE HORNOS Y AHUMADORES"},"content":{"rendered":"<p><iframe loading=\"lazy\" width=\"560\" height=\"315\" src=\"https:\/\/www.youtube.com\/embed\/DbldOTvs4xA\" frameborder=\"0\" allow=\"accelerometer; autoplay; clipboard-write; encrypted-media; gyroscope; picture-in-picture\" allowfullscreen><\/iframe><\/p>\n<h4>Caracter\u00edsticas:<\/h4>\n<ul>\n<li style=\"text-align: justify;\">Tiene un gran poder de penetraci\u00f3n y remoci\u00f3n de grasa y carb\u00f3n.<\/li>\n<li style=\"text-align: justify;\">Se adhiere f\u00e1cilmente por las superficies, permitiendo un mejor contacto con la suciedad facilitando su labor de emulsi\u00f3n y arrastre dejando su cocina limpia y reluciente.<\/li>\n<li style=\"text-align: justify;\">Ataca incrustaciones de carb\u00f3n.<\/li>\n<li style=\"text-align: justify;\">Puede aplicarse en fr\u00edo.<\/li>\n<li style=\"text-align: justify;\">Poder total de penetraci\u00f3n.<\/li>\n<li style=\"text-align: justify;\">Elimina grasa y residuos<\/li>\n<li style=\"text-align: justify;\">Obtiene limpieza total con poder natural.<\/li>\n<\/ul>\n<h4>Aplicaciones:<\/h4>\n<ul>\n<li style=\"text-align: justify;\">Es ideal para eliminar dep\u00f3sitos de grasas pegadas, carb\u00f3n y residuos de alimentos en los equipos de cocina.<\/li>\n<li style=\"text-align: justify;\">Limpia con rapidez y facilidad: Hornos, hornillas, parrilleras, planchas, filtros, ollas y sartenes.<\/li>\n<li style=\"text-align: justify;\">Viene listo para usar y puede aplicarse en fr\u00edo, si desea acelerar el poder de su limpieza caliente el horno previamente entre 60\u00b0 y 70\u00b0 grados C\u00b0.<\/li>\n<li style=\"text-align: justify;\">Aplique uniformemente con una brocha de celdas pl\u00e1sticas y deje por un espacio de 10 a 15 minutos para residuos muy fuertes, 5 minutos para residuos menos fuertes.<\/li>\n<li style=\"text-align: justify;\">Luego con un cepillo de celdas duras, esponjas pa\u00f1o limpio hasta eliminar los residuos, enjuague la superficie con abundante agua y espere 10 minutos antes de usar su cocina.<\/li>\n<\/ul>\n","protected":false},"excerpt":{"rendered":"<p>Caracter\u00edsticas: Tiene un gran poder de penetraci\u00f3n y remoci\u00f3n de grasa y carb\u00f3n. Se adhiere f\u00e1cilmente por las superficies, permitiendo un mejor contacto con la suciedad facilitando su labor de emulsi\u00f3n y arrastre dejando su cocina limpia y reluciente. Ataca incrustaciones de carb\u00f3n. Puede aplicarse en fr\u00edo. Poder total de&#8230;<\/p>\n<p> <a class=\"continue-reading-link\" href=\"https:\/\/sutequim.com\/?page_id=290\"><span>Continue reading<\/span><i class=\"crycon-right-dir\"><\/i><\/a> <\/p>\n","protected":false},"author":8,"featured_media":0,"parent":91,"menu_order":0,"comment_status":"closed","ping_status":"closed","template":"","meta":{"footnotes":""},"class_list":["post-290","page","type-page","status-publish","hentry"],"_links":{"self":[{"href":"https:\/\/sutequim.com\/index.php?rest_route=\/wp\/v2\/pages\/290","targetHints":{"allow":["GET"]}}],"collection":[{"href":"https:\/\/sutequim.com\/index.php?rest_route=\/wp\/v2\/pages"}],"about":[{"href":"https:\/\/sutequim.com\/index.php?rest_route=\/wp\/v2\/types\/page"}],"author":[{"embeddable":true,"href":"https:\/\/sutequim.com\/index.php?rest_route=\/wp\/v2\/users\/8"}],"replies":[{"embeddable":true,"href":"https:\/\/sutequim.com\/index.php?rest_route=%2Fwp%2Fv2%2Fcomments&post=290"}],"version-history":[{"count":3,"href":"https:\/\/sutequim.com\/index.php?rest_route=\/wp\/v2\/pages\/290\/revisions"}],"predecessor-version":[{"id":603,"href":"https:\/\/sutequim.com\/index.php?rest_route=\/wp\/v2\/pages\/290\/revisions\/603"}],"up":[{"embeddable":true,"href":"https:\/\/sutequim.com\/index.php?rest_route=\/wp\/v2\/pages\/91"}],"wp:attachment":[{"href":"https:\/\/sutequim.com\/index.php?rest_route=%2Fwp%2Fv2%2Fmedia&parent=290"}],"curies":[{"name":"wp","href":"https:\/\/api.w.org\/{rel}","templated":true}]}}