{"id":292,"date":"2017-05-29T20:38:54","date_gmt":"2017-05-29T20:38:54","guid":{"rendered":"http:\/\/www.sutequim.com\/?page_id=292"},"modified":"2020-09-16T13:06:11","modified_gmt":"2020-09-16T13:06:11","slug":"limpiador-de-vidrios","status":"publish","type":"page","link":"https:\/\/sutequim.com\/?page_id=292","title":{"rendered":"LIMPIADOR DE VIDRIOS"},"content":{"rendered":"<h4><img loading=\"lazy\" decoding=\"async\" class=\"size-medium wp-image-604 alignright\" src=\"https:\/\/sutequim.com\/wp-content\/uploads\/2020\/09\/limpia-vidrios-300x162.jpg\" alt=\"\" width=\"300\" height=\"162\" srcset=\"https:\/\/sutequim.com\/wp-content\/uploads\/2020\/09\/limpia-vidrios-300x162.jpg 300w, https:\/\/sutequim.com\/wp-content\/uploads\/2020\/09\/limpia-vidrios-150x81.jpg 150w, https:\/\/sutequim.com\/wp-content\/uploads\/2020\/09\/limpia-vidrios.jpg 472w\" sizes=\"auto, (max-width: 300px) 100vw, 300px\" \/>Caracter\u00edsticas:<\/h4>\n<ul>\n<li style=\"text-align: justify;\">Es un limpiador de vidrios con agradable aroma.<\/li>\n<li style=\"text-align: justify;\">Es ideal para la limpieza de vidrios, cer\u00e1micas, espejos, mostradores, vitrinas y piezas cromadas.<\/li>\n<li style=\"text-align: justify;\">Elimina f\u00e1cilmente las grasas e insectos adheridos a los vidrios, as\u00ed como tambi\u00e9n elimina las marcas ocasionadas por el roce con las<\/li>\n<li style=\"text-align: justify;\">Es econ\u00f3mico debido a su alta concentraci\u00f3n.<\/li>\n<li style=\"text-align: justify;\">No da\u00f1a la piel.<\/li>\n<li style=\"text-align: justify;\">Es un producto <strong>BIODEGRADABLE<\/strong>.<\/li>\n<\/ul>\n<h4>Usos:<\/h4>\n<ul>\n<li style=\"text-align: justify;\">Es un producto f\u00e1cil de usar ya que puede aplicarse con atomizador o con un trapo. Si se aplica con atomizador, h\u00e1galo aproximadamente con una distancia de 10 cm. A la superficie a limpiar.<\/li>\n<\/ul>\n<h4>Precauciones:<\/h4>\n<ul>\n<li>Mant\u00e9ngase el envase bien cerrado.<\/li>\n<\/ul>\n","protected":false},"excerpt":{"rendered":"<p>Caracter\u00edsticas: Es un limpiador de vidrios con agradable aroma. Es ideal para la limpieza de vidrios, cer\u00e1micas, espejos, mostradores, vitrinas y piezas cromadas. Elimina f\u00e1cilmente las grasas e insectos adheridos a los vidrios, as\u00ed como tambi\u00e9n elimina las marcas ocasionadas por el roce con las Es econ\u00f3mico debido a su&#8230;<\/p>\n<p> <a class=\"continue-reading-link\" href=\"https:\/\/sutequim.com\/?page_id=292\"><span>Continue reading<\/span><i class=\"crycon-right-dir\"><\/i><\/a> <\/p>\n","protected":false},"author":8,"featured_media":0,"parent":106,"menu_order":0,"comment_status":"closed","ping_status":"closed","template":"","meta":{"footnotes":""},"class_list":["post-292","page","type-page","status-publish","hentry"],"_links":{"self":[{"href":"https:\/\/sutequim.com\/index.php?rest_route=\/wp\/v2\/pages\/292","targetHints":{"allow":["GET"]}}],"collection":[{"href":"https:\/\/sutequim.com\/index.php?rest_route=\/wp\/v2\/pages"}],"about":[{"href":"https:\/\/sutequim.com\/index.php?rest_route=\/wp\/v2\/types\/page"}],"author":[{"embeddable":true,"href":"https:\/\/sutequim.com\/index.php?rest_route=\/wp\/v2\/users\/8"}],"replies":[{"embeddable":true,"href":"https:\/\/sutequim.com\/index.php?rest_route=%2Fwp%2Fv2%2Fcomments&post=292"}],"version-history":[{"count":3,"href":"https:\/\/sutequim.com\/index.php?rest_route=\/wp\/v2\/pages\/292\/revisions"}],"predecessor-version":[{"id":605,"href":"https:\/\/sutequim.com\/index.php?rest_route=\/wp\/v2\/pages\/292\/revisions\/605"}],"up":[{"embeddable":true,"href":"https:\/\/sutequim.com\/index.php?rest_route=\/wp\/v2\/pages\/106"}],"wp:attachment":[{"href":"https:\/\/sutequim.com\/index.php?rest_route=%2Fwp%2Fv2%2Fmedia&parent=292"}],"curies":[{"name":"wp","href":"https:\/\/api.w.org\/{rel}","templated":true}]}}