{"id":301,"date":"2017-05-29T22:34:05","date_gmt":"2017-05-29T22:34:05","guid":{"rendered":"http:\/\/www.sutequim.com\/?page_id=301"},"modified":"2020-09-16T14:02:13","modified_gmt":"2020-09-16T14:02:13","slug":"refrigerante-anticorrosivo","status":"publish","type":"page","link":"https:\/\/sutequim.com\/?page_id=301","title":{"rendered":"REFRIGERANTE ANTICORROSIVO"},"content":{"rendered":"<h4><img loading=\"lazy\" decoding=\"async\" class=\"size-full wp-image-620 alignright\" src=\"https:\/\/sutequim.com\/wp-content\/uploads\/2020\/09\/refrigerante-anticorrosivo.jpg\" alt=\"\" width=\"250\" height=\"250\" srcset=\"https:\/\/sutequim.com\/wp-content\/uploads\/2020\/09\/refrigerante-anticorrosivo.jpg 250w, https:\/\/sutequim.com\/wp-content\/uploads\/2020\/09\/refrigerante-anticorrosivo-150x150.jpg 150w\" sizes=\"auto, (max-width: 250px) 100vw, 250px\" \/><strong>Refrigerante anticorrosivo, anticongelante, para veh\u00edculos, maquinaria carga pesada y plantas el\u00e9ctricas.<\/strong><\/h4>\n<h4>Caracter\u00edsticas:<\/h4>\n<p style=\"text-align: justify;\">Esta formulado con una base de glicoles, y anticorrosivos de una nueva generaci\u00f3n que permite dar mayor protecci\u00f3n a los equipos de refrigeraci\u00f3n automotriz.<\/p>\n<p style=\"text-align: justify;\">Contiene aditivos que brindan protecci\u00f3n contra el recalentamiento, el oxido, la corrosi\u00f3n cuando se usa como es recomendado.<\/p>\n<p style=\"text-align: justify;\">Diluci\u00f3n 1 parte del producto con una parte de agua.<\/p>\n<p><img loading=\"lazy\" decoding=\"async\" class=\"alignnone wp-image-621 size-full\" src=\"https:\/\/sutequim.com\/wp-content\/uploads\/2020\/09\/tabla-refrigerante.jpg\" alt=\"\" width=\"609\" height=\"189\" srcset=\"https:\/\/sutequim.com\/wp-content\/uploads\/2020\/09\/tabla-refrigerante.jpg 609w, https:\/\/sutequim.com\/wp-content\/uploads\/2020\/09\/tabla-refrigerante-300x93.jpg 300w, https:\/\/sutequim.com\/wp-content\/uploads\/2020\/09\/tabla-refrigerante-150x47.jpg 150w\" sizes=\"auto, (max-width: 609px) 100vw, 609px\" \/><\/p>\n<h4>Usos y aplicaciones:<\/h4>\n<p style=\"text-align: justify;\">No destape el radiador mientras el motor este caliente.<\/p>\n<p style=\"text-align: justify;\">Revise el manual de operaciones para determinar la frecuencia de los cambios en su mantenimiento.<\/p>\n<p style=\"text-align: justify;\">Quite la tapa del radiador cuando el motor este frio, llene el radiador y el dep\u00f3sito de reserva con el refrigerante.<\/p>\n<p style=\"text-align: justify;\">Lea el manual de su veh\u00edculo para saber si hay alguna otra recomendaci\u00f3n para el uso del refrigerante anticorrosivo.<\/p>\n<h4>Precauciones:<\/h4>\n<p style=\"text-align: justify;\">Evite el contacto con el producto. Si lo ingiere no provoque el vomito, inmediatamente solicite asistencia m\u00e9dica.<\/p>\n<p style=\"text-align: justify;\">No almacene en envases abiertos y sin etiquetas. Mantenga el envase cerrado y fuera del alcance de los ni\u00f1os.<\/p>\n","protected":false},"excerpt":{"rendered":"<p>Refrigerante anticorrosivo, anticongelante, para veh\u00edculos, maquinaria carga pesada y plantas el\u00e9ctricas. Caracter\u00edsticas: Esta formulado con una base de glicoles, y anticorrosivos de una nueva generaci\u00f3n que permite dar mayor protecci\u00f3n a los equipos de refrigeraci\u00f3n automotriz. Contiene aditivos que brindan protecci\u00f3n contra el recalentamiento, el oxido, la corrosi\u00f3n cuando se&#8230;<\/p>\n<p> <a class=\"continue-reading-link\" href=\"https:\/\/sutequim.com\/?page_id=301\"><span>Continue reading<\/span><i class=\"crycon-right-dir\"><\/i><\/a> <\/p>\n","protected":false},"author":8,"featured_media":0,"parent":110,"menu_order":0,"comment_status":"closed","ping_status":"closed","template":"","meta":{"footnotes":""},"class_list":["post-301","page","type-page","status-publish","hentry"],"_links":{"self":[{"href":"https:\/\/sutequim.com\/index.php?rest_route=\/wp\/v2\/pages\/301","targetHints":{"allow":["GET"]}}],"collection":[{"href":"https:\/\/sutequim.com\/index.php?rest_route=\/wp\/v2\/pages"}],"about":[{"href":"https:\/\/sutequim.com\/index.php?rest_route=\/wp\/v2\/types\/page"}],"author":[{"embeddable":true,"href":"https:\/\/sutequim.com\/index.php?rest_route=\/wp\/v2\/users\/8"}],"replies":[{"embeddable":true,"href":"https:\/\/sutequim.com\/index.php?rest_route=%2Fwp%2Fv2%2Fcomments&post=301"}],"version-history":[{"count":6,"href":"https:\/\/sutequim.com\/index.php?rest_route=\/wp\/v2\/pages\/301\/revisions"}],"predecessor-version":[{"id":632,"href":"https:\/\/sutequim.com\/index.php?rest_route=\/wp\/v2\/pages\/301\/revisions\/632"}],"up":[{"embeddable":true,"href":"https:\/\/sutequim.com\/index.php?rest_route=\/wp\/v2\/pages\/110"}],"wp:attachment":[{"href":"https:\/\/sutequim.com\/index.php?rest_route=%2Fwp%2Fv2%2Fmedia&parent=301"}],"curies":[{"name":"wp","href":"https:\/\/api.w.org\/{rel}","templated":true}]}}