{"id":303,"date":"2017-05-29T22:39:30","date_gmt":"2017-05-29T22:39:30","guid":{"rendered":"http:\/\/www.sutequim.com\/?page_id=303"},"modified":"2017-05-29T22:39:30","modified_gmt":"2017-05-29T22:39:30","slug":"refrigerante-para-radiadores-listo-para-usar","status":"publish","type":"page","link":"https:\/\/sutequim.com\/?page_id=303","title":{"rendered":"REFRIGERANTE PARA RADIADORES LISTO PARA USAR"},"content":{"rendered":"<h3><img loading=\"lazy\" decoding=\"async\" class=\"size-full wp-image-479 alignright\" src=\"https:\/\/sutequim.com\/wp-content\/uploads\/2017\/05\/refrigerante-listo-para-usa-1.jpg\" alt=\"\" width=\"250\" height=\"250\" \/>PARA RADIADORES DE: MOTORES-COMPRESORES-BOMBAS-EQUIPOS DE CONSTRUCCI\u00d3N<\/h3>\n<h4>Caracter\u00edsticas:<\/h4>\n<ul>\n<li style=\"text-align: justify;\">Permite protecci\u00f3n integral al sistema de refrigeraci\u00f3n de los equipos, asegurando un mayor rendimiento de la unidad donde es aplicado.<\/li>\n<li style=\"text-align: justify;\">Sus componentes no tienen aditivos contaminantes que da\u00f1en el medio ambiente.<\/li>\n<li style=\"text-align: justify;\">Contiene \u00e9ter dihidroxidiet\u00edlico, aminas f\u00edlmicas, humectantes e inhibidores de corrosi\u00f3n, estable y no reactivos.<\/li>\n<li style=\"text-align: justify;\">PRODUCTO LISTO PARA USAR.<\/li>\n<\/ul>\n<h4>Usos:<\/h4>\n<ul>\n<li style=\"text-align: justify;\">Es formulado especialmente para ser usado en los radiadores o sistemas cerrados de enfriamiento de motores a gasolina o diesel.<\/li>\n<\/ul>\n<h4>Instrucciones:<\/h4>\n<ul>\n<li style=\"text-align: justify;\">Revise el sistema de enfriamiento que no presente fugas o derrames; igualmente haga lo mismo con las correas del alternador, del ventilador y la bomba de agua, est\u00e1n deben estar en buen estado. Los sellos, la tapa y empacadura tambi\u00e9n deben ser revisados antes de usar el producto en los sistemas de enfriamiento.<\/li>\n<li style=\"text-align: justify;\">Una vez chequeado el estado del sistema, proceda a llenar con el refrigerante, llene el radiador y envases anexos hasta los niveles normales establecidos para los equipos.<\/li>\n<li style=\"text-align: justify;\">Es de acci\u00f3n prolongada, su duraci\u00f3n depender\u00e1 igualmente del trabajo al cual es sometido el sistema. Se recomienda revisiones peri\u00f3dicas como mantenimiento preventivo.<\/li>\n<\/ul>\n<h4>Precauciones:<\/h4>\n<ul>\n<li style=\"text-align: justify;\">Evite el contacto con piel y ojos, pudiera irritar, si esto sucede, l\u00e1vese con abundante agua. En caso de ingesti\u00f3n induzca inmediatamente al vomito, respire profundamente y solicite atenci\u00f3n medica, no tiene ant\u00eddoto especifico, ofrecer tratamiento sintom\u00e1tico. En condiciones normales de uso, la exposici\u00f3n de sus vapores no es peligrososa, pero si es sometido a recalentamiento y aumenta los niveles de evaporaci\u00f3n, \u00e9stos pueden ser nocivos. Para el uso frecuente se recomienda usar guantes, mascarillas y anteojos.<\/li>\n<li style=\"text-align: justify;\">Mant\u00e9ngase fuera del alcance de los ni\u00f1os.<\/li>\n<\/ul>\n","protected":false},"excerpt":{"rendered":"<p>PARA RADIADORES DE: MOTORES-COMPRESORES-BOMBAS-EQUIPOS DE CONSTRUCCI\u00d3N Caracter\u00edsticas: Permite protecci\u00f3n integral al sistema de refrigeraci\u00f3n de los equipos, asegurando un mayor rendimiento de la unidad donde es aplicado. Sus componentes no tienen aditivos contaminantes que da\u00f1en el medio ambiente. Contiene \u00e9ter dihidroxidiet\u00edlico, aminas f\u00edlmicas, humectantes e inhibidores de corrosi\u00f3n, estable y&#8230;<\/p>\n<p> <a class=\"continue-reading-link\" href=\"https:\/\/sutequim.com\/?page_id=303\"><span>Continue reading<\/span><i class=\"crycon-right-dir\"><\/i><\/a> <\/p>\n","protected":false},"author":8,"featured_media":0,"parent":110,"menu_order":0,"comment_status":"closed","ping_status":"closed","template":"","meta":{"footnotes":""},"class_list":["post-303","page","type-page","status-publish","hentry"],"_links":{"self":[{"href":"https:\/\/sutequim.com\/index.php?rest_route=\/wp\/v2\/pages\/303","targetHints":{"allow":["GET"]}}],"collection":[{"href":"https:\/\/sutequim.com\/index.php?rest_route=\/wp\/v2\/pages"}],"about":[{"href":"https:\/\/sutequim.com\/index.php?rest_route=\/wp\/v2\/types\/page"}],"author":[{"embeddable":true,"href":"https:\/\/sutequim.com\/index.php?rest_route=\/wp\/v2\/users\/8"}],"replies":[{"embeddable":true,"href":"https:\/\/sutequim.com\/index.php?rest_route=%2Fwp%2Fv2%2Fcomments&post=303"}],"version-history":[{"count":0,"href":"https:\/\/sutequim.com\/index.php?rest_route=\/wp\/v2\/pages\/303\/revisions"}],"up":[{"embeddable":true,"href":"https:\/\/sutequim.com\/index.php?rest_route=\/wp\/v2\/pages\/110"}],"wp:attachment":[{"href":"https:\/\/sutequim.com\/index.php?rest_route=%2Fwp%2Fv2%2Fmedia&parent=303"}],"curies":[{"name":"wp","href":"https:\/\/api.w.org\/{rel}","templated":true}]}}