{"id":305,"date":"2017-05-29T22:46:31","date_gmt":"2017-05-29T22:46:31","guid":{"rendered":"http:\/\/www.sutequim.com\/?page_id=305"},"modified":"2017-05-29T22:46:31","modified_gmt":"2017-05-29T22:46:31","slug":"refrigerante-quimico-sintetico","status":"publish","type":"page","link":"https:\/\/sutequim.com\/?page_id=305","title":{"rendered":"REFRIGERANTE QU\u00cdMICO SINT\u00c9TICO"},"content":{"rendered":"<h4><img loading=\"lazy\" decoding=\"async\" class=\"size-full wp-image-483 alignright\" src=\"https:\/\/sutequim.com\/wp-content\/uploads\/2017\/05\/refrigerante-quimico-sintet.jpg\" alt=\"\" width=\"250\" height=\"250\" \/>Caracter\u00edsticas:<\/h4>\n<ul>\n<li style=\"text-align: justify;\">Es un refrigerante formulado con agentes sint\u00e9ticos e inhibidores de corrosi\u00f3n, lo cual confiere al producto un alto poder refrigerante y lubricante, por lo que previene la corrosi\u00f3n de las herramientas, equipos y materiales utilizados mediante acci\u00f3n qu\u00edmica, alargando de esta forma la vida de las herramientas de corte.<\/li>\n<li style=\"text-align: justify;\">Debido a su formulaci\u00f3n, no contiene aceites de los hidrocarburos, es de larga duraci\u00f3n ya que no sufre el ataque bacterial (mal olor) como sucede con los refrigerantes convencionales (taladrina, aceites emulsionables, etc.).<\/li>\n<li style=\"text-align: justify;\">Es estable y no se observar\u00e1 tendencia alguna de aumentar pH, impidiendo de esta forma la acumulaci\u00f3n de residuos en las piedras de esmeril, causado cuando se usa productos a base de aceites emulsionables.<\/li>\n<li style=\"text-align: justify;\">No requiere ning\u00fan tipo de desengrasante en las piezas tratadas, porque no deja residuos aceitosos.<\/li>\n<li style=\"text-align: justify;\">Enjuague unicamenente con agua si lo requiere. Es totalmente transparente en cualquier diluci\u00f3n permitiendo una mayor visibilidad en el trabajo a realizar.<\/li>\n<li style=\"text-align: justify;\">No es toxico ni produce alg\u00fan tipo de irritaci\u00f3n ni dermatitis en la piel.<\/li>\n<li style=\"text-align: justify;\">Es importante mantener el pH de la soluci\u00f3n dentro del rango \u00f3ptimo de trabajo (8,5 \u20139,5). Esto se logra manteniendo el color rosado en la soluci\u00f3n, el cual es indicativo del pH, es decir; a medida que el color se valla degradando igualmente se degrada el pH. Cuando la soluci\u00f3n se torne incolora, es el momento de agregar m\u00e1s producto en una proporci\u00f3n de (1) parte de producto en (50) partes de agua.<\/li>\n<\/ul>\n<h4>Usos:<\/h4>\n<ul>\n<li style=\"text-align: justify;\">Para utilizarse en tornos, fresadoras, cepillos, cortadoras de disco, brochadores, roscado, etc.<\/li>\n<li style=\"text-align: justify;\">Se recomienda para gran variedad de metales y aleaciones como: hierro, lat\u00f3n, bronce, cobre, aluminio, duraluminio, aceros de alto, medio y bajo contenido de carbono, etc.<\/li>\n<\/ul>\n<h4>\u00a0Instrucciones:<\/h4>\n<ul>\n<li style=\"text-align: justify;\">Antes de usarlo, limpiar cuidadosamente el dep\u00f3sito para eliminar residuos del refrigerante anterior, virutas y cualquier tipo de suciedad. Agregue agua limpia al dep\u00f3sito y posteriormente la cantidad correcta de refrigerante. La diluci\u00f3n depender\u00e1 del trabajo a realizar.<\/li>\n<\/ul>\n<p>Procedimiento a seguir cuando se utiliza por primera vez un refrigerante sint\u00e9tico:<\/p>\n<ol>\n<li style=\"text-align: justify;\">Drene todo el dep\u00f3sito de agua, eliminando todo tipo de suciedad (lodo, virutas, residuos de grasas, aceites, etc.)<\/li>\n<li style=\"text-align: justify;\">Llene todo el dep\u00f3sito con agua limpia. Adicione un desengrasante desinfectante en una proporci\u00f3n de (1) parte de producto por cada 10 partes de agua, recircule por 10 minutos aproximadamente.<\/li>\n<li style=\"text-align: justify;\">Drene nuevamente el sistema, adicionando agua limpia.NOTA: se recomienda agua suave: en caso de no disponer de ella, adicione un suavizador de agua, calculando que el pH no sea menor de 7.0 ni mayor\u00a0 de 8.5.<\/li>\n<\/ol>\n<ol start=\"4\">\n<li style=\"text-align: justify;\">Adicione el producto en una proporci\u00f3n de (1) parte en (30) partes de agua.<\/li>\n<\/ol>\n<p><img loading=\"lazy\" decoding=\"async\" class=\"alignnone size-full wp-image-482\" src=\"https:\/\/sutequim.com\/wp-content\/uploads\/2017\/05\/tavla-refrigerante-sintetic-1.jpg\" alt=\"\" width=\"615\" height=\"345\" \/><\/p>\n<h4>\u00a0Precauciones:<\/h4>\n<ul>\n<li>Mant\u00e9ngase el envase bien cerrado.<\/li>\n<li>Toxico por ingesti\u00f3n.<\/li>\n<li>Mant\u00e9ngase el envase fuera del alcance de los ni\u00f1os.<\/li>\n<\/ul>\n","protected":false},"excerpt":{"rendered":"<p>Caracter\u00edsticas: Es un refrigerante formulado con agentes sint\u00e9ticos e inhibidores de corrosi\u00f3n, lo cual confiere al producto un alto poder refrigerante y lubricante, por lo que previene la corrosi\u00f3n de las herramientas, equipos y materiales utilizados mediante acci\u00f3n qu\u00edmica, alargando de esta forma la vida de las herramientas de corte&#8230;.<\/p>\n<p> <a class=\"continue-reading-link\" href=\"https:\/\/sutequim.com\/?page_id=305\"><span>Continue reading<\/span><i class=\"crycon-right-dir\"><\/i><\/a> <\/p>\n","protected":false},"author":8,"featured_media":0,"parent":123,"menu_order":0,"comment_status":"closed","ping_status":"closed","template":"","meta":{"footnotes":""},"class_list":["post-305","page","type-page","status-publish","hentry"],"_links":{"self":[{"href":"https:\/\/sutequim.com\/index.php?rest_route=\/wp\/v2\/pages\/305","targetHints":{"allow":["GET"]}}],"collection":[{"href":"https:\/\/sutequim.com\/index.php?rest_route=\/wp\/v2\/pages"}],"about":[{"href":"https:\/\/sutequim.com\/index.php?rest_route=\/wp\/v2\/types\/page"}],"author":[{"embeddable":true,"href":"https:\/\/sutequim.com\/index.php?rest_route=\/wp\/v2\/users\/8"}],"replies":[{"embeddable":true,"href":"https:\/\/sutequim.com\/index.php?rest_route=%2Fwp%2Fv2%2Fcomments&post=305"}],"version-history":[{"count":0,"href":"https:\/\/sutequim.com\/index.php?rest_route=\/wp\/v2\/pages\/305\/revisions"}],"up":[{"embeddable":true,"href":"https:\/\/sutequim.com\/index.php?rest_route=\/wp\/v2\/pages\/123"}],"wp:attachment":[{"href":"https:\/\/sutequim.com\/index.php?rest_route=%2Fwp%2Fv2%2Fmedia&parent=305"}],"curies":[{"name":"wp","href":"https:\/\/api.w.org\/{rel}","templated":true}]}}