{"id":307,"date":"2017-05-29T22:50:22","date_gmt":"2017-05-29T22:50:22","guid":{"rendered":"http:\/\/www.sutequim.com\/?page_id=307"},"modified":"2017-05-29T22:50:22","modified_gmt":"2017-05-29T22:50:22","slug":"aceite-refrigerante-para-tornos","status":"publish","type":"page","link":"https:\/\/sutequim.com\/?page_id=307","title":{"rendered":"ACEITE REFRIGERANTE PARA TORNOS"},"content":{"rendered":"<h4><img loading=\"lazy\" decoding=\"async\" class=\"size-full wp-image-454 alignright\" src=\"https:\/\/sutequim.com\/wp-content\/uploads\/2017\/05\/aceite-refrigerante-para-to.jpg\" alt=\"\" width=\"250\" height=\"250\" \/>Caracter\u00edsticas:<\/h4>\n<ul>\n<li style=\"text-align: justify;\">Es un aceite soluble en agua para ser usado en operaciones de corte y maquinado en torner\u00edas, protege las partes de metal, lubrica y refrigera las piezas en procesos, as\u00ed como las herramientas de corte.<\/li>\n<li style=\"text-align: justify;\">Adem\u00e1s, protege de la corrosi\u00f3n, es econ\u00f3mico y no se descompone por su bactericida incorporado.<\/li>\n<li style=\"text-align: justify;\">Acepta altas diluciones, forma emulsiones muy estables.<\/li>\n<li style=\"text-align: justify;\">Deja una capa anticorrosiva y antioxidante en las piezas procesadas, protegi\u00e9ndolas.<\/li>\n<li style=\"text-align: justify;\">Puede usarse sobre materiales ferrosos y no ferrosos, tales como: Cobre, bronce, aluminios y similares.<\/li>\n<li style=\"text-align: justify;\">Es un producto econ\u00f3mico, seguro y puede usarse repetidas veces.<\/li>\n<li style=\"text-align: justify;\">Emulsifica r\u00e1pidamente con el agua y la emulsi\u00f3n estable y homog\u00e9nea.<\/li>\n<li style=\"text-align: justify;\">Los componentes residuales no interfieren en el proceso de soldadura.<\/li>\n<li style=\"text-align: justify;\">Contiene aditivos bactericidas que evitan la descomposici\u00f3n bacteriana.<\/li>\n<li style=\"text-align: justify;\">Protege las cuchillas y mechas para cortar.<\/li>\n<\/ul>\n<p><img loading=\"lazy\" decoding=\"async\" class=\"alignnone size-full wp-image-453\" src=\"https:\/\/sutequim.com\/wp-content\/uploads\/2017\/05\/tabla-refrigerante-tornos.jpg\" alt=\"\" width=\"622\" height=\"208\" srcset=\"https:\/\/sutequim.com\/wp-content\/uploads\/2017\/05\/tabla-refrigerante-tornos.jpg 622w, https:\/\/sutequim.com\/wp-content\/uploads\/2017\/05\/tabla-refrigerante-tornos-300x100.jpg 300w\" sizes=\"auto, (max-width: 622px) 100vw, 622px\" \/><\/p>\n<h4>\u00a0Usos:<\/h4>\n<ul>\n<li style=\"text-align: justify;\">Se recomienda mezclas de (1) parte del producto en (8) partes de agua, hasta (20) para torneado, fresado, mandrilado y para trabajos de amolado y esmerilado mezclas de (1) parte del producto con (30) partes de agua.<\/li>\n<li style=\"text-align: justify;\">Puede usarse en los sistemas de refrigeraci\u00f3n de los motores diesel estacionarios, a fin de evitar la corrosi\u00f3n interna.<\/li>\n<li style=\"text-align: justify;\">La diluci\u00f3n se determinara dependiendo del tipo de metal y de la operaci\u00f3n a realizarse. Una proporci\u00f3n recomendada para comenzar puede ser de (1) parte del producto en (20) partes de agua e ir incrementando la soluci\u00f3n hasta conseguir la proporci\u00f3n m\u00e1s adecuada.( M\u00e1ximo de 1:60).<\/li>\n<li style=\"text-align: justify;\">Para que la emulsi\u00f3n sea estable y homog\u00e9nea, se debe agregar el agua al\u00a0 producto y no al contrario.<\/li>\n<\/ul>\n<h4>Precauciones:<\/h4>\n<ul>\n<li>Es da\u00f1ino si se ingiere. Mant\u00e9ngase fuera del alcance de los ni\u00f1os.<\/li>\n<\/ul>\n","protected":false},"excerpt":{"rendered":"<p>Caracter\u00edsticas: Es un aceite soluble en agua para ser usado en operaciones de corte y maquinado en torner\u00edas, protege las partes de metal, lubrica y refrigera las piezas en procesos, as\u00ed como las herramientas de corte. Adem\u00e1s, protege de la corrosi\u00f3n, es econ\u00f3mico y no se descompone por su bactericida&#8230;<\/p>\n<p> <a class=\"continue-reading-link\" href=\"https:\/\/sutequim.com\/?page_id=307\"><span>Continue reading<\/span><i class=\"crycon-right-dir\"><\/i><\/a> <\/p>\n","protected":false},"author":8,"featured_media":0,"parent":123,"menu_order":0,"comment_status":"closed","ping_status":"closed","template":"","meta":{"footnotes":""},"class_list":["post-307","page","type-page","status-publish","hentry"],"_links":{"self":[{"href":"https:\/\/sutequim.com\/index.php?rest_route=\/wp\/v2\/pages\/307","targetHints":{"allow":["GET"]}}],"collection":[{"href":"https:\/\/sutequim.com\/index.php?rest_route=\/wp\/v2\/pages"}],"about":[{"href":"https:\/\/sutequim.com\/index.php?rest_route=\/wp\/v2\/types\/page"}],"author":[{"embeddable":true,"href":"https:\/\/sutequim.com\/index.php?rest_route=\/wp\/v2\/users\/8"}],"replies":[{"embeddable":true,"href":"https:\/\/sutequim.com\/index.php?rest_route=%2Fwp%2Fv2%2Fcomments&post=307"}],"version-history":[{"count":0,"href":"https:\/\/sutequim.com\/index.php?rest_route=\/wp\/v2\/pages\/307\/revisions"}],"up":[{"embeddable":true,"href":"https:\/\/sutequim.com\/index.php?rest_route=\/wp\/v2\/pages\/123"}],"wp:attachment":[{"href":"https:\/\/sutequim.com\/index.php?rest_route=%2Fwp%2Fv2%2Fmedia&parent=307"}],"curies":[{"name":"wp","href":"https:\/\/api.w.org\/{rel}","templated":true}]}}