{"id":314,"date":"2017-05-29T23:02:48","date_gmt":"2017-05-29T23:02:48","guid":{"rendered":"http:\/\/www.sutequim.com\/?page_id=314"},"modified":"2020-09-16T13:19:43","modified_gmt":"2020-09-16T13:19:43","slug":"limpiador-de-equipos-electronicos-y-circuitos-impresos","status":"publish","type":"page","link":"https:\/\/sutequim.com\/?page_id=314","title":{"rendered":"LIMPIADOR DE EQUIPOS ELECTR\u00d3NICOS Y CIRCUITOS IMPRESOS"},"content":{"rendered":"<p style=\"text-align: justify;\"><img loading=\"lazy\" decoding=\"async\" class=\"size-medium wp-image-606 alignright\" src=\"https:\/\/sutequim.com\/wp-content\/uploads\/2020\/09\/limpia-circuitos-electronicos-300x241.jpg\" alt=\"\" width=\"300\" height=\"241\" srcset=\"https:\/\/sutequim.com\/wp-content\/uploads\/2020\/09\/limpia-circuitos-electronicos-300x241.jpg 300w, https:\/\/sutequim.com\/wp-content\/uploads\/2020\/09\/limpia-circuitos-electronicos-768x617.jpg 768w, https:\/\/sutequim.com\/wp-content\/uploads\/2020\/09\/limpia-circuitos-electronicos-150x120.jpg 150w, https:\/\/sutequim.com\/wp-content\/uploads\/2020\/09\/limpia-circuitos-electronicos-350x280.jpg 350w, https:\/\/sutequim.com\/wp-content\/uploads\/2020\/09\/limpia-circuitos-electronicos.jpg 791w\" sizes=\"auto, (max-width: 300px) 100vw, 300px\" \/>Es ideal para limpiar equipos, sin necesidad de desmontar o desarmar y sin el riesgo de corto circuito ya que tiene una constante diel\u00e9ctrica alta.<\/p>\n<p style=\"text-align: justify;\">Disuelve grasas y aceites r\u00e1pidamente, seca en segundos, se recomienda para la limpieza de equipos el\u00e9ctricos, electr\u00f3nicos, balanzas electr\u00f3nicas o mec\u00e1nicas, equipos de precisi\u00f3n, instrumentos, herramientas, circuitos impresos, computadores, etc.<\/p>\n<h4>Ventajas:<\/h4>\n<ul>\n<li style=\"text-align: justify;\">No es inflamable ni toxico.<\/li>\n<li style=\"text-align: justify;\">R\u00e1pido y efectivo, no deja residuos, se evapora r\u00e1pidamente.<\/li>\n<li style=\"text-align: justify;\">No mancha ni es corrosivo.<\/li>\n<li style=\"text-align: justify;\">Puede utilizarse con seguridad en todo tipo de componentes pl\u00e1sticos o pintados.<\/li>\n<li style=\"text-align: justify;\">Es diel\u00e9ctrico y desplaza la humedad.<\/li>\n<li style=\"text-align: justify;\">No irritante, no explosivo, no reactivo, esencialmente estable e inerte.<\/li>\n<li style=\"text-align: justify;\">No ataca la capa de ozono.<\/li>\n<\/ul>\n","protected":false},"excerpt":{"rendered":"<p>Es ideal para limpiar equipos, sin necesidad de desmontar o desarmar y sin el riesgo de corto circuito ya que tiene una constante diel\u00e9ctrica alta. Disuelve grasas y aceites r\u00e1pidamente, seca en segundos, se recomienda para la limpieza de equipos el\u00e9ctricos, electr\u00f3nicos, balanzas electr\u00f3nicas o mec\u00e1nicas, equipos de precisi\u00f3n, instrumentos,&#8230;<\/p>\n<p> <a class=\"continue-reading-link\" href=\"https:\/\/sutequim.com\/?page_id=314\"><span>Continue reading<\/span><i class=\"crycon-right-dir\"><\/i><\/a> <\/p>\n","protected":false},"author":8,"featured_media":0,"parent":117,"menu_order":0,"comment_status":"closed","ping_status":"closed","template":"","meta":{"footnotes":""},"class_list":["post-314","page","type-page","status-publish","hentry"],"_links":{"self":[{"href":"https:\/\/sutequim.com\/index.php?rest_route=\/wp\/v2\/pages\/314","targetHints":{"allow":["GET"]}}],"collection":[{"href":"https:\/\/sutequim.com\/index.php?rest_route=\/wp\/v2\/pages"}],"about":[{"href":"https:\/\/sutequim.com\/index.php?rest_route=\/wp\/v2\/types\/page"}],"author":[{"embeddable":true,"href":"https:\/\/sutequim.com\/index.php?rest_route=\/wp\/v2\/users\/8"}],"replies":[{"embeddable":true,"href":"https:\/\/sutequim.com\/index.php?rest_route=%2Fwp%2Fv2%2Fcomments&post=314"}],"version-history":[{"count":3,"href":"https:\/\/sutequim.com\/index.php?rest_route=\/wp\/v2\/pages\/314\/revisions"}],"predecessor-version":[{"id":609,"href":"https:\/\/sutequim.com\/index.php?rest_route=\/wp\/v2\/pages\/314\/revisions\/609"}],"up":[{"embeddable":true,"href":"https:\/\/sutequim.com\/index.php?rest_route=\/wp\/v2\/pages\/117"}],"wp:attachment":[{"href":"https:\/\/sutequim.com\/index.php?rest_route=%2Fwp%2Fv2%2Fmedia&parent=314"}],"curies":[{"name":"wp","href":"https:\/\/api.w.org\/{rel}","templated":true}]}}