{"id":316,"date":"2017-05-29T23:05:18","date_gmt":"2017-05-29T23:05:18","guid":{"rendered":"http:\/\/www.sutequim.com\/?page_id=316"},"modified":"2017-05-29T23:05:18","modified_gmt":"2017-05-29T23:05:18","slug":"desplazador-de-humedad-en-equipos-electricos","status":"publish","type":"page","link":"https:\/\/sutequim.com\/?page_id=316","title":{"rendered":"DESPLAZADOR DE HUMEDAD EN EQUIPOS EL\u00c9CTRICOS"},"content":{"rendered":"<p style=\"text-align: justify;\"><img loading=\"lazy\" decoding=\"async\" class=\"size-full wp-image-473 alignright\" src=\"https:\/\/sutequim.com\/wp-content\/uploads\/2017\/05\/desplazador-de-humedad-en-q-1.jpg\" alt=\"\" width=\"250\" height=\"250\" \/>La humedad o agua, conjuntamente con el ox\u00edgeno constituye el principal factor de corrosi\u00f3n atmosf\u00e9rico y del deterioro de toda superficie expuesta a su acci\u00f3n.<\/p>\n<p style=\"text-align: justify;\">El equipo el\u00e9ctrico y electr\u00f3nico es especialmente susceptible, ya que se alteran sus caracter\u00edsticas y constantes el\u00e9ctricas, adem\u00e1s del debilitamiento de los materiales.<\/p>\n<p style=\"text-align: justify;\">Desplaza la humedad o el agua, sustituy\u00e9ndola\u00a0 por una pel\u00edcula protectora que sella la superficie contra los elementos corrosivos, al mismo tiempo que lubrica.<\/p>\n<p style=\"text-align: justify;\">Se usa tanto para mantenimiento preventivo, como para restaurar equipos da\u00f1ados, por el agua, inclusive aquellos que hayan estado totalmente sumergidos.<\/p>\n<p style=\"text-align: justify;\">Mantiene el equipo en condiciones \u00f3ptimas de operaci\u00f3n a\u00fan bajo las m\u00e1s severas condiciones de humedad y ambiente corrosivo.\u00a0 se aplica f\u00e1cilmente con aspersor, brocha o por inmersi\u00f3n.<\/p>\n<h4>Propiedades:<\/h4>\n<ul>\n<li style=\"text-align: justify;\">Evita la oxidaci\u00f3n y corrosi\u00f3n.<\/li>\n<li style=\"text-align: justify;\">Limpia y lubrica.<\/li>\n<li style=\"text-align: justify;\">Desplaza la humedad, inclusive de los poros.<\/li>\n<li style=\"text-align: justify;\">Forma una pel\u00edcula impermeable, que sella contra la acci\u00f3n corrosiva.<\/li>\n<li style=\"text-align: justify;\">Mantiene el equipo el\u00e9ctrico y electr\u00f3nico en condiciones \u00f3ptimas de operaci\u00f3n a\u00fan bajo las m\u00e1s severas condiciones de corrosi\u00f3n ambiental.<\/li>\n<li style=\"text-align: justify;\">Evita las fallas el\u00e9ctricas causadas por la humedad.<\/li>\n<li style=\"text-align: justify;\">Permite el desarrollo total de la potencia el\u00e9ctrica.<\/li>\n<li style=\"text-align: justify;\">No afecta las caracter\u00edsticas o constantes el\u00e9ctricas del equipo.<\/li>\n<li style=\"text-align: justify;\">Es inofensivo y seguro en metal, cer\u00e1mica, pl\u00e1stico, esmalte o laca.<\/li>\n<li style=\"text-align: justify;\">No produce combusti\u00f3n espont\u00e1nea ni flama a la temperatura de ebullici\u00f3n.<\/li>\n<li style=\"text-align: justify;\">No es t\u00f3xico ni irritante.<\/li>\n<\/ul>\n<h4>Instrucciones:<\/h4>\n<p style=\"text-align: justify;\">Antes de aplicar, limpie bien la superficie; una vez seca la superficie, aplique, hasta cubrir bien por dentro y por fuera.\u00a0 Reaplique cuando haya evidencia de una nueva corrosi\u00f3n. No use en TV, radios, equipos de comunicaci\u00f3n o computaci\u00f3n.<\/p>\n","protected":false},"excerpt":{"rendered":"<p>La humedad o agua, conjuntamente con el ox\u00edgeno constituye el principal factor de corrosi\u00f3n atmosf\u00e9rico y del deterioro de toda superficie expuesta a su acci\u00f3n. El equipo el\u00e9ctrico y electr\u00f3nico es especialmente susceptible, ya que se alteran sus caracter\u00edsticas y constantes el\u00e9ctricas, adem\u00e1s del debilitamiento de los materiales. Desplaza la&#8230;<\/p>\n<p> <a class=\"continue-reading-link\" href=\"https:\/\/sutequim.com\/?page_id=316\"><span>Continue reading<\/span><i class=\"crycon-right-dir\"><\/i><\/a> <\/p>\n","protected":false},"author":8,"featured_media":0,"parent":117,"menu_order":0,"comment_status":"closed","ping_status":"closed","template":"","meta":{"footnotes":""},"class_list":["post-316","page","type-page","status-publish","hentry"],"_links":{"self":[{"href":"https:\/\/sutequim.com\/index.php?rest_route=\/wp\/v2\/pages\/316","targetHints":{"allow":["GET"]}}],"collection":[{"href":"https:\/\/sutequim.com\/index.php?rest_route=\/wp\/v2\/pages"}],"about":[{"href":"https:\/\/sutequim.com\/index.php?rest_route=\/wp\/v2\/types\/page"}],"author":[{"embeddable":true,"href":"https:\/\/sutequim.com\/index.php?rest_route=\/wp\/v2\/users\/8"}],"replies":[{"embeddable":true,"href":"https:\/\/sutequim.com\/index.php?rest_route=%2Fwp%2Fv2%2Fcomments&post=316"}],"version-history":[{"count":0,"href":"https:\/\/sutequim.com\/index.php?rest_route=\/wp\/v2\/pages\/316\/revisions"}],"up":[{"embeddable":true,"href":"https:\/\/sutequim.com\/index.php?rest_route=\/wp\/v2\/pages\/117"}],"wp:attachment":[{"href":"https:\/\/sutequim.com\/index.php?rest_route=%2Fwp%2Fv2%2Fmedia&parent=316"}],"curies":[{"name":"wp","href":"https:\/\/api.w.org\/{rel}","templated":true}]}}