{"id":320,"date":"2017-05-29T23:13:13","date_gmt":"2017-05-29T23:13:13","guid":{"rendered":"http:\/\/www.sutequim.com\/?page_id=320"},"modified":"2017-05-29T23:13:13","modified_gmt":"2017-05-29T23:13:13","slug":"solvente-dielectrico-universal","status":"publish","type":"page","link":"https:\/\/sutequim.com\/?page_id=320","title":{"rendered":"SOLVENTE DIEL\u00c9CTRICO UNIVERSAL"},"content":{"rendered":"<h3><img loading=\"lazy\" decoding=\"async\" class=\"alignright wp-image-360\" src=\"http:\/\/www.sutequim.com\/wp-content\/uploads\/2017\/05\/31310-8457841-150x150.jpg\" alt=\"\" width=\"250\" height=\"214\" \/>Limpia y desengrasa motores el\u00e9ctricos en funcionamiento,\u00a0 reduce los peligros de incendio<\/h3>\n<h4>Caracter\u00edsticas:<\/h4>\n<ul>\n<li style=\"text-align: justify;\">No contiene Tetracloruro de carbono, tricloroetileno, gasolina o keros\u00e9n.<\/li>\n<li style=\"text-align: justify;\">Elimina grasa, aceite, sucio, humedad y otros contaminantes comunes en equipos el\u00e9ctricos.<\/li>\n<li style=\"text-align: justify;\">No es corrosivo a las superficies met\u00e1licas.<\/li>\n<li style=\"text-align: justify;\">No ataca los pl\u00e1sticos, aisladores, gomas o pinturas presentes en equipos el\u00e9ctricos, Prolonga la vida de los cepillos.<\/li>\n<li style=\"text-align: justify;\">No proporciona humedad en los inducidos, seca y no deja residuos.<\/li>\n<li style=\"text-align: justify;\">No es conductivo. Puede ser usado dondequiera que se usen motores.<\/li>\n<li style=\"text-align: justify;\">FUERZA DIEL\u00c9CTRICA M\u00cdNIMA DE 35.000 Voltios (35 Kv.)<\/li>\n<li style=\"text-align: justify;\">Prolonga la vida del motor y reduce la perdida de tiempo al desmontar el mismo.<\/li>\n<li style=\"text-align: justify;\">Reduce el riesgo de incendio. Evita corto circuito en conmutadores.<\/li>\n<\/ul>\n<p style=\"text-align: justify;\">Ayuda a reducir peligro de incendios, los defectos de motores el\u00e9ctricos son la causa de uno de cada cinco incendios de origen el\u00e9ctrico. Esto es causado cuando el fuego del motor enciende otros combustibles cercanos u ocasiona una explosi\u00f3n por vapores, gases inflamables o polvos inflamables.<\/p>\n<p style=\"text-align: justify;\">El mantenimiento regular con el producto previene los causantes de estos incendios. Algunos como inducidos llenos de aceite, ventilas obstruidas por polvo combinado con aceite, cojinetes recalentados, chispas en los conmutadores, aislantes empapados de aceite.<\/p>\n<p style=\"text-align: justify;\">NOTA: No usar en motores de corriente continua (DC) en funcionamiento, sino \u00fanicamente desconectados.<\/p>\n<p style=\"text-align: justify;\">Al no poseer una excesiva velocidad de evaporaci\u00f3n, es menos probable la inducci\u00f3n de humedad en los inducidos por efecto del enfriamiento de un solvente sobre los metales, su evaporaci\u00f3n es de 15 a 20 minutos proporcionando tiempo de contacto suficiente para disolver dep\u00f3sitos pesados de grasas.<\/p>\n<p style=\"text-align: justify;\">A diferencia a otros solventes, esta formulado de forma que no ataque aisladores de esmalte, gomas y muchos pl\u00e1sticos.<\/p>\n","protected":false},"excerpt":{"rendered":"<p>Limpia y desengrasa motores el\u00e9ctricos en funcionamiento,\u00a0 reduce los peligros de incendio Caracter\u00edsticas: No contiene Tetracloruro de carbono, tricloroetileno, gasolina o keros\u00e9n. Elimina grasa, aceite, sucio, humedad y otros contaminantes comunes en equipos el\u00e9ctricos. No es corrosivo a las superficies met\u00e1licas. No ataca los pl\u00e1sticos, aisladores, gomas o pinturas presentes&#8230;<\/p>\n<p> <a class=\"continue-reading-link\" href=\"https:\/\/sutequim.com\/?page_id=320\"><span>Continue reading<\/span><i class=\"crycon-right-dir\"><\/i><\/a> <\/p>\n","protected":false},"author":8,"featured_media":0,"parent":117,"menu_order":0,"comment_status":"closed","ping_status":"closed","template":"","meta":{"footnotes":""},"class_list":["post-320","page","type-page","status-publish","hentry"],"_links":{"self":[{"href":"https:\/\/sutequim.com\/index.php?rest_route=\/wp\/v2\/pages\/320","targetHints":{"allow":["GET"]}}],"collection":[{"href":"https:\/\/sutequim.com\/index.php?rest_route=\/wp\/v2\/pages"}],"about":[{"href":"https:\/\/sutequim.com\/index.php?rest_route=\/wp\/v2\/types\/page"}],"author":[{"embeddable":true,"href":"https:\/\/sutequim.com\/index.php?rest_route=\/wp\/v2\/users\/8"}],"replies":[{"embeddable":true,"href":"https:\/\/sutequim.com\/index.php?rest_route=%2Fwp%2Fv2%2Fcomments&post=320"}],"version-history":[{"count":0,"href":"https:\/\/sutequim.com\/index.php?rest_route=\/wp\/v2\/pages\/320\/revisions"}],"up":[{"embeddable":true,"href":"https:\/\/sutequim.com\/index.php?rest_route=\/wp\/v2\/pages\/117"}],"wp:attachment":[{"href":"https:\/\/sutequim.com\/index.php?rest_route=%2Fwp%2Fv2%2Fmedia&parent=320"}],"curies":[{"name":"wp","href":"https:\/\/api.w.org\/{rel}","templated":true}]}}