{"id":322,"date":"2017-05-29T23:16:27","date_gmt":"2017-05-29T23:16:27","guid":{"rendered":"http:\/\/www.sutequim.com\/?page_id=322"},"modified":"2017-05-29T23:16:27","modified_gmt":"2017-05-29T23:16:27","slug":"disolvente-de-seguridad","status":"publish","type":"page","link":"https:\/\/sutequim.com\/?page_id=322","title":{"rendered":"DISOLVENTE DE SEGURIDAD"},"content":{"rendered":"<h3><img loading=\"lazy\" decoding=\"async\" class=\"size-full wp-image-475 alignright\" src=\"https:\/\/sutequim.com\/wp-content\/uploads\/2017\/05\/disolvente-de-seguridad-1.jpg\" alt=\"\" width=\"250\" height=\"250\" \/>Disolvente de seguridad para limpiar la grasa y limpiar motores el\u00e9ctricos y derivados sin energizar<\/h3>\n<h4>Caracter\u00edsticas:<\/h4>\n<p style=\"text-align: justify;\">Es un producto especialmente formulado para solucionar eficazmente la limpieza en equipos el\u00e9ctricos, motores, generadores interruptores. Ideal para ser usado en equipos y maquinarias donde requiera la limpieza sin desengrasantes solubles en agua. As\u00ed\u00a0 mismo, se obtiene excelentes resultados en la limpieza de man\u00f3metros, cojinetes, equipo textil e instrumentos en general.<\/p>\n<p style=\"text-align: justify;\">No es de evaporaci\u00f3n r\u00e1pida, lo cual permite mayor tiempo de contacto con la pieza o equipo, obteniendo de esta forma mejores resultados por su poder de arrastre.<\/p>\n<p style=\"text-align: justify;\">Esta compuesto por una mezcla de disolventes org\u00e1nicos formulados para ser usado en todas las operaciones de desengrase. Re\u00fane cualidades positivas de los solventes derivados del petr\u00f3leo de bajo poder de inflamaci\u00f3n, no contiene Tetracloruro de carbono, por lo cual su riesgo de toxicidad es bajo, los valores de toxicidad se expresan en t\u00e9rminos de M\u00c1XIMA CONCENTRACI\u00d3N ADMISIBLE (MAXIMIUM ALLOWABLE CONCENTRATION M.A.C.) de vapor de aire, antes que el solvente se torne peligroso. El M.A.C. del producto es de 500 ppm, mientras que el Tetracloruro de carbono es de 25 ppm, lo cual indica que es 20 veces menos toxico que el Tetracloruro de carbono.<\/p>\n<p style=\"text-align: justify;\">No es corrosivo en ning\u00fan metal puede ser utilizado con seguridad. Se utiliza sin diluir por aspersi\u00f3n directamente sobre los equipos el\u00e9ctricos, motores, generadores, interruptores. Puede usarse por inmersi\u00f3n o remojo. De ser usado de esta forma deber\u00e1 ser en un envase con tapa para evitar su evaporaci\u00f3n.<\/p>\n<p style=\"text-align: justify;\">No usar en equipos electr\u00f3nicos, o en controles el\u00e9ctricos de procesos autom\u00e1ticos.<\/p>\n","protected":false},"excerpt":{"rendered":"<p>Disolvente de seguridad para limpiar la grasa y limpiar motores el\u00e9ctricos y derivados sin energizar Caracter\u00edsticas: Es un producto especialmente formulado para solucionar eficazmente la limpieza en equipos el\u00e9ctricos, motores, generadores interruptores. Ideal para ser usado en equipos y maquinarias donde requiera la limpieza sin desengrasantes solubles en agua. As\u00ed\u00a0&#8230;<\/p>\n<p> <a class=\"continue-reading-link\" href=\"https:\/\/sutequim.com\/?page_id=322\"><span>Continue reading<\/span><i class=\"crycon-right-dir\"><\/i><\/a> <\/p>\n","protected":false},"author":8,"featured_media":0,"parent":117,"menu_order":0,"comment_status":"closed","ping_status":"closed","template":"","meta":{"footnotes":""},"class_list":["post-322","page","type-page","status-publish","hentry"],"_links":{"self":[{"href":"https:\/\/sutequim.com\/index.php?rest_route=\/wp\/v2\/pages\/322","targetHints":{"allow":["GET"]}}],"collection":[{"href":"https:\/\/sutequim.com\/index.php?rest_route=\/wp\/v2\/pages"}],"about":[{"href":"https:\/\/sutequim.com\/index.php?rest_route=\/wp\/v2\/types\/page"}],"author":[{"embeddable":true,"href":"https:\/\/sutequim.com\/index.php?rest_route=\/wp\/v2\/users\/8"}],"replies":[{"embeddable":true,"href":"https:\/\/sutequim.com\/index.php?rest_route=%2Fwp%2Fv2%2Fcomments&post=322"}],"version-history":[{"count":0,"href":"https:\/\/sutequim.com\/index.php?rest_route=\/wp\/v2\/pages\/322\/revisions"}],"up":[{"embeddable":true,"href":"https:\/\/sutequim.com\/index.php?rest_route=\/wp\/v2\/pages\/117"}],"wp:attachment":[{"href":"https:\/\/sutequim.com\/index.php?rest_route=%2Fwp%2Fv2%2Fmedia&parent=322"}],"curies":[{"name":"wp","href":"https:\/\/api.w.org\/{rel}","templated":true}]}}