{"id":324,"date":"2017-05-30T01:22:54","date_gmt":"2017-05-30T01:22:54","guid":{"rendered":"http:\/\/www.sutequim.com\/?page_id=324"},"modified":"2017-05-30T01:22:54","modified_gmt":"2017-05-30T01:22:54","slug":"algaecida","status":"publish","type":"page","link":"https:\/\/sutequim.com\/?page_id=324","title":{"rendered":"ALGAECIDA"},"content":{"rendered":"<h4><img loading=\"lazy\" decoding=\"async\" class=\"size-full wp-image-457 alignright\" src=\"https:\/\/sutequim.com\/wp-content\/uploads\/2017\/05\/algaecida-1-1.jpg\" alt=\"\" width=\"250\" height=\"250\" \/>Caracter\u00edsticas:<\/h4>\n<ul>\n<li style=\"text-align: justify;\">Es un efectivo algaecida basado en sales de amonio cuaternario, elimina las algas e impide la reproducci\u00f3n de las plantas acu\u00e1ticas, manteniendo el agua clara y en condiciones satisfactorias.<\/li>\n<li style=\"text-align: justify;\">Contiene 10% de ingredientes activos, lo que es considerado un elevado porcentaje de producto activo, permitiendo de esta forma una diluci\u00f3n en altas proporciones.<\/li>\n<li style=\"text-align: justify;\">Tiene la ventaja de ser un producto compatible, cosa \u00e9sta que le permite ser aplicado con otros productos para el tratamiento de aguas.<\/li>\n<li style=\"text-align: justify;\">Su poder desinfectante le permite controlar la reproducci\u00f3n de algas en piscinas y lo hace indispensable en dem\u00e1s instalaciones deportivas que requiera su aplicaci\u00f3n.<\/li>\n<li style=\"text-align: justify;\">Evita que se propague el \u201cPie de Atleta\u201d (Dermatofitosis).<\/li>\n<li style=\"text-align: justify;\">Puede ser usado como desinfectante de ropa deportiva.<\/li>\n<li style=\"text-align: justify;\">Tambi\u00e9n puede ser aplicado con mopa, en las zonas adyacentes a las piscinas.<\/li>\n<\/ul>\n<h4>\u00a0Usos sugeridos:<\/h4>\n<ul>\n<li style=\"text-align: justify;\">Para la eliminaci\u00f3n de algas, debe aplicarse uniformemente sobre la superficie del agua de la piscina, despu\u00e9s de haberse puesto el sol.<\/li>\n<li style=\"text-align: justify;\">Cuando es aplicado por primera vez, debe a\u00f1adirse un gal\u00f3n de producto por cada 1000 galones de agua.<\/li>\n<li style=\"text-align: justify;\">Para aplicaciones peri\u00f3dicas mezclar 1 gal\u00f3n de producto por cada 1000 galones de agua<\/li>\n<\/ul>\n<h4>Precauciones:<\/h4>\n<ul>\n<li style=\"text-align: justify;\">Ev\u00edtese el contacto con la piel y los ojos, si esto sucede l\u00e1vese con abundante agua.<\/li>\n<li style=\"text-align: justify;\">Mant\u00e9ngase el envase bien cerrado y fuera del alcance de los ni\u00f1os.<\/li>\n<\/ul>\n","protected":false},"excerpt":{"rendered":"<p>Caracter\u00edsticas: Es un efectivo algaecida basado en sales de amonio cuaternario, elimina las algas e impide la reproducci\u00f3n de las plantas acu\u00e1ticas, manteniendo el agua clara y en condiciones satisfactorias. Contiene 10% de ingredientes activos, lo que es considerado un elevado porcentaje de producto activo, permitiendo de esta forma una&#8230;<\/p>\n<p> <a class=\"continue-reading-link\" href=\"https:\/\/sutequim.com\/?page_id=324\"><span>Continue reading<\/span><i class=\"crycon-right-dir\"><\/i><\/a> <\/p>\n","protected":false},"author":8,"featured_media":0,"parent":127,"menu_order":0,"comment_status":"closed","ping_status":"closed","template":"","meta":{"footnotes":""},"class_list":["post-324","page","type-page","status-publish","hentry"],"_links":{"self":[{"href":"https:\/\/sutequim.com\/index.php?rest_route=\/wp\/v2\/pages\/324","targetHints":{"allow":["GET"]}}],"collection":[{"href":"https:\/\/sutequim.com\/index.php?rest_route=\/wp\/v2\/pages"}],"about":[{"href":"https:\/\/sutequim.com\/index.php?rest_route=\/wp\/v2\/types\/page"}],"author":[{"embeddable":true,"href":"https:\/\/sutequim.com\/index.php?rest_route=\/wp\/v2\/users\/8"}],"replies":[{"embeddable":true,"href":"https:\/\/sutequim.com\/index.php?rest_route=%2Fwp%2Fv2%2Fcomments&post=324"}],"version-history":[{"count":0,"href":"https:\/\/sutequim.com\/index.php?rest_route=\/wp\/v2\/pages\/324\/revisions"}],"up":[{"embeddable":true,"href":"https:\/\/sutequim.com\/index.php?rest_route=\/wp\/v2\/pages\/127"}],"wp:attachment":[{"href":"https:\/\/sutequim.com\/index.php?rest_route=%2Fwp%2Fv2%2Fmedia&parent=324"}],"curies":[{"name":"wp","href":"https:\/\/api.w.org\/{rel}","templated":true}]}}