{"id":326,"date":"2017-05-30T01:28:50","date_gmt":"2017-05-30T01:28:50","guid":{"rendered":"http:\/\/www.sutequim.com\/?page_id=326"},"modified":"2020-09-16T15:17:27","modified_gmt":"2020-09-16T15:17:27","slug":"inhibidor-de-corrosion","status":"publish","type":"page","link":"https:\/\/sutequim.com\/?page_id=326","title":{"rendered":"INHIBIDOR DE CORROSI\u00d3N"},"content":{"rendered":"<h3><img loading=\"lazy\" decoding=\"async\" class=\"size-medium wp-image-660 alignright\" src=\"https:\/\/sutequim.com\/wp-content\/uploads\/2020\/09\/chealler-2-300x171.jpg\" alt=\"\" width=\"300\" height=\"171\" srcset=\"https:\/\/sutequim.com\/wp-content\/uploads\/2020\/09\/chealler-2-300x171.jpg 300w, https:\/\/sutequim.com\/wp-content\/uploads\/2020\/09\/chealler-2-150x85.jpg 150w, https:\/\/sutequim.com\/wp-content\/uploads\/2020\/09\/chealler-2.jpg 600w\" sizes=\"auto, (max-width: 300px) 100vw, 300px\" \/>Inhibidor de corrosi\u00f3n para sistemas de refrigeraci\u00f3n en circuitos cerrados<\/h3>\n<h4>Caracter\u00edsticas:<\/h4>\n<ul>\n<li style=\"text-align: justify;\">Se trata de un complejo formado por aditivos espec\u00edficos para inhibir la corrosi\u00f3n y oxidaci\u00f3n en circuitos cerrados de refrigeraci\u00f3n.<\/li>\n<li style=\"text-align: justify;\">No ataca el cobre, hierro, aluminio, ni acero.<\/li>\n<li style=\"text-align: justify;\">Todos sus componentes son de grado alimenticio, es decir no contiene cromatos ni otro tipo de materiales contaminante.<\/li>\n<\/ul>\n<h4>\u00a0Aplicaciones:<\/h4>\n<ul>\n<li style=\"text-align: justify;\">Como inhibidor de corrosi\u00f3n y oxidaci\u00f3n en sistemas cerrados de refrigeraci\u00f3n (CHILLERS).<\/li>\n<li style=\"text-align: justify;\">Para suavizar agua de alimentaci\u00f3n de las calderas.<\/li>\n<li style=\"text-align: justify;\">Tambi\u00e9n proporciona protecci\u00f3n contra la corrosi\u00f3n en calderas de baja presi\u00f3n.<\/li>\n<\/ul>\n<h4>Modo de uso:<\/h4>\n<ul>\n<li style=\"text-align: justify;\">Para circuitos de refrigeraci\u00f3n utilice (1) litro de producto por cada (200) litros de agua; el pH debe mantenerse entre 10 y 11.<\/li>\n<li style=\"text-align: justify;\">Para suavizar agua de alimentaci\u00f3n de las calderas agregar (1) litro de producto por cada (400) litros de agua; el pH debe mantenerse entre 8,5 y 9,5.<\/li>\n<li style=\"text-align: justify;\">Para calderas utilice (1) litro de producto por cada (100) litros de agua; el pH debe mantenerse entre 11 y 12.<\/li>\n<\/ul>\n<h4>Precauciones:<\/h4>\n<ul>\n<li style=\"text-align: justify;\">Evite el contacto en forma concentrada sobre la piel; en caso de contacto lavarse con abundante agua hasta la desaparici\u00f3n de la sensaci\u00f3n jabonosa.<\/li>\n<li style=\"text-align: justify;\">En caso de contacto con los ojos lavar con abundante agua fresca durante 15 minutos.<\/li>\n<li style=\"text-align: justify;\">Da\u00f1ino si se ingiere, contiene \u00e1lcalis,<\/li>\n<li style=\"text-align: justify;\">Mant\u00e9ngase fuera del alcance de los ni\u00f1os.<\/li>\n<\/ul>\n","protected":false},"excerpt":{"rendered":"<p>Inhibidor de corrosi\u00f3n para sistemas de refrigeraci\u00f3n en circuitos cerrados Caracter\u00edsticas: Se trata de un complejo formado por aditivos espec\u00edficos para inhibir la corrosi\u00f3n y oxidaci\u00f3n en circuitos cerrados de refrigeraci\u00f3n. No ataca el cobre, hierro, aluminio, ni acero. Todos sus componentes son de grado alimenticio, es decir no contiene&#8230;<\/p>\n<p> <a class=\"continue-reading-link\" href=\"https:\/\/sutequim.com\/?page_id=326\"><span>Continue reading<\/span><i class=\"crycon-right-dir\"><\/i><\/a> <\/p>\n","protected":false},"author":8,"featured_media":0,"parent":127,"menu_order":0,"comment_status":"closed","ping_status":"closed","template":"","meta":{"footnotes":""},"class_list":["post-326","page","type-page","status-publish","hentry"],"_links":{"self":[{"href":"https:\/\/sutequim.com\/index.php?rest_route=\/wp\/v2\/pages\/326","targetHints":{"allow":["GET"]}}],"collection":[{"href":"https:\/\/sutequim.com\/index.php?rest_route=\/wp\/v2\/pages"}],"about":[{"href":"https:\/\/sutequim.com\/index.php?rest_route=\/wp\/v2\/types\/page"}],"author":[{"embeddable":true,"href":"https:\/\/sutequim.com\/index.php?rest_route=\/wp\/v2\/users\/8"}],"replies":[{"embeddable":true,"href":"https:\/\/sutequim.com\/index.php?rest_route=%2Fwp%2Fv2%2Fcomments&post=326"}],"version-history":[{"count":3,"href":"https:\/\/sutequim.com\/index.php?rest_route=\/wp\/v2\/pages\/326\/revisions"}],"predecessor-version":[{"id":662,"href":"https:\/\/sutequim.com\/index.php?rest_route=\/wp\/v2\/pages\/326\/revisions\/662"}],"up":[{"embeddable":true,"href":"https:\/\/sutequim.com\/index.php?rest_route=\/wp\/v2\/pages\/127"}],"wp:attachment":[{"href":"https:\/\/sutequim.com\/index.php?rest_route=%2Fwp%2Fv2%2Fmedia&parent=326"}],"curies":[{"name":"wp","href":"https:\/\/api.w.org\/{rel}","templated":true}]}}