{"id":328,"date":"2017-05-30T01:31:52","date_gmt":"2017-05-30T01:31:52","guid":{"rendered":"http:\/\/www.sutequim.com\/?page_id=328"},"modified":"2017-05-30T01:31:52","modified_gmt":"2017-05-30T01:31:52","slug":"anti-incrustante-para-calderas","status":"publish","type":"page","link":"https:\/\/sutequim.com\/?page_id=328","title":{"rendered":"ANTI-INCRUSTANTE PARA CALDERAS"},"content":{"rendered":"<h4><img loading=\"lazy\" decoding=\"async\" class=\"size-full wp-image-469 alignright\" src=\"https:\/\/sutequim.com\/wp-content\/uploads\/2017\/05\/antincrustante-para-caldera.jpg\" alt=\"\" width=\"250\" height=\"250\" srcset=\"https:\/\/sutequim.com\/wp-content\/uploads\/2017\/05\/antincrustante-para-caldera.jpg 250w, https:\/\/sutequim.com\/wp-content\/uploads\/2017\/05\/antincrustante-para-caldera-150x150.jpg 150w\" sizes=\"auto, (max-width: 250px) 100vw, 250px\" \/>Caracter\u00edsticas:<\/h4>\n<ul>\n<li style=\"text-align: justify;\">Este compuesto l\u00edquido cumple funciones generales que dan un nivel \u00f3ptimo en el rendimiento del equipo, asegurando de esta forma, limpiezas menos frecuentes.<\/li>\n<li style=\"text-align: justify;\">Puede ser utilizada en industria alimenticia, textil, qu\u00edmica, ya que en sus componentes no existen materiales t\u00f3xicos que pudieran causar efectos de contaminaci\u00f3n.<\/li>\n<li style=\"text-align: justify;\">Evita las incrustaciones, sus agentes secuestrantes de oxigeno controlan la corrosi\u00f3n.<\/li>\n<li style=\"text-align: justify;\">Suaviza el agua de alimentaci\u00f3n y mantiene un pH apropiado de operaci\u00f3n.<\/li>\n<\/ul>\n<p><img loading=\"lazy\" decoding=\"async\" class=\"alignnone size-full wp-image-471\" src=\"https:\/\/sutequim.com\/wp-content\/uploads\/2017\/05\/tabla-anti-incriustante-cal.jpg\" alt=\"\" width=\"616\" height=\"150\" srcset=\"https:\/\/sutequim.com\/wp-content\/uploads\/2017\/05\/tabla-anti-incriustante-cal.jpg 616w, https:\/\/sutequim.com\/wp-content\/uploads\/2017\/05\/tabla-anti-incriustante-cal-300x73.jpg 300w\" sizes=\"auto, (max-width: 616px) 100vw, 616px\" \/><\/p>\n<h4>Aplicaci\u00f3n:<\/h4>\n<ul>\n<li style=\"text-align: justify;\">Agregar 5 Lts de producto por cada 20 caballos de fuerza. Para sistemas con grandes reservas de agua, agregar 4 Lts por cada 1000 Lts de agua.<\/li>\n<li style=\"text-align: justify;\">Mantenimiento de rutina: A\u00f1adir 12 Lts semanales por cada 100 caballos de fuerza y mantenga un pH de 11, de ser necesario aumente el tratamiento.<\/li>\n<li style=\"text-align: justify;\">Las purgas deber\u00e1n hacerse 2 veces al d\u00eda por espacio de 1 minuto, tiempo suficiente para controlar el nivel de s\u00f3lidos presente en el sistema.<\/li>\n<\/ul>\n","protected":false},"excerpt":{"rendered":"<p>Caracter\u00edsticas: Este compuesto l\u00edquido cumple funciones generales que dan un nivel \u00f3ptimo en el rendimiento del equipo, asegurando de esta forma, limpiezas menos frecuentes. Puede ser utilizada en industria alimenticia, textil, qu\u00edmica, ya que en sus componentes no existen materiales t\u00f3xicos que pudieran causar efectos de contaminaci\u00f3n. Evita las incrustaciones,&#8230;<\/p>\n<p> <a class=\"continue-reading-link\" href=\"https:\/\/sutequim.com\/?page_id=328\"><span>Continue reading<\/span><i class=\"crycon-right-dir\"><\/i><\/a> <\/p>\n","protected":false},"author":8,"featured_media":0,"parent":127,"menu_order":0,"comment_status":"closed","ping_status":"closed","template":"","meta":{"footnotes":""},"class_list":["post-328","page","type-page","status-publish","hentry"],"_links":{"self":[{"href":"https:\/\/sutequim.com\/index.php?rest_route=\/wp\/v2\/pages\/328","targetHints":{"allow":["GET"]}}],"collection":[{"href":"https:\/\/sutequim.com\/index.php?rest_route=\/wp\/v2\/pages"}],"about":[{"href":"https:\/\/sutequim.com\/index.php?rest_route=\/wp\/v2\/types\/page"}],"author":[{"embeddable":true,"href":"https:\/\/sutequim.com\/index.php?rest_route=\/wp\/v2\/users\/8"}],"replies":[{"embeddable":true,"href":"https:\/\/sutequim.com\/index.php?rest_route=%2Fwp%2Fv2%2Fcomments&post=328"}],"version-history":[{"count":0,"href":"https:\/\/sutequim.com\/index.php?rest_route=\/wp\/v2\/pages\/328\/revisions"}],"up":[{"embeddable":true,"href":"https:\/\/sutequim.com\/index.php?rest_route=\/wp\/v2\/pages\/127"}],"wp:attachment":[{"href":"https:\/\/sutequim.com\/index.php?rest_route=%2Fwp%2Fv2%2Fmedia&parent=328"}],"curies":[{"name":"wp","href":"https:\/\/api.w.org\/{rel}","templated":true}]}}