{"id":331,"date":"2017-05-30T01:35:29","date_gmt":"2017-05-30T01:35:29","guid":{"rendered":"http:\/\/www.sutequim.com\/?page_id=331"},"modified":"2017-05-30T01:35:29","modified_gmt":"2017-05-30T01:35:29","slug":"desincrustante-para-calderas-y-equipos-de-refrigeracion","status":"publish","type":"page","link":"https:\/\/sutequim.com\/?page_id=331","title":{"rendered":"DESINCRUSTANTE PARA CALDERAS Y EQUIPOS DE REFRIGERACI\u00d3N"},"content":{"rendered":"<h4><img loading=\"lazy\" decoding=\"async\" class=\"size-full wp-image-465 alignright\" src=\"https:\/\/sutequim.com\/wp-content\/uploads\/2017\/05\/desincustrantes-para-calder.jpg\" alt=\"\" width=\"250\" height=\"250\" srcset=\"https:\/\/sutequim.com\/wp-content\/uploads\/2017\/05\/desincustrantes-para-calder.jpg 250w, https:\/\/sutequim.com\/wp-content\/uploads\/2017\/05\/desincustrantes-para-calder-150x150.jpg 150w\" sizes=\"auto, (max-width: 250px) 100vw, 250px\" \/>Caracter\u00edsticas:<\/h4>\n<ul>\n<li style=\"text-align: justify;\">Es una formula basado en \u00e1cidos minerales. Contiene un inhibidor que reduce la acci\u00f3n corrosiva en los metales, disuelve las incrustaciones producidas por el agua dura, como los carbonatos, silicatos, dep\u00f3sitos calc\u00ednenos y en general dep\u00f3sitos de magnesio.<\/li>\n<li style=\"text-align: justify;\">Su aplicaci\u00f3n es segura y efectiva en la limpieza qu\u00edmica de todos los aceros al carb\u00f3n.<\/li>\n<li style=\"text-align: justify;\">Desincrusta y desoxida calderas de vapor, torres de enfriamiento y evaporadores, torres de refrigeraci\u00f3n de petr\u00f3leo, tuber\u00edas de conducci\u00f3n de agua, medidores de agua, remueve el limo y las incrustaciones de sistemas de aire acondicionado, refrigeraci\u00f3n industrial. Elimina los residuos de cemento en camiones y equipos de construcci\u00f3n.<\/li>\n<\/ul>\n<p><img loading=\"lazy\" decoding=\"async\" class=\"alignnone size-full wp-image-464\" src=\"https:\/\/sutequim.com\/wp-content\/uploads\/2017\/05\/tabla-desincrustante-para-c.jpg\" alt=\"\" width=\"616\" height=\"150\" srcset=\"https:\/\/sutequim.com\/wp-content\/uploads\/2017\/05\/tabla-desincrustante-para-c.jpg 616w, https:\/\/sutequim.com\/wp-content\/uploads\/2017\/05\/tabla-desincrustante-para-c-300x73.jpg 300w\" sizes=\"auto, (max-width: 616px) 100vw, 616px\" \/><\/p>\n<h4>Usos:<\/h4>\n<ul>\n<li style=\"text-align: justify;\">Calderas: Agregar 20 Lts. de producto por cada 100 Lts. de agua en el sistema (ver anexo).<\/li>\n<li style=\"text-align: justify;\">Equipos de Refrigeraci\u00f3n: Agregar 10 Lts de producto por cada 150 Lts. de agua en el sistema, luego recircular.<\/li>\n<\/ul>\n","protected":false},"excerpt":{"rendered":"<p>Caracter\u00edsticas: Es una formula basado en \u00e1cidos minerales. Contiene un inhibidor que reduce la acci\u00f3n corrosiva en los metales, disuelve las incrustaciones producidas por el agua dura, como los carbonatos, silicatos, dep\u00f3sitos calc\u00ednenos y en general dep\u00f3sitos de magnesio. Su aplicaci\u00f3n es segura y efectiva en la limpieza qu\u00edmica de&#8230;<\/p>\n<p> <a class=\"continue-reading-link\" href=\"https:\/\/sutequim.com\/?page_id=331\"><span>Continue reading<\/span><i class=\"crycon-right-dir\"><\/i><\/a> <\/p>\n","protected":false},"author":8,"featured_media":0,"parent":127,"menu_order":0,"comment_status":"closed","ping_status":"closed","template":"","meta":{"footnotes":""},"class_list":["post-331","page","type-page","status-publish","hentry"],"_links":{"self":[{"href":"https:\/\/sutequim.com\/index.php?rest_route=\/wp\/v2\/pages\/331","targetHints":{"allow":["GET"]}}],"collection":[{"href":"https:\/\/sutequim.com\/index.php?rest_route=\/wp\/v2\/pages"}],"about":[{"href":"https:\/\/sutequim.com\/index.php?rest_route=\/wp\/v2\/types\/page"}],"author":[{"embeddable":true,"href":"https:\/\/sutequim.com\/index.php?rest_route=\/wp\/v2\/users\/8"}],"replies":[{"embeddable":true,"href":"https:\/\/sutequim.com\/index.php?rest_route=%2Fwp%2Fv2%2Fcomments&post=331"}],"version-history":[{"count":0,"href":"https:\/\/sutequim.com\/index.php?rest_route=\/wp\/v2\/pages\/331\/revisions"}],"up":[{"embeddable":true,"href":"https:\/\/sutequim.com\/index.php?rest_route=\/wp\/v2\/pages\/127"}],"wp:attachment":[{"href":"https:\/\/sutequim.com\/index.php?rest_route=%2Fwp%2Fv2%2Fmedia&parent=331"}],"curies":[{"name":"wp","href":"https:\/\/api.w.org\/{rel}","templated":true}]}}