{"id":333,"date":"2017-05-30T01:39:05","date_gmt":"2017-05-30T01:39:05","guid":{"rendered":"http:\/\/www.sutequim.com\/?page_id=333"},"modified":"2017-05-30T01:39:05","modified_gmt":"2017-05-30T01:39:05","slug":"regulador-de-ph","status":"publish","type":"page","link":"https:\/\/sutequim.com\/?page_id=333","title":{"rendered":"REGULADOR DE pH"},"content":{"rendered":"<h4><img loading=\"lazy\" decoding=\"async\" class=\"alignright wp-image-490 size-full\" src=\"https:\/\/sutequim.com\/wp-content\/uploads\/2017\/05\/PH-1.jpg\" alt=\"\" width=\"250\" height=\"250\" \/>Caracter\u00edsticas:<\/h4>\n<ul>\n<li style=\"text-align: justify;\">Es un producto l\u00edquido altamente alcalino especialmente formulado como neutralizante de pH \u00e1cidos, teniendo adem\u00e1s la particularidad de controlar las sales de calcio y magnesio en aguas duras.<\/li>\n<\/ul>\n<h4>Aplicaciones:<\/h4>\n<ul>\n<li style=\"text-align: justify;\">Act\u00faa sobre las superficies met\u00e1licas que han estado en contacto con \u00e1cidos fuertes y requieren una neutralizaci\u00f3n r\u00e1pida y efectiva del \u00e1cido residual adherido a los equipos.<\/li>\n<li style=\"text-align: justify;\">Esta recomendado especialmente para los procesos de limpiezas de calderas y sistemas de refrigeraci\u00f3n.<\/li>\n<li style=\"text-align: justify;\">La acci\u00f3n reguladora del pH esta combinada con la limpieza, ya que a la vez act\u00faa como desincrustante, desprendiendo todos los residuos de Calcio y Magnesio, dejando las superficies libres de estos residuos.<\/li>\n<\/ul>\n<h4>\u00a0Dosificaci\u00f3n de limpieza:<\/h4>\n<ul>\n<li style=\"text-align: justify;\">Debe agregarse al sistema aproximadamente un 15% del total de agua del equipo, calentar a 65 \u00baC. Por hora y media y luego hacer la limpieza total agregando agua a presi\u00f3n con una manguera.<\/li>\n<\/ul>\n<p><img loading=\"lazy\" decoding=\"async\" class=\"alignnone size-full wp-image-489\" src=\"https:\/\/sutequim.com\/wp-content\/uploads\/2017\/05\/tabla-regulador-de-ph.jpg\" alt=\"\" width=\"616\" height=\"143\" srcset=\"https:\/\/sutequim.com\/wp-content\/uploads\/2017\/05\/tabla-regulador-de-ph.jpg 616w, https:\/\/sutequim.com\/wp-content\/uploads\/2017\/05\/tabla-regulador-de-ph-300x70.jpg 300w\" sizes=\"auto, (max-width: 616px) 100vw, 616px\" \/><\/p>\n<h4>Dosificaci\u00f3n de tratamiento:<\/h4>\n<ul>\n<li style=\"text-align: justify;\">Dosificar a la caldera en forma continua con el sistema de inyecci\u00f3n autom\u00e1tico (s\u00ed lo tiene) aproximadamente 0,5 Lt.\/hora (4 Lts. en 8 horas de trabajo), y mantener un pH de 9,5.<\/li>\n<li style=\"text-align: justify;\">Esta dosificaci\u00f3n debe ser intercambiada en forma peri\u00f3dica con el producto <strong>ANTI-INCRUSTANTE DE CALDERAS.<\/strong><\/li>\n<\/ul>\n<h4>\u00a0Precauciones:<\/h4>\n<ul>\n<li style=\"text-align: justify;\">Evitar el contacto con la piel y los ojos, de ocurrir esto lavarse con abundante agua durante 10 minutos, mantener el envase bien cerrado y fuera del alcance de los ni\u00f1os.<\/li>\n<\/ul>\n","protected":false},"excerpt":{"rendered":"<p>Caracter\u00edsticas: Es un producto l\u00edquido altamente alcalino especialmente formulado como neutralizante de pH \u00e1cidos, teniendo adem\u00e1s la particularidad de controlar las sales de calcio y magnesio en aguas duras. Aplicaciones: Act\u00faa sobre las superficies met\u00e1licas que han estado en contacto con \u00e1cidos fuertes y requieren una neutralizaci\u00f3n r\u00e1pida y efectiva&#8230;<\/p>\n<p> <a class=\"continue-reading-link\" href=\"https:\/\/sutequim.com\/?page_id=333\"><span>Continue reading<\/span><i class=\"crycon-right-dir\"><\/i><\/a> <\/p>\n","protected":false},"author":8,"featured_media":0,"parent":127,"menu_order":0,"comment_status":"closed","ping_status":"closed","template":"","meta":{"footnotes":""},"class_list":["post-333","page","type-page","status-publish","hentry"],"_links":{"self":[{"href":"https:\/\/sutequim.com\/index.php?rest_route=\/wp\/v2\/pages\/333","targetHints":{"allow":["GET"]}}],"collection":[{"href":"https:\/\/sutequim.com\/index.php?rest_route=\/wp\/v2\/pages"}],"about":[{"href":"https:\/\/sutequim.com\/index.php?rest_route=\/wp\/v2\/types\/page"}],"author":[{"embeddable":true,"href":"https:\/\/sutequim.com\/index.php?rest_route=\/wp\/v2\/users\/8"}],"replies":[{"embeddable":true,"href":"https:\/\/sutequim.com\/index.php?rest_route=%2Fwp%2Fv2%2Fcomments&post=333"}],"version-history":[{"count":0,"href":"https:\/\/sutequim.com\/index.php?rest_route=\/wp\/v2\/pages\/333\/revisions"}],"up":[{"embeddable":true,"href":"https:\/\/sutequim.com\/index.php?rest_route=\/wp\/v2\/pages\/127"}],"wp:attachment":[{"href":"https:\/\/sutequim.com\/index.php?rest_route=%2Fwp%2Fv2%2Fmedia&parent=333"}],"curies":[{"name":"wp","href":"https:\/\/api.w.org\/{rel}","templated":true}]}}