{"id":45,"date":"2017-05-10T12:55:00","date_gmt":"2017-05-10T12:55:00","guid":{"rendered":"http:\/\/www.sutequim.com\/?page_id=45"},"modified":"2017-05-10T12:55:00","modified_gmt":"2017-05-10T12:55:00","slug":"consultoria","status":"publish","type":"page","link":"https:\/\/sutequim.com\/?page_id=45","title":{"rendered":"Consultor\u00eda"},"content":{"rendered":"<p style=\"text-align: justify;\"><strong><a href=\"https:\/\/sutequim.com\/wp-content\/uploads\/2017\/05\/shaking-hands.jpg\"><img loading=\"lazy\" decoding=\"async\" class=\"alignleft wp-image-129 size-thumbnail\" src=\"http:\/\/www.sutequim.com\/wp-content\/uploads\/2017\/05\/shaking-hands-150x150.jpg\" alt=\"\" width=\"150\" height=\"150\" srcset=\"https:\/\/sutequim.com\/wp-content\/uploads\/2017\/05\/shaking-hands-150x150.jpg 150w, https:\/\/sutequim.com\/wp-content\/uploads\/2017\/05\/shaking-hands.jpg 250w\" sizes=\"auto, (max-width: 150px) 100vw, 150px\" \/><\/a>UN MUNDO DE SOLUCIONES A SU ALCANCE<\/strong><br \/>\nNuestra experticia basada en 30 a\u00f1os de experiencia en el mercado nos proporciona innumerables herramientas para asesorarlo de forma optima y eficaz, el conocimiento profundo en est\u00e1ndares de car\u00e1cter internacional y las normas que los rigen nos convierten en su aliado m\u00e1s importante a la hora de desarrollar su proyectos, estas son nuestras fortalezas:<\/p>\n<hr \/>\n<p style=\"text-align: justify;\"><strong><a href=\"https:\/\/sutequim.com\/wp-content\/uploads\/2017\/05\/apoyo.jpg\"><img loading=\"lazy\" decoding=\"async\" class=\"alignleft wp-image-136 size-full\" src=\"https:\/\/sutequim.com\/wp-content\/uploads\/2017\/05\/apoyo.jpg\" alt=\"\" width=\"150\" height=\"150\" \/><\/a>APOYO TOTAL<\/strong><br \/>\nEstamos aqu\u00ed para usted, no solo distribuimos y vendemos productos para el mantenimiento de su maquinaria y \u00e1reas de trabajo, tambi\u00e9n le ense\u00f1amos a usarlo de forma optima, logrando el m\u00e1s alto rendimiento, lo que se traduce en productividad y ahorro de dinero.<\/p>\n<p style=\"text-align: justify;\">\n<hr \/>\n<p style=\"text-align: justify;\"><strong><a href=\"https:\/\/sutequim.com\/wp-content\/uploads\/2017\/05\/presencia.jpg\"><img loading=\"lazy\" decoding=\"async\" class=\"alignleft wp-image-133 size-full\" src=\"https:\/\/sutequim.com\/wp-content\/uploads\/2017\/05\/presencia.jpg\" alt=\"\" width=\"150\" height=\"150\" \/><\/a>PRESENCIA<\/strong><br \/>\nNuestro apoyo es en persona y en las instalaciones de su empresa, contamos con personal especializado dispuesto a ayudarle YA en la soluci\u00f3n de su problem\u00e1tica o necesidad, no esperamos para ma\u00f1ana, resolvemos hoy, CONT\u00c1CTENOS.<\/p>\n<p style=\"text-align: justify;\">\n<hr \/>\n<p style=\"text-align: justify;\"><strong><a href=\"https:\/\/sutequim.com\/wp-content\/uploads\/2017\/05\/planes.jpg\"><img loading=\"lazy\" decoding=\"async\" class=\"alignleft wp-image-134 size-thumbnail\" src=\"https:\/\/sutequim.com\/wp-content\/uploads\/2017\/05\/planes-150x150.jpg\" alt=\"\" width=\"150\" height=\"150\" \/><\/a>PLANES DE TRABAJO<\/strong><br \/>\nAhorre dinero, establezca un plan de trabajo con nosotros que se adapte a sus requerimientos, la planificaci\u00f3n lleva al \u00e9xito y el \u00e9xito es competitividad, nosotros le ayudamos a lograr su metas con calidad total.<\/p>\n<p style=\"text-align: justify;\">\n<hr \/>\n<p style=\"text-align: justify;\"><strong><a href=\"https:\/\/sutequim.com\/wp-content\/uploads\/2017\/05\/conferencia.jpg\"><img loading=\"lazy\" decoding=\"async\" class=\"alignleft wp-image-131 size-full\" src=\"https:\/\/sutequim.com\/wp-content\/uploads\/2017\/05\/conferencia.jpg\" alt=\"\" width=\"150\" height=\"150\" \/><\/a>FORMACI\u00d3N<\/strong><br \/>\nFormamos gente para la optimizaci\u00f3n de los procesos y el cumplimento de las normas, contamos con un equipo preparado para ense\u00f1ar, guiar y hacer crecer a su personal, pregunte por nuestras charlas<\/p>\n","protected":false},"excerpt":{"rendered":"<p>UN MUNDO DE SOLUCIONES A SU ALCANCE Nuestra experticia basada en 30 a\u00f1os de experiencia en el mercado nos proporciona innumerables herramientas para asesorarlo de forma optima y eficaz, el conocimiento profundo en est\u00e1ndares de car\u00e1cter internacional y las normas que los rigen nos convierten en su aliado m\u00e1s importante&#8230;<\/p>\n<p> <a class=\"continue-reading-link\" href=\"https:\/\/sutequim.com\/?page_id=45\"><span>Continue reading<\/span><i class=\"crycon-right-dir\"><\/i><\/a> <\/p>\n","protected":false},"author":8,"featured_media":0,"parent":0,"menu_order":3,"comment_status":"closed","ping_status":"open","template":"","meta":{"footnotes":""},"class_list":["post-45","page","type-page","status-publish","hentry"],"_links":{"self":[{"href":"https:\/\/sutequim.com\/index.php?rest_route=\/wp\/v2\/pages\/45","targetHints":{"allow":["GET"]}}],"collection":[{"href":"https:\/\/sutequim.com\/index.php?rest_route=\/wp\/v2\/pages"}],"about":[{"href":"https:\/\/sutequim.com\/index.php?rest_route=\/wp\/v2\/types\/page"}],"author":[{"embeddable":true,"href":"https:\/\/sutequim.com\/index.php?rest_route=\/wp\/v2\/users\/8"}],"replies":[{"embeddable":true,"href":"https:\/\/sutequim.com\/index.php?rest_route=%2Fwp%2Fv2%2Fcomments&post=45"}],"version-history":[{"count":0,"href":"https:\/\/sutequim.com\/index.php?rest_route=\/wp\/v2\/pages\/45\/revisions"}],"wp:attachment":[{"href":"https:\/\/sutequim.com\/index.php?rest_route=%2Fwp%2Fv2%2Fmedia&parent=45"}],"curies":[{"name":"wp","href":"https:\/\/api.w.org\/{rel}","templated":true}]}}