{"id":537,"date":"2020-09-03T19:46:55","date_gmt":"2020-09-03T19:46:55","guid":{"rendered":"https:\/\/sutequim.com\/?page_id=537"},"modified":"2020-09-04T14:15:11","modified_gmt":"2020-09-04T14:15:11","slug":"limpiador-de-turbinas-a-gas","status":"publish","type":"page","link":"https:\/\/sutequim.com\/?page_id=537","title":{"rendered":"LIMPIADOR DE TURBINAS A GAS"},"content":{"rendered":"<p><img loading=\"lazy\" decoding=\"async\" class=\"size-medium wp-image-540 alignright\" src=\"https:\/\/sutequim.com\/wp-content\/uploads\/2020\/09\/mantenimiento-turbinas-gas-300x200.jpg\" alt=\"\" width=\"300\" height=\"200\" srcset=\"https:\/\/sutequim.com\/wp-content\/uploads\/2020\/09\/mantenimiento-turbinas-gas-300x200.jpg 300w, https:\/\/sutequim.com\/wp-content\/uploads\/2020\/09\/mantenimiento-turbinas-gas-150x100.jpg 150w, https:\/\/sutequim.com\/wp-content\/uploads\/2020\/09\/mantenimiento-turbinas-gas.jpg 650w\" sizes=\"auto, (max-width: 300px) 100vw, 300px\" \/>Es una formulaci\u00f3n especialmente desarrollada para ser empleada en operaciones de desengrase de turbinas a gas y sus componentes integrados, tuber\u00edas, etc.<\/p>\n<p>Es una perfecta mezcla de surfactantes ani\u00f3nicos y no i\u00f3nicos, solventes naturales, \u00e9teres glic\u00f3licos y anticorrosivos.<\/p>\n<p>Lo cual le confiere un excelente efecto sinergistico y un gran poder desengrasante y limpiador<\/p>\n<h4><strong>Usos t\u00edpicos:<\/strong><\/h4>\n<p>Se puede utilizar tal como viene o tambi\u00e9n\u00a0 puede diluirse en agua hasta 5 partes por cada parte de producto, formando una mezcla homog\u00e9nea, gran estabilidad y esencialmente Biodegradable. Se puede usar\u00a0 m\u00e1quinas autom\u00e1ticas auto limpiantes que aplican el producto por medio de\u00a0 un sistema de riego sostenido y continuo sobre toda el \u00e1rea de la turbina lo cual proporciona al producto\u00a0\u00a0 mayor eficacia en su acci\u00f3n desengrasante, limpieza y remoci\u00f3n de todo tipo de suciedades t\u00edpicas presentes en estas m\u00e1quinas tales como: grasas, asfaltos, etc.<\/p>\n<h4><strong>Caracter\u00edsticas:<\/strong><\/h4>\n<p>&gt;\u00a0Concentrado<\/p>\n<p>&gt;\u00a0Fuerza de\u00a0 desengrase.<\/p>\n<p>&gt;\u00a0Versatilidad y eficacia.<\/p>\n<p>&gt;\u00a0Forma mezclas de gran estabilidad<\/p>\n<p>&gt;\u00a0Biodegradable.<\/p>\n<p>&gt; Elevado punto de ebullici\u00f3n<\/p>\n<p>&gt; No produce vapores y puede usarse en espacios reducidos sin protecci\u00f3n respiratoria<\/p>\n<h4><strong>Precauciones:<\/strong><\/h4>\n<p>Evite el contacto directo con la piel, ya que su acci\u00f3n desengrasante disuelve la fina pel\u00edcula de grasa que recubre la piel a manera de protecci\u00f3n , lo cual originaria irritaci\u00f3n, re secamiento y posible dermatitis, evite el contacto con los ojos.<\/p>\n<p>Usar lentes de seguridad y guantes de goma.<\/p>\n<p>Consultar hoja de datos de seguridad.<\/p>\n","protected":false},"excerpt":{"rendered":"<p>Es una formulaci\u00f3n especialmente desarrollada para ser empleada en operaciones de desengrase de turbinas a gas y sus componentes integrados, tuber\u00edas, etc. Es una perfecta mezcla de surfactantes ani\u00f3nicos y no i\u00f3nicos, solventes naturales, \u00e9teres glic\u00f3licos y anticorrosivos. Lo cual le confiere un excelente efecto sinergistico y un gran poder&#8230;<\/p>\n<p> <a class=\"continue-reading-link\" href=\"https:\/\/sutequim.com\/?page_id=537\"><span>Continue reading<\/span><i class=\"crycon-right-dir\"><\/i><\/a> <\/p>\n","protected":false},"author":8,"featured_media":0,"parent":91,"menu_order":0,"comment_status":"closed","ping_status":"closed","template":"","meta":{"footnotes":""},"class_list":["post-537","page","type-page","status-publish","hentry"],"_links":{"self":[{"href":"https:\/\/sutequim.com\/index.php?rest_route=\/wp\/v2\/pages\/537","targetHints":{"allow":["GET"]}}],"collection":[{"href":"https:\/\/sutequim.com\/index.php?rest_route=\/wp\/v2\/pages"}],"about":[{"href":"https:\/\/sutequim.com\/index.php?rest_route=\/wp\/v2\/types\/page"}],"author":[{"embeddable":true,"href":"https:\/\/sutequim.com\/index.php?rest_route=\/wp\/v2\/users\/8"}],"replies":[{"embeddable":true,"href":"https:\/\/sutequim.com\/index.php?rest_route=%2Fwp%2Fv2%2Fcomments&post=537"}],"version-history":[{"count":7,"href":"https:\/\/sutequim.com\/index.php?rest_route=\/wp\/v2\/pages\/537\/revisions"}],"predecessor-version":[{"id":566,"href":"https:\/\/sutequim.com\/index.php?rest_route=\/wp\/v2\/pages\/537\/revisions\/566"}],"up":[{"embeddable":true,"href":"https:\/\/sutequim.com\/index.php?rest_route=\/wp\/v2\/pages\/91"}],"wp:attachment":[{"href":"https:\/\/sutequim.com\/index.php?rest_route=%2Fwp%2Fv2%2Fmedia&parent=537"}],"curies":[{"name":"wp","href":"https:\/\/api.w.org\/{rel}","templated":true}]}}