{"id":547,"date":"2020-09-03T19:55:27","date_gmt":"2020-09-03T19:55:27","guid":{"rendered":"https:\/\/sutequim.com\/?page_id=547"},"modified":"2020-09-16T14:18:15","modified_gmt":"2020-09-16T14:18:15","slug":"limpiador-sistema-de-radiadores-concentrado","status":"publish","type":"page","link":"https:\/\/sutequim.com\/?page_id=547","title":{"rendered":"LIMPIADOR SISTEMA DE RADIADORES  CONCENTRADO"},"content":{"rendered":"<p><img loading=\"lazy\" decoding=\"async\" class=\"wp-image-554 size-full aligncenter\" src=\"https:\/\/sutequim.com\/wp-content\/uploads\/2020\/09\/SITUACION.jpg\" alt=\"\" width=\"700\" height=\"300\" srcset=\"https:\/\/sutequim.com\/wp-content\/uploads\/2020\/09\/SITUACION.jpg 700w, https:\/\/sutequim.com\/wp-content\/uploads\/2020\/09\/SITUACION-300x129.jpg 300w, https:\/\/sutequim.com\/wp-content\/uploads\/2020\/09\/SITUACION-150x64.jpg 150w\" sizes=\"auto, (max-width: 700px) 100vw, 700px\" \/><\/p>\n<p>En ocasiones por fugas e imprevistos nos vemos en la necesidad de rellenar el radiador con agua, al no contar con liquido refrigerante a la mano, generando un da\u00f1o al sistema, pues ocasiona formaci\u00f3n de oxido, dep\u00f3sitos de lodos, taponamientos de las celdas y perdida de la capacidad de refrigeraci\u00f3n por las adherencias del sedimento a las paredes,<\/p>\n<p>Es un producto efectivo y concentrado, especial para remover las t\u00edpicas incrustaciones de aguas duras y escorias en metales, contiene agentes surfactantes y emulsificadores que penetran, aflojan y remueven las incrustaciones y ligeras oxidaciones: aceites, grasas y lodos.<\/p>\n<p>No da\u00f1a las gomas, empacaduras y mangueras.<\/p>\n<p>No ataca las partes de aluminio del bloque del motor.<\/p>\n<h5><strong>Caracter\u00edsticas:<\/strong><\/h5>\n<p>&gt;\u00a0Concentrado.<\/p>\n<p>&gt;\u00a0Econ\u00f3mico.<\/p>\n<p>&gt;\u00a0A diferencia del baqueteado del radiador, al circular el producto por el sistema, limpia todo el circuito,\u00a0\u00a0\u00a0\u00a0\u00a0 incluyendo las paredes del motor.<\/p>\n<p>&gt;\u00a0Remueve aceites, lodos,\u00a0 incrustaciones y \u00f3xidos.<\/p>\n<p>&gt;\u00a0 R\u00e1pido y sencillo, sin tener que desmontar el radiador.<\/p>\n<p>&gt;\u00a0Biodegradable.<\/p>\n<p>&gt;\u00a0No ocasiona da\u00f1os a las\u00a0 gomas, silicones y piezas de aluminio<\/p>\n<h5><strong>Instrucciones de uso:<\/strong><\/h5>\n<p>1.- Vaciar previamente el agua del radiador.<\/p>\n<p>2.- Llenar nuevamente con agua limpia y producto a raz\u00f3n del 10% por\u00a0 volumen.<\/p>\n<p>3.- Poner a funcionar el motor por 20 minutos.<\/p>\n<p>4.- Vac\u00ede nuevamente el radiador.<\/p>\n<p>5.- Coloque la manguera de agua limpia en la entrada del radiador con la mariposa abierta y deje que el agua circule hasta que salga limpia.<\/p>\n<p>6.- Cierre la mariposa y llene el radiador nuevamente, agr\u00e9guele nuestro producto refrigerante concentrado.<\/p>\n<h5><strong>Precauciones:<\/strong><\/h5>\n<p>Evite el contacto con el producto.<\/p>\n<p>Si lo ingiere no provoque el vomito, inmediatamente solicite asistencia m\u00e9dica.<\/p>\n<p>No almacene en envases abiertos y sin etiquetas.<\/p>\n<p>Mantenga el envase cerrado y fuera del alcance de los ni\u00f1os.<\/p>\n<p>&nbsp;<\/p>\n<p>&nbsp;<\/p>\n","protected":false},"excerpt":{"rendered":"<p>En ocasiones por fugas e imprevistos nos vemos en la necesidad de rellenar el radiador con agua, al no contar con liquido refrigerante a la mano, generando un da\u00f1o al sistema, pues ocasiona formaci\u00f3n de oxido, dep\u00f3sitos de lodos, taponamientos de las celdas y perdida de la capacidad de refrigeraci\u00f3n&#8230;<\/p>\n<p> <a class=\"continue-reading-link\" href=\"https:\/\/sutequim.com\/?page_id=547\"><span>Continue reading<\/span><i class=\"crycon-right-dir\"><\/i><\/a> <\/p>\n","protected":false},"author":8,"featured_media":0,"parent":110,"menu_order":0,"comment_status":"closed","ping_status":"closed","template":"","meta":{"footnotes":""},"class_list":["post-547","page","type-page","status-publish","hentry"],"_links":{"self":[{"href":"https:\/\/sutequim.com\/index.php?rest_route=\/wp\/v2\/pages\/547","targetHints":{"allow":["GET"]}}],"collection":[{"href":"https:\/\/sutequim.com\/index.php?rest_route=\/wp\/v2\/pages"}],"about":[{"href":"https:\/\/sutequim.com\/index.php?rest_route=\/wp\/v2\/types\/page"}],"author":[{"embeddable":true,"href":"https:\/\/sutequim.com\/index.php?rest_route=\/wp\/v2\/users\/8"}],"replies":[{"embeddable":true,"href":"https:\/\/sutequim.com\/index.php?rest_route=%2Fwp%2Fv2%2Fcomments&post=547"}],"version-history":[{"count":8,"href":"https:\/\/sutequim.com\/index.php?rest_route=\/wp\/v2\/pages\/547\/revisions"}],"predecessor-version":[{"id":641,"href":"https:\/\/sutequim.com\/index.php?rest_route=\/wp\/v2\/pages\/547\/revisions\/641"}],"up":[{"embeddable":true,"href":"https:\/\/sutequim.com\/index.php?rest_route=\/wp\/v2\/pages\/110"}],"wp:attachment":[{"href":"https:\/\/sutequim.com\/index.php?rest_route=%2Fwp%2Fv2%2Fmedia&parent=547"}],"curies":[{"name":"wp","href":"https:\/\/api.w.org\/{rel}","templated":true}]}}