{"id":571,"date":"2020-09-08T13:19:14","date_gmt":"2020-09-08T13:19:14","guid":{"rendered":"https:\/\/sutequim.com\/?page_id=571"},"modified":"2020-09-18T12:05:53","modified_gmt":"2020-09-18T12:05:53","slug":"desinfectante-basado-en-amonio-cuaternario-5ta-generacion","status":"publish","type":"page","link":"https:\/\/sutequim.com\/?page_id=571","title":{"rendered":"DESINFECTANTE BASADO EN AMONIO CUATERNARIO 5ta. GENERACI\u00d3N"},"content":{"rendered":"<p><img loading=\"lazy\" decoding=\"async\" class=\"size-medium wp-image-576 alignright\" src=\"https:\/\/sutequim.com\/wp-content\/uploads\/2020\/09\/personal-de-limpieza-y-desinfeccion-para-laboratorio-laboratory-cleaning-and-disinfection-personnel-300x169.jpg\" alt=\"\" width=\"300\" height=\"169\" srcset=\"https:\/\/sutequim.com\/wp-content\/uploads\/2020\/09\/personal-de-limpieza-y-desinfeccion-para-laboratorio-laboratory-cleaning-and-disinfection-personnel-300x169.jpg 300w, https:\/\/sutequim.com\/wp-content\/uploads\/2020\/09\/personal-de-limpieza-y-desinfeccion-para-laboratorio-laboratory-cleaning-and-disinfection-personnel-1024x576.jpg 1024w, https:\/\/sutequim.com\/wp-content\/uploads\/2020\/09\/personal-de-limpieza-y-desinfeccion-para-laboratorio-laboratory-cleaning-and-disinfection-personnel-768x432.jpg 768w, https:\/\/sutequim.com\/wp-content\/uploads\/2020\/09\/personal-de-limpieza-y-desinfeccion-para-laboratorio-laboratory-cleaning-and-disinfection-personnel-150x84.jpg 150w, https:\/\/sutequim.com\/wp-content\/uploads\/2020\/09\/personal-de-limpieza-y-desinfeccion-para-laboratorio-laboratory-cleaning-and-disinfection-personnel.jpg 1200w\" sizes=\"auto, (max-width: 300px) 100vw, 300px\" \/>Es un poderoso desinfectante que act\u00faa como un germicida, fungicida y viricida. Muy concentrado 10% de sales de Amonio Cuaternario de 4ta generaci\u00f3n complementado con una dosis de alcohol isoprop\u00edlico lo hacen muy efectivo para eliminar por contacto una gran variedad de microorganismos como: Staphylococus aureus, Escherichi Coli, Pseudomonas Aeruginosa, Aspergillus niger, Penicillium Notatum.<br \/>\nEs efectivo para la eliminaci\u00f3n de virus de tipo encapsulado, por lo que lo convierte en el producto desinfectante ideal para combatir la propagaci\u00f3n del COVID-19. Es un producto totalmente inocuo, soluble en agua, a\u00fan en aguas duras, y su poderosa acci\u00f3n desinfectante es efectiva y r\u00e1pida; muy superior a otros compuestos clorados o fen\u00f3licos.<\/p>\n<h5><strong>Descripci\u00f3n:<\/strong><\/h5>\n<p>Es un l\u00edquido desinfectante y desodorante basado en mezcla de sales de amonio cuaternario, alcoholes que proporciona una acci\u00f3n limpiadora y una efectiva<br \/>\ndesinfecci\u00f3n, por lo que resulta muy apropiado para ser usado en \u00e1reas as\u00e9pticas y no s\u00e9pticas en laboratorios, cl\u00ednicas, hospitales, \u00e1reas de alimentos, industrias cosm\u00e9ticas, como alternativa a otros germicidas, especialmente efectivo en aguas duras o<br \/>\nsuavizadas.<br \/>\nNo es t\u00f3xico, no irrita la piel, no es corrosivo para metales en aplicaciones<br \/>\nnormales y no ataca pl\u00e1sticos, vidrios, porcelanas, cromo o gomas.<\/p>\n<h5><strong>Uso y aplicaciones<br \/>\n<\/strong><\/h5>\n<p>Es de gran utilidad para la desinfecci\u00f3n de equipos quir\u00fargicos, mobiliario y equipos de laboratorio<\/p>\n<p>hospitales y cl\u00ednicas, procesadoras de alimentos, mataderos, procesadoras de aves y carnes,\u00a0 pescader\u00edas, embotelladoras, en la desinfecci\u00f3n completa de pisos, paredes, ba\u00f1os, equipos de acero inoxidable en f\u00e1bricas de dulces, enlatados, panader\u00edas y cervecer\u00edas, industria alimenticia para la desinfecci\u00f3n de tuber\u00edas, tinas, m\u00e1quinas, equipos y \u00e1reas de producci\u00f3n usar diluciones:<\/p>\n<p><b>1:60<\/b>. en la industria agropecuaria para la desinfecci\u00f3n de orde\u00f1adoras, cubos para el transporte de leche,<\/p>\n<p><b>1:20\u00a0 <\/b>en el lavado de ubres.<\/p>\n<p><b>1:10. <\/b>En laboratorios para el lavado de materiales. <b>1:100. <\/b>En lavander\u00edas agregar en el \u00faltimo cambio<\/p>\n<p>de agua 1:100 del total de agua en el tanque para obtener una buena desinfecci\u00f3n y desodorizaci\u00f3n. 1:50 a 1:60 Para las cabinas y t\u00faneles de desinfecci\u00f3n,<\/p>\n<p><b>Es importante que limpie bien los objetos y superficies contaminadas antes de hacer la<\/b><\/p>\n<p><b>desinfecci\u00f3n<\/b>.<\/p>\n<p>Aplique directamente utilizando pa\u00f1o, mopa o esponja para distribuir el producto sobre la superficie que requiere ser tratada.<\/p>\n<p>Para nebulizar coloque en el nebulizador la soluci\u00f3n lista para usar, esperar 20 minutos al terminar el procedimiento para que las part\u00edculas se asienten.<\/p>\n<h5><strong>Caracteristicas<\/strong><\/h5>\n<p>&gt;\u00a0Listo para ser usado.<\/p>\n<p>&gt;\u00a0Sin olor.<\/p>\n<p>&gt;\u00a0Grado alimenticio.<\/p>\n<p>&gt; Elimina malos olores qu\u00edmicamente.<\/p>\n<p>&gt; Puede ser aplicado\u00a0 en cualquier superficie. No es\u00a0 corrosivo, no contiene ioduro ni acido carb\u00f3lico.<\/p>\n<p>&gt; No selectivo, elimina gran variedad de hongos, virus y bacterias.<\/p>\n<p>&gt;\u00a0Puede ser usado en\u00a0 \u00e1reas hospitalarias y de alimentos.<\/p>\n<p>&gt;\u00a0Para nebulizar \u00e1reas\u00a0 as\u00e9pticas y no as\u00e9pticas.<\/p>\n<h5><strong>Precauciones:<\/strong><\/h5>\n<ul>\n<li>Mant\u00e9ngase fuera del alcance de los ni\u00f1os.<\/li>\n<li>Mantenga el envase cerrado y\u00a0 protegido.<\/li>\n<li>Evite contacto con los ojos.<\/li>\n<li>No ingerir.<\/li>\n<\/ul>\n","protected":false},"excerpt":{"rendered":"<p>Es un poderoso desinfectante que act\u00faa como un germicida, fungicida y viricida. Muy concentrado 10% de sales de Amonio Cuaternario de 4ta generaci\u00f3n complementado con una dosis de alcohol isoprop\u00edlico lo hacen muy efectivo para eliminar por contacto una gran variedad de microorganismos como: Staphylococus aureus, Escherichi Coli, Pseudomonas Aeruginosa,&#8230;<\/p>\n<p> <a class=\"continue-reading-link\" href=\"https:\/\/sutequim.com\/?page_id=571\"><span>Continue reading<\/span><i class=\"crycon-right-dir\"><\/i><\/a> <\/p>\n","protected":false},"author":8,"featured_media":0,"parent":98,"menu_order":0,"comment_status":"closed","ping_status":"closed","template":"","meta":{"footnotes":""},"class_list":["post-571","page","type-page","status-publish","hentry"],"_links":{"self":[{"href":"https:\/\/sutequim.com\/index.php?rest_route=\/wp\/v2\/pages\/571","targetHints":{"allow":["GET"]}}],"collection":[{"href":"https:\/\/sutequim.com\/index.php?rest_route=\/wp\/v2\/pages"}],"about":[{"href":"https:\/\/sutequim.com\/index.php?rest_route=\/wp\/v2\/types\/page"}],"author":[{"embeddable":true,"href":"https:\/\/sutequim.com\/index.php?rest_route=\/wp\/v2\/users\/8"}],"replies":[{"embeddable":true,"href":"https:\/\/sutequim.com\/index.php?rest_route=%2Fwp%2Fv2%2Fcomments&post=571"}],"version-history":[{"count":6,"href":"https:\/\/sutequim.com\/index.php?rest_route=\/wp\/v2\/pages\/571\/revisions"}],"predecessor-version":[{"id":665,"href":"https:\/\/sutequim.com\/index.php?rest_route=\/wp\/v2\/pages\/571\/revisions\/665"}],"up":[{"embeddable":true,"href":"https:\/\/sutequim.com\/index.php?rest_route=\/wp\/v2\/pages\/98"}],"wp:attachment":[{"href":"https:\/\/sutequim.com\/index.php?rest_route=%2Fwp%2Fv2%2Fmedia&parent=571"}],"curies":[{"name":"wp","href":"https:\/\/api.w.org\/{rel}","templated":true}]}}