{"id":583,"date":"2020-09-08T13:35:48","date_gmt":"2020-09-08T13:35:48","guid":{"rendered":"https:\/\/sutequim.com\/?page_id=583"},"modified":"2020-09-08T13:38:39","modified_gmt":"2020-09-08T13:38:39","slug":"desinfectante-basado-en-amonio-cuaternario-20","status":"publish","type":"page","link":"https:\/\/sutequim.com\/?page_id=583","title":{"rendered":"DESINFECTANTE BASADO EN AMONIO CUATERNARIO 20%"},"content":{"rendered":"<p><img loading=\"lazy\" decoding=\"async\" class=\"size-medium wp-image-585 alignright\" src=\"https:\/\/sutequim.com\/wp-content\/uploads\/2020\/09\/limpieza-hospitales-300x149.jpg\" alt=\"\" width=\"300\" height=\"149\" srcset=\"https:\/\/sutequim.com\/wp-content\/uploads\/2020\/09\/limpieza-hospitales-300x149.jpg 300w, https:\/\/sutequim.com\/wp-content\/uploads\/2020\/09\/limpieza-hospitales-150x75.jpg 150w, https:\/\/sutequim.com\/wp-content\/uploads\/2020\/09\/limpieza-hospitales.jpg 640w\" sizes=\"auto, (max-width: 300px) 100vw, 300px\" \/>Se trata de un producto qu\u00edmico de alto poder desinfectante, germicida y bactericida especialmente formulado para la limpieza y saneamiento de \u00e1reas donde se requiere mantener un control de desinfecci\u00f3n profunda.Est\u00e1 formulado con agentes totalmente desinfectantes, para el esterilizado de espacios de trabajos, almacenamientos, salas de operaciones quir\u00fargicas, salas de atenci\u00f3n, etc.<\/p>\n<p>Es adem\u00e1s un producto especial para sanear tuber\u00edas conductoras de l\u00edquidos y polvos alimenticios, como leche, jugos, cremas l\u00e1cteas, bebidas refrescantes, etc.<\/p>\n<p>Est\u00e1 formulada con dos tipos de amonio cuaternario, productos etoxilados, agentes secuestrantes y\u00a0\u00a0 humectantes especiales, los cuales le confieren el poder germicida- bactericida aplicable tanto en aguas suaves como en aguas duras.<\/p>\n<p>Es un producto especial para ser aplicado en las siguientes \u00e1reas de trabajo:<\/p>\n<p>Limpieza y desinfecci\u00f3n de \u00e1reas alimenticias en general.<\/p>\n<p>Industrias de jugos pasteurizados, bebidas refrescantes, confiter\u00edas y reposter\u00edas, enlatados de conservas alimenticias, licoreras y cerveceras.<\/p>\n<p>Hospitales y cl\u00ednicas.<\/p>\n<p>Industrias av\u00edcolas, ganaderas, cochineras.<\/p>\n<p>Institutos y dependencias del estado como liceos y escuelas.<\/p>\n<h5><strong>Aplicaci\u00f3n y usos:<\/strong><\/h5>\n<p>Para limpieza de \u00e1reas de saneamiento, usar una diluci\u00f3n de un litro del producto, por cada 50-60 Lt.<\/p>\n<p>de agua, luego aplicarlo por asperjado o cualquier sistema de spray.<\/p>\n<p>Para limpieza en \u00e1reas de trabajo en la industria l\u00e1ctea, usar 1 litro del producto por cada 30 a 40 Lt. de agua, luego aplicarlo mediante spray o con esponjas o mopas.<\/p>\n<p>Para limpieza de tuber\u00edas conductoras de l\u00edquidos alimenticios usar 1 gal\u00f3n del producto por cada 100 Lt. de agua.<\/p>\n<p>Para efectuar limpieza y desinfecci\u00f3n de equipos de acero, m\u00e1quinas procesadoras de jugos, leche, cremas l\u00e1cteas, etc., usar 1 litro del producto por cada 160 Lt. de agua.<\/p>\n<p>Para la desinfecci\u00f3n de \u00e1reas superficiales de plantas de procesamiento de alimentos, preparar una diluci\u00f3n de 1 gal\u00f3n del producto por cada 200 Lt. de agua.<\/p>\n<h5><strong>Caracteristicas:<\/strong><\/h5>\n<p>&gt;\u00a0Desinfectante ultra\u00a0 concentrado.<\/p>\n<p>&gt;\u00a0Aplicaci\u00f3n por medio de aspersi\u00f3n, frotado o inmersi\u00f3n.<\/p>\n<p>&gt;\u00a0Elimina todo tipo de\u00a0 microorganismos<\/p>\n<p>&gt;\u00a0No ataca los equipos, utensilios ni superficies.<\/p>\n<p>&gt;\u00a0No tiene olor<\/p>\n<p>&gt; Puede ser usado en\u00a0 \u00e1reas hospitalarias y de alimentos.<\/p>\n<h5><strong>Precauciones:<\/strong><\/h5>\n<ul>\n<li>Mant\u00e9ngase fuera del alcance de los ni\u00f1os.<\/li>\n<li>Mantenga el envase cerrado y\u00a0 protegido.<\/li>\n<li>Evite contacto con los ojos.<\/li>\n<li>No ingerir.<\/li>\n<\/ul>\n","protected":false},"excerpt":{"rendered":"<p>Se trata de un producto qu\u00edmico de alto poder desinfectante, germicida y bactericida especialmente formulado para la limpieza y saneamiento de \u00e1reas donde se requiere mantener un control de desinfecci\u00f3n profunda.Est\u00e1 formulado con agentes totalmente desinfectantes, para el esterilizado de espacios de trabajos, almacenamientos, salas de operaciones quir\u00fargicas, salas de&#8230;<\/p>\n<p> <a class=\"continue-reading-link\" href=\"https:\/\/sutequim.com\/?page_id=583\"><span>Continue reading<\/span><i class=\"crycon-right-dir\"><\/i><\/a> <\/p>\n","protected":false},"author":8,"featured_media":0,"parent":98,"menu_order":0,"comment_status":"closed","ping_status":"closed","template":"","meta":{"footnotes":""},"class_list":["post-583","page","type-page","status-publish","hentry"],"_links":{"self":[{"href":"https:\/\/sutequim.com\/index.php?rest_route=\/wp\/v2\/pages\/583","targetHints":{"allow":["GET"]}}],"collection":[{"href":"https:\/\/sutequim.com\/index.php?rest_route=\/wp\/v2\/pages"}],"about":[{"href":"https:\/\/sutequim.com\/index.php?rest_route=\/wp\/v2\/types\/page"}],"author":[{"embeddable":true,"href":"https:\/\/sutequim.com\/index.php?rest_route=\/wp\/v2\/users\/8"}],"replies":[{"embeddable":true,"href":"https:\/\/sutequim.com\/index.php?rest_route=%2Fwp%2Fv2%2Fcomments&post=583"}],"version-history":[{"count":3,"href":"https:\/\/sutequim.com\/index.php?rest_route=\/wp\/v2\/pages\/583\/revisions"}],"predecessor-version":[{"id":587,"href":"https:\/\/sutequim.com\/index.php?rest_route=\/wp\/v2\/pages\/583\/revisions\/587"}],"up":[{"embeddable":true,"href":"https:\/\/sutequim.com\/index.php?rest_route=\/wp\/v2\/pages\/98"}],"wp:attachment":[{"href":"https:\/\/sutequim.com\/index.php?rest_route=%2Fwp%2Fv2%2Fmedia&parent=583"}],"curies":[{"name":"wp","href":"https:\/\/api.w.org\/{rel}","templated":true}]}}